{"id":16868,"date":"2025-07-15T11:02:31","date_gmt":"2025-07-15T09:02:31","guid":{"rendered":"https:\/\/foxit-technology.com\/proizvod\/kamin-na-pelet-mareli-onyx\/"},"modified":"2025-07-17T11:59:43","modified_gmt":"2025-07-17T09:59:43","slug":"kamin-na-pelet-mareli-onyx","status":"publish","type":"product","link":"https:\/\/hidroterm.dmcsrbija.com\/ru\/proizvod\/kamin-na-pelet-mareli-onyx\/","title":{"rendered":"Kamin na pelet Mareli Onyx"},"content":{"rendered":"<p><b>Kamin na pelet MARELI ONYX<\/b><\/p>\n<p>&nbsp;<\/p>\n<p>Mareli model ONYX poseduje touch screen displej, spremnik koji se zatvara vakumski (nemogu\u0107nost pojavljivanja povratne vatre), mehanizam tj. motor za samo\u010di\u0161\u0107enje turbulatora.<\/p>\n<p>Automatizovano \u010di\u0161\u0107enje&nbsp;re\u0161etke za sagorevanje, a \u010di\u0161\u0107enje&nbsp;turbulatora se odvija povla\u010denjem&nbsp;ru\u010dice&nbsp;za tu namenu.&nbsp;<\/p>\n<p>Dostupno u bojama: crna, bela, krem, bordo, siva.&nbsp;<\/p>\n<p>Dostupan i u modernijoj varijanti sa <span style=\"color: #ff0000;\">full glass dekorativnim staklom<\/span>.<\/p>\n<p><strong><em>Napomena: Pu\u0161tanje u rad je ura\u010dunato u cenu.<\/em><\/strong><\/p>","protected":false},"excerpt":{"rendered":"<p>Kamin na pelet MARELI ONYX &nbsp; Mareli model ONYX poseduje touch screen displej, spremnik koji se zatvara vakumski (nemogu\u0107nost pojavljivanja povratne vatre), mehanizam tj. motor za samo\u010di\u0161\u0107enje turbulatora. Automatizovano \u010di\u0161\u0107enje&nbsp;re\u0161etke za sagorevanje, a \u010di\u0161\u0107enje&nbsp;turbulatora se odvija povla\u010denjem&nbsp;ru\u010dice&nbsp;za tu namenu.&nbsp; Dostupno u bojama: crna, bela, krem, bordo, siva.&nbsp; Dostupan i u modernijoj varijanti sa full glass [&hellip;]<\/p>\n","protected":false},"featured_media":16869,"template":"","meta":[],"product_brand":[4192],"product_cat":[4208,4205],"product_tag":[],"class_list":{"0":"post-16868","1":"product","2":"type-product","3":"status-publish","4":"has-post-thumbnail","6":"product_brand-mareli","7":"product_cat-kotlovi-i-kamini-na-pelet-kotlovi-i-kamini-na-pelet","8":"product_cat-kotlovi-i-kamini-na-pelet","10":"first","11":"instock","12":"purchasable","13":"product-type-simple"},"_links":{"self":[{"href":"https:\/\/hidroterm.dmcsrbija.com\/ru\/wp-json\/wp\/v2\/product\/16868","targetHints":{"allow":["GET"]}}],"collection":[{"href":"https:\/\/hidroterm.dmcsrbija.com\/ru\/wp-json\/wp\/v2\/product"}],"about":[{"href":"https:\/\/hidroterm.dmcsrbija.com\/ru\/wp-json\/wp\/v2\/types\/product"}],"wp:featuredmedia":[{"embeddable":true,"href":"https:\/\/hidroterm.dmcsrbija.com\/ru\/wp-json\/wp\/v2\/media\/16869"}],"wp:attachment":[{"href":"https:\/\/hidroterm.dmcsrbija.com\/ru\/wp-json\/wp\/v2\/media?parent=16868"}],"wp:term":[{"taxonomy":"product_brand","embeddable":true,"href":"https:\/\/hidroterm.dmcsrbija.com\/ru\/wp-json\/wp\/v2\/product_brand?post=16868"},{"taxonomy":"product_cat","embeddable":true,"href":"https:\/\/hidroterm.dmcsrbija.com\/ru\/wp-json\/wp\/v2\/product_cat?post=16868"},{"taxonomy":"product_tag","embeddable":true,"href":"https:\/\/hidroterm.dmcsrbija.com\/ru\/wp-json\/wp\/v2\/product_tag?post=16868"}],"curies":[{"name":"wp","href":"https:\/\/api.w.org\/{rel}","templated":true}]}}