{"id":16866,"date":"2025-07-15T11:02:31","date_gmt":"2025-07-15T09:02:31","guid":{"rendered":"https:\/\/foxit-technology.com\/proizvod\/sobni-termostat-visezonski-bezicni-q8\/"},"modified":"2025-07-15T11:02:35","modified_gmt":"2025-07-15T09:02:35","slug":"sobni-termostat-visezonski-bezicni-q8","status":"publish","type":"product","link":"https:\/\/hidroterm.dmcsrbija.com\/ru\/proizvod\/sobni-termostat-visezonski-bezicni-q8\/","title":{"rendered":"Sobni termostat vi\u0161ezonski be\u017ei\u010dni Q8"},"content":{"rendered":"<p>Programabilni, digitalni sobni termostat sa radiofrekvencijom za vi\u0161e zona grejanja<\/p>\n<p>Osnovni paket ure\u0111aja sadr\u017ei dva termostata i jedan prijemnik. Po potrebi, ure\u0111aj se mo\u017ee pro\u0161iriti sa jo\u0161 dva termostata i sa konektorom koji se upravlja radiofrekventnim termostatom &#8211; tipa COMPUTHERM Q1 RX.<br \/>Prijemnik prima signale uklju\u010denja i isklju\u010denja sa termostata, upravlja kotlom i daje komandni signal za otvaranje i zatvaranje zonskih ventila grejanja (1 zona po termostatu, ukupno maksimalno 4 zone, mogu\u0107nost optere\u0107enja po zonama 230V AC \/maks. 1A \/0,3A induktivno).<br \/>Podelom sistema grejanja na zone, pojedine zone se mogu zagrejavati nezavisno, ili po potrebi, sve zone zajedno, te tako se stvara mogu\u0107nost za to, da uvek one prostorije budu zagrejane koje se koriste (npr. preko dana dnevna soba i kupatilo, a no\u0107u spava\u0107a soba).<br \/>Kontakt izme\u0111u termostata i prijemnika se odr\u017eava radio-frekvencijama, te nije potrebno instaliranje kablova izme\u0111u termostata i kotla.<br \/>Termostat mo\u017ee se slobodno preme\u0161tati unutar dometa. Veza sa kotlom se obezbe\u0111uje radio-frekvencijama. Nesmetani rad garantuje sopstveni sigurnosni kod.<br \/>Za svaki dan u nedelji mo\u017ee se izraditi poseban temperaturni program.<br \/>Mogu\u0107nost pode\u0161avanja 6 vremena uklju\u010denja dnevno, a uz svako vreme se mo\u017ee podesiti posebna temperatura.<br \/>Mogu\u0107nost izbora osetljivosti uklju\u010denja za radijatorsko ili za podno grejanje.<br \/>Dobro vidljivi LCD displej, koji pokazuje izmerenu i pode\u0161enu temperaturu, vreme, broj programa odnosno druge podatke funkcionisanja. Za lak\u0161e pode\u0161avanje pozadina displeja se osvetljava.<br \/>Za\u0161titna funkcija pumpe, koja \u0161titi pumpu kotla od zaglavljivanja.<br \/>Jednostavno programiranje. Pode\u0161avanje programa koji se ponavljaju olak\u0161an je funkcijom COPY.<br \/>\u010cetiri razli\u010dite mogu\u0107nosti za privremenu izmenu programirane temperature:<\/p>\n<ul>\n<li>promena temperature do uklju\u010denja slede\u0107eg programa<\/li>\n<li>promena temperature na period od 1 do 9 sati (party-program)<\/li>\n<li>promena temperature na period od 1 do 99 dana (program za godi\u0161nji odmor)<\/li>\n<li>promena temperature do slede\u0107e manualne intervencije (isklju\u010denje programa).<\/li>\n<\/ul>","protected":false},"excerpt":{"rendered":"<p>Programabilni, digitalni sobni termostat sa radiofrekvencijom za vi\u0161e zona grejanja Osnovni paket ure\u0111aja sadr\u017ei dva termostata i jedan prijemnik. Po potrebi, ure\u0111aj se mo\u017ee pro\u0161iriti sa jo\u0161 dva termostata i sa konektorom koji se upravlja radiofrekventnim termostatom &#8211; tipa COMPUTHERM Q1 RX.Prijemnik prima signale uklju\u010denja i isklju\u010denja sa termostata, upravlja kotlom i daje komandni signal [&hellip;]<\/p>\n","protected":false},"featured_media":16867,"template":"","meta":[],"product_brand":[],"product_cat":[4317],"product_tag":[],"class_list":{"0":"post-16866","1":"product","2":"type-product","3":"status-publish","4":"has-post-thumbnail","6":"product_cat-sobni-termostati","8":"first","9":"instock","10":"purchasable","11":"product-type-simple"},"_links":{"self":[{"href":"https:\/\/hidroterm.dmcsrbija.com\/ru\/wp-json\/wp\/v2\/product\/16866","targetHints":{"allow":["GET"]}}],"collection":[{"href":"https:\/\/hidroterm.dmcsrbija.com\/ru\/wp-json\/wp\/v2\/product"}],"about":[{"href":"https:\/\/hidroterm.dmcsrbija.com\/ru\/wp-json\/wp\/v2\/types\/product"}],"wp:featuredmedia":[{"embeddable":true,"href":"https:\/\/hidroterm.dmcsrbija.com\/ru\/wp-json\/wp\/v2\/media\/16867"}],"wp:attachment":[{"href":"https:\/\/hidroterm.dmcsrbija.com\/ru\/wp-json\/wp\/v2\/media?parent=16866"}],"wp:term":[{"taxonomy":"product_brand","embeddable":true,"href":"https:\/\/hidroterm.dmcsrbija.com\/ru\/wp-json\/wp\/v2\/product_brand?post=16866"},{"taxonomy":"product_cat","embeddable":true,"href":"https:\/\/hidroterm.dmcsrbija.com\/ru\/wp-json\/wp\/v2\/product_cat?post=16866"},{"taxonomy":"product_tag","embeddable":true,"href":"https:\/\/hidroterm.dmcsrbija.com\/ru\/wp-json\/wp\/v2\/product_tag?post=16866"}],"curies":[{"name":"wp","href":"https:\/\/api.w.org\/{rel}","templated":true}]}}