{"id":16864,"date":"2025-07-15T11:02:31","date_gmt":"2025-07-15T09:02:31","guid":{"rendered":"https:\/\/foxit-technology.com\/proizvod\/sobni-termostat-nero-programski-bezicni-nt7-rf\/"},"modified":"2025-07-15T11:02:35","modified_gmt":"2025-07-15T09:02:35","slug":"sobni-termostat-nero-programski-bezicni-nt7-rf","status":"publish","type":"product","link":"https:\/\/hidroterm.dmcsrbija.com\/ru\/proizvod\/sobni-termostat-nero-programski-bezicni-nt7-rf\/","title":{"rendered":"Sobni termostat NERO programski be\u017ei\u010dni NT7 RF"},"content":{"rendered":"<p>Model NT7 RF, koristi se za regulisanje funkcija grejanja. Termostat se mo\u017ee programirati prema potrebama korisnika u cilju zagrevanja prostorija. Termostat je mogu\u0107e podesiti na odre\u0111enu temperaturu za vremenski period koji korisnik \u017eeli, \u010dime se obezbe\u0111uje komfor, kao i u\u0161teda energije. Za svaki dan u toku nedelje mogu\u0107e je podesiti temperaturu za odre\u0111eni vremenski period. Termostat ima opciju pode\u0161avanja za \u0161est razli\u010ditih vremenskih termina uklju\u010denja po slobodnom izboru u desetominutnim sekvencama, a uz svaki termin uklju\u010divanja mogu se podesiti temperature &#8211; u sekvencama od po 0,5\u00b0C, a postoji i jedan fiksni program za svaki dan. Veza izme\u0111u termostata i prijemnika uspostavlja se putem radio frekvencije<\/p>\n<p>Prednosti:<br \/>&#8211; Pri renoviranju prostora nema potrebe naknadno postavljati instalaciju kako bi se termostat povezao sa ure\u0111ajem \u010diji rad kontroli\u0161e.<br \/>&#8211; Ure\u0111aj je mogu\u0107e dr\u017eati u bilo kojoj prostoriji po \u017eelji korisnika.<\/p>\n<p>Tehnilki podaci termostata (predajnika):<br \/>&#8211; Opseg merenja temperature: 0 &#8211; 35 \u00b0C ( sekvenca od po 0,1\u00b0C)<br \/>&#8211; Opseg pode\u0161avanja temperature: 5 &#8211; 35 \u00b0C ( sekvenca od po 0,5 \u00b0C)<br \/>&#8211; Preciznost merenja temperature: \u00b1 0,5 \u00b0C<br \/>&#8211; Opseg kalibracije termostata: \u00b1 3\u00b0C ( sekvenca od po 0,1 \u00b0C)<br \/>&#8211; Izbor osetljivosti uklju\u010divanja: ( \u00b1 0,1; \u00b1 0,2 ) \u00b0C<br \/>&#8211; Radna temperatura: ( od &#8211; 10 do + 40 ) \u00b0C<br \/>&#8211; Napon napajanja: 2&#215;1.5V alkalne baterije (tip LR6)<br \/>&#8211; Rani napon: 1,3 mW<br \/>&#8211; Radna frekvencija: 868,35 MHZ<br \/>&#8211; Opseg frekvencije: 868-868,6MHz<br \/>&#8211; Dimenzije: 130 x 80 x 35 mm<br \/>&#8211; Masa: 154 g<\/p>\n<p>Tehni\u010dki podaci prijemnika:<br \/>&#8211; Napon napajanja: 230V AC 50Hz<br \/>&#8211; Potro\u0161nja u vatima: 6W<br \/>&#8211; Priklju\u010dni napon: 24V AC\/DC, 250V AC 50Hz<br \/>&#8211; Priklju\u010dna ja\u010dina struje: 6A (2A induktivnog optere\u0107enja)<br \/>&#8211; Domet: ~ 50 m u dijametru<br \/>&#8211; Masa: 150 g<\/p>","protected":false},"excerpt":{"rendered":"<p>Model NT7 RF, koristi se za regulisanje funkcija grejanja. Termostat se mo\u017ee programirati prema potrebama korisnika u cilju zagrevanja prostorija. Termostat je mogu\u0107e podesiti na odre\u0111enu temperaturu za vremenski period koji korisnik \u017eeli, \u010dime se obezbe\u0111uje komfor, kao i u\u0161teda energije. Za svaki dan u toku nedelje mogu\u0107e je podesiti temperaturu za odre\u0111eni vremenski period. [&hellip;]<\/p>\n","protected":false},"featured_media":16865,"template":"","meta":[],"product_brand":[4338],"product_cat":[4317],"product_tag":[],"class_list":{"0":"post-16864","1":"product","2":"type-product","3":"status-publish","4":"has-post-thumbnail","6":"product_brand-nero","7":"product_cat-sobni-termostati","9":"first","10":"instock","11":"purchasable","12":"product-type-simple"},"_links":{"self":[{"href":"https:\/\/hidroterm.dmcsrbija.com\/ru\/wp-json\/wp\/v2\/product\/16864","targetHints":{"allow":["GET"]}}],"collection":[{"href":"https:\/\/hidroterm.dmcsrbija.com\/ru\/wp-json\/wp\/v2\/product"}],"about":[{"href":"https:\/\/hidroterm.dmcsrbija.com\/ru\/wp-json\/wp\/v2\/types\/product"}],"wp:featuredmedia":[{"embeddable":true,"href":"https:\/\/hidroterm.dmcsrbija.com\/ru\/wp-json\/wp\/v2\/media\/16865"}],"wp:attachment":[{"href":"https:\/\/hidroterm.dmcsrbija.com\/ru\/wp-json\/wp\/v2\/media?parent=16864"}],"wp:term":[{"taxonomy":"product_brand","embeddable":true,"href":"https:\/\/hidroterm.dmcsrbija.com\/ru\/wp-json\/wp\/v2\/product_brand?post=16864"},{"taxonomy":"product_cat","embeddable":true,"href":"https:\/\/hidroterm.dmcsrbija.com\/ru\/wp-json\/wp\/v2\/product_cat?post=16864"},{"taxonomy":"product_tag","embeddable":true,"href":"https:\/\/hidroterm.dmcsrbija.com\/ru\/wp-json\/wp\/v2\/product_tag?post=16864"}],"curies":[{"name":"wp","href":"https:\/\/api.w.org\/{rel}","templated":true}]}}