{"id":16862,"date":"2025-07-15T11:02:31","date_gmt":"2025-07-15T09:02:31","guid":{"rendered":"https:\/\/foxit-technology.com\/proizvod\/tecni-teflon-loxeal\/"},"modified":"2025-07-15T11:02:34","modified_gmt":"2025-07-15T09:02:34","slug":"tecni-teflon-loxeal","status":"publish","type":"product","link":"https:\/\/hidroterm.dmcsrbija.com\/ru\/proizvod\/tecni-teflon-loxeal\/","title":{"rendered":"Te\u010dni teflon Loxeal"},"content":{"rendered":"<p>Te\u010dni teflon Loxeal namenjen je za zaptivanje i koristi se umesto ku\u010dine ili teflon trake.&nbsp;Pogodan za instalacije gasa (do 20bar), kiseonika (do 10bar), ugljovodonika, ulja ili pija\u0107u vodu i u instalacijama procesiranja hrane.<\/p>","protected":false},"excerpt":{"rendered":"<p>Te\u010dni teflon Loxeal namenjen je za zaptivanje i koristi se umesto ku\u010dine ili teflon trake.&nbsp;Pogodan za instalacije gasa (do 20bar), kiseonika (do 10bar), ugljovodonika, ulja ili pija\u0107u vodu i u instalacijama procesiranja hrane.<\/p>","protected":false},"featured_media":16863,"template":"","meta":[],"product_brand":[],"product_cat":[4321],"product_tag":[],"class_list":{"0":"post-16862","1":"product","2":"type-product","3":"status-publish","4":"has-post-thumbnail","6":"product_cat-montazni-materijal","8":"first","9":"instock","10":"purchasable","11":"product-type-simple"},"_links":{"self":[{"href":"https:\/\/hidroterm.dmcsrbija.com\/ru\/wp-json\/wp\/v2\/product\/16862","targetHints":{"allow":["GET"]}}],"collection":[{"href":"https:\/\/hidroterm.dmcsrbija.com\/ru\/wp-json\/wp\/v2\/product"}],"about":[{"href":"https:\/\/hidroterm.dmcsrbija.com\/ru\/wp-json\/wp\/v2\/types\/product"}],"wp:featuredmedia":[{"embeddable":true,"href":"https:\/\/hidroterm.dmcsrbija.com\/ru\/wp-json\/wp\/v2\/media\/16863"}],"wp:attachment":[{"href":"https:\/\/hidroterm.dmcsrbija.com\/ru\/wp-json\/wp\/v2\/media?parent=16862"}],"wp:term":[{"taxonomy":"product_brand","embeddable":true,"href":"https:\/\/hidroterm.dmcsrbija.com\/ru\/wp-json\/wp\/v2\/product_brand?post=16862"},{"taxonomy":"product_cat","embeddable":true,"href":"https:\/\/hidroterm.dmcsrbija.com\/ru\/wp-json\/wp\/v2\/product_cat?post=16862"},{"taxonomy":"product_tag","embeddable":true,"href":"https:\/\/hidroterm.dmcsrbija.com\/ru\/wp-json\/wp\/v2\/product_tag?post=16862"}],"curies":[{"name":"wp","href":"https:\/\/api.w.org\/{rel}","templated":true}]}}