{"id":16856,"date":"2025-07-15T11:02:31","date_gmt":"2025-07-15T09:02:31","guid":{"rendered":"https:\/\/foxit-technology.com\/proizvod\/multibox-c-rtl-heimeier\/"},"modified":"2025-09-26T15:37:30","modified_gmt":"2025-09-26T13:37:30","slug":"multibox-c-rtl-heimeier","status":"publish","type":"product","link":"https:\/\/hidroterm.dmcsrbija.com\/ru\/proizvod\/multibox-c-rtl-heimeier\/","title":{"rendered":"Multibox C\/RTL Heimeier"},"content":{"rendered":"<h2 data-start=\"237\" data-end=\"343\">Multibox C\/RTL Heimeier \u2013 kombinovani regulator temperature i limitator povratne vode za podno grejanje<\/h2>\n<p data-start=\"345\" data-end=\"705\"><strong data-start=\"345\" data-end=\"372\">Multibox C\/RTL Heimeier<\/strong> je multifunkcionalni zidni element koji kombinuje <strong data-start=\"423\" data-end=\"472\">termostatsku regulaciju sobne temperature (C)<\/strong> i <strong data-start=\"475\" data-end=\"520\">limitator temperature povratne vode (RTL)<\/strong> u jednom ure\u0111aju. Namenjen je za <strong data-start=\"554\" data-end=\"591\">nezavisne krugove podnog grejanja<\/strong> u prostorijama kao \u0161to su kupatila, kuhinje i hodnici \u2013 posebno u kombinaciji sa sistemom radijatorskog grejanja.<\/p>\n<p data-start=\"707\" data-end=\"836\">Ugradnjom Multibox C\/RTL omogu\u0107ava se <strong data-start=\"745\" data-end=\"835\">precizna i bezbedna kontrola podnog grejanja bez potrebe za dodatnim me\u0161aju\u0107im grupama<\/strong>.<\/p>\n<hr data-start=\"838\" data-end=\"841\" \/>\n<h3 data-start=\"843\" data-end=\"870\"><strong>Tehni\u010dke karakteristike<\/strong><\/h3>\n<ul data-start=\"872\" data-end=\"1534\">\n<li data-start=\"921\" data-end=\"978\">\n<p data-start=\"923\" data-end=\"978\"><strong data-start=\"923\" data-end=\"935\">Funkcija<\/strong>: Termostatska regulacija + RTL limitator<\/p>\n<\/li>\n<li data-start=\"979\" data-end=\"1023\">\n<p data-start=\"981\" data-end=\"1023\"><strong data-start=\"981\" data-end=\"995\">Priklju\u010dci<\/strong>: G1\/2&#8243; \u2013 unutra\u0161nji navoj<\/p>\n<\/li>\n<li data-start=\"1024\" data-end=\"1073\">\n<p data-start=\"1026\" data-end=\"1073\"><strong data-start=\"1026\" data-end=\"1037\">Monta\u017ea<\/strong>: Zidna (ugradna kutija uklju\u010dena)<\/p>\n<\/li>\n<li data-start=\"1074\" data-end=\"1131\">\n<p data-start=\"1076\" data-end=\"1131\"><strong data-start=\"1076\" data-end=\"1113\">Pode\u0161avanje sobne temperature (C)<\/strong>: od 6\u00b0C do 28\u00b0C<\/p>\n<\/li>\n<li data-start=\"1132\" data-end=\"1188\">\n<p data-start=\"1134\" data-end=\"1188\"><strong data-start=\"1134\" data-end=\"1169\">Pode\u0161avanje RTL (povratne vode)<\/strong>: od 20\u00b0C do 50\u00b0C<\/p>\n<\/li>\n<li data-start=\"1189\" data-end=\"1223\">\n<p data-start=\"1191\" data-end=\"1223\"><strong data-start=\"1191\" data-end=\"1212\">Radna temperatura<\/strong>: do 90\u00b0C<\/p>\n<\/li>\n<li data-start=\"1224\" data-end=\"1258\">\n<p data-start=\"1226\" data-end=\"1258\"><strong data-start=\"1226\" data-end=\"1244\">Radni pritisak<\/strong>: do 10 bara<\/p>\n<\/li>\n<li data-start=\"1259\" data-end=\"1331\">\n<p data-start=\"1261\" data-end=\"1331\"><strong data-start=\"1261\" data-end=\"1282\">Materijal ku\u0107i\u0161ta<\/strong>: ABS plastika (front), mesing i \u010delik (ventil)<\/p>\n<\/li>\n<li data-start=\"1332\" data-end=\"1374\">\n<p data-start=\"1334\" data-end=\"1374\"><strong data-start=\"1334\" data-end=\"1344\">Senzor<\/strong>: Te\u010dni termostatski element<\/p>\n<\/li>\n<li data-start=\"1375\" data-end=\"1438\">\n<p data-start=\"1377\" data-end=\"1438\"><strong data-start=\"1377\" data-end=\"1395\">Tip priklju\u010dka<\/strong>: Donji i bo\u010dni, u zavisnosti od pozicije<\/p>\n<\/li>\n<li data-start=\"1439\" data-end=\"1480\">\n<p data-start=\"1441\" data-end=\"1480\"><strong data-start=\"1441\" data-end=\"1456\">Sertifikati<\/strong>: EN 215, CE, ISO 9001<\/p>\n<\/li>\n<li data-start=\"1481\" data-end=\"1534\">\n<p data-start=\"1483\" data-end=\"1534\"><strong data-start=\"1483\" data-end=\"1497\">Proizvo\u0111a\u010d<\/strong>: Heimeier \u2013 IMI Hydronic Engineering<\/p>\n<\/li>\n<\/ul>\n<hr data-start=\"1536\" data-end=\"1539\" \/>\n<h3 data-start=\"1541\" data-end=\"1552\"><strong>Primena<\/strong><\/h3>\n<p data-start=\"1554\" data-end=\"1595\"><strong data-start=\"1554\" data-end=\"1572\">Multibox C\/RTL<\/strong> je idealno re\u0161enje za:<\/p>\n<ul data-start=\"1597\" data-end=\"1912\">\n<li data-start=\"1597\" data-end=\"1674\">\n<p data-start=\"1599\" data-end=\"1674\"><strong data-start=\"1602\" data-end=\"1644\">Podno grejanje pojedina\u010dnih prostorija<\/strong> (kupatilo, kuhinja, hodnik)<\/p>\n<\/li>\n<li data-start=\"1675\" data-end=\"1732\">\n<p data-start=\"1677\" data-end=\"1732\"><strong data-start=\"1680\" data-end=\"1730\">Kombinaciju sa radijatorskim sistemom grejanja<\/strong><\/p>\n<\/li>\n<li data-start=\"1733\" data-end=\"1802\"><strong data-start=\"1808\" data-end=\"1833\">Sanacije i adaptacije<\/strong> u stambenim objektima<\/li>\n<li data-start=\"1858\" data-end=\"1912\">\n<p data-start=\"1860\" data-end=\"1912\"><strong data-start=\"1863\" data-end=\"1912\">Novogradnju i energetski efikasne instalacije<\/strong><\/p>\n<\/li>\n<\/ul>\n<hr data-start=\"1914\" data-end=\"1917\" \/>\n<h3 data-start=\"1919\" data-end=\"1932\"><strong>Prednosti<\/strong><\/h3>\n<ul>\n<li data-start=\"1934\" data-end=\"2400\"><strong data-start=\"1936\" data-end=\"1953\">2-u-1 re\u0161enje<\/strong> \u2013 sobna termoregulacija + limitator temperature povratne vode<\/li>\n<li data-start=\"1934\" data-end=\"2400\"><strong data-start=\"2020\" data-end=\"2042\">Bez me\u0161aju\u0107e grupe<\/strong> \u2013 idealno za prostore sa malom potro\u0161njom toplote<\/li>\n<li data-start=\"1934\" data-end=\"2400\"><strong data-start=\"2097\" data-end=\"2116\">Ugradna monta\u017ea<\/strong> \u2013 estetski diskretno re\u0161enje koje \u0161tedi prostor<\/li>\n<li data-start=\"1934\" data-end=\"2400\"><strong data-start=\"2169\" data-end=\"2205\">Precizno pode\u0161avanje temperature<\/strong> \u2013 nezavisno za sobu i za povratni krug<\/li>\n<li data-start=\"1934\" data-end=\"2400\"><strong data-start=\"2249\" data-end=\"2278\">Pouzdan Heimeier kvalitet<\/strong> \u2013 dug vek trajanja, bez curenja i kvarova<\/li>\n<li data-start=\"1934\" data-end=\"2400\"><strong data-start=\"2325\" data-end=\"2363\">Jednostavno odr\u017eavanje i rukovanje<\/strong> \u2013 lako dostupna kontrola temperature<\/li>\n<\/ul>","protected":false},"excerpt":{"rendered":"<p><strong data-start=\"2422\" data-end=\"2449\">Multibox C\/RTL Heimeier<\/strong> je pametno re\u0161enje za podno grejanje u manjim prostorijama kada \u017eelite <strong data-start=\"2520\" data-end=\"2581\">potpunu kontrolu temperature uz minimalan broj komponenti<\/strong>. Kombinovanjem sobnog termostata i RTL ventila u jednom ku\u0107i\u0161tu, \u0161tedite prostor, vreme monta\u017ee i novac \u2013 uz pouzdanost brenda <strong data-start=\"2708\" data-end=\"2720\">\u0425\u0430\u0439\u043c\u0435\u0439\u0435\u0440<\/strong>.<\/p>","protected":false},"featured_media":16857,"template":"","meta":[],"product_brand":[4295],"product_cat":[4299,4484],"product_tag":[],"class_list":{"0":"post-16856","1":"product","2":"type-product","3":"status-publish","4":"has-post-thumbnail","6":"product_brand-heimeier","7":"product_cat-armatura","8":"product_cat-heimeier-armatura","10":"first","11":"onbackorder","12":"purchasable","13":"product-type-simple"},"_links":{"self":[{"href":"https:\/\/hidroterm.dmcsrbija.com\/ru\/wp-json\/wp\/v2\/product\/16856","targetHints":{"allow":["GET"]}}],"collection":[{"href":"https:\/\/hidroterm.dmcsrbija.com\/ru\/wp-json\/wp\/v2\/product"}],"about":[{"href":"https:\/\/hidroterm.dmcsrbija.com\/ru\/wp-json\/wp\/v2\/types\/product"}],"wp:featuredmedia":[{"embeddable":true,"href":"https:\/\/hidroterm.dmcsrbija.com\/ru\/wp-json\/wp\/v2\/media\/16857"}],"wp:attachment":[{"href":"https:\/\/hidroterm.dmcsrbija.com\/ru\/wp-json\/wp\/v2\/media?parent=16856"}],"wp:term":[{"taxonomy":"product_brand","embeddable":true,"href":"https:\/\/hidroterm.dmcsrbija.com\/ru\/wp-json\/wp\/v2\/product_brand?post=16856"},{"taxonomy":"product_cat","embeddable":true,"href":"https:\/\/hidroterm.dmcsrbija.com\/ru\/wp-json\/wp\/v2\/product_cat?post=16856"},{"taxonomy":"product_tag","embeddable":true,"href":"https:\/\/hidroterm.dmcsrbija.com\/ru\/wp-json\/wp\/v2\/product_tag?post=16856"}],"curies":[{"name":"wp","href":"https:\/\/api.w.org\/{rel}","templated":true}]}}