{"id":16854,"date":"2025-07-15T11:02:31","date_gmt":"2025-07-15T09:02:31","guid":{"rendered":"https:\/\/foxit-technology.com\/proizvod\/toplotna-pumpa-viessmann-vitocal-100s-za-grejanje\/"},"modified":"2025-07-15T11:02:33","modified_gmt":"2025-07-15T09:02:33","slug":"toplotna-pumpa-viessmann-vitocal-100s-za-grejanje","status":"publish","type":"product","link":"https:\/\/hidroterm.dmcsrbija.com\/ru\/proizvod\/toplotna-pumpa-viessmann-vitocal-100s-za-grejanje\/","title":{"rendered":"Toplotna pumpa Viessmann Vitocal 100S &#8211; za grejanje"},"content":{"rendered":"<p><strong>Karakteristike:<\/strong><\/p>\n<ul>\n<li>Klasa energetske efikasnosti A+<\/li>\n<li>Niski radni tro\u0161kovi zahvaljuju\u0107i visokoj COP vrednosti (COP = Coefficijent of Performance\/faktor grejanja) u skladu sa EN 14511: do 4,8 (A7\/W35) i do 3,6 (a2\/W35)<\/li>\n<li>Regulacija kapaciteta i DC invertor za visoku efikasnost u podru\u010dju delimi\u010dnog optere\u0107enja<\/li>\n<li>Maksimalna temperatura polaznog voda od 55 \u00baC, mogu\u0107 rad u re\u017eimu grejanja do spolja\u0161nje temperature od -22 \u00baC<\/li>\n<li>Unutra\u0161nja jedinica sa visoko efikasnom cirkulacionom pumpom (klasa energetske efikasnosti A), izmenjiva\u010dem toplote. 3-krakim preklopnim ventilom, sigurnosnom armaturom i regulacijom, a kod varijante za grejanje\/hla\u0111enje i sa integrisanim proto\u010dnim greja\u010dem vode za grejanje od 9kW<\/li>\n<li>Vitotronic regulacija sa displejem za prikazivanje teksta i grafika jednostavna je za rukovanje<\/li>\n<li>Komforna zbog reverzibilneverzije koja omogu\u0107ava hla\u0111enje i grejanje<\/li>\n<\/ul>","protected":false},"excerpt":{"rendered":"<p>Karakteristike: Klasa energetske efikasnosti A+ Niski radni tro\u0161kovi zahvaljuju\u0107i visokoj COP vrednosti (COP = Coefficijent of Performance\/faktor grejanja) u skladu sa EN 14511: do 4,8 (A7\/W35) i do 3,6 (a2\/W35) Regulacija kapaciteta i DC invertor za visoku efikasnost u podru\u010dju delimi\u010dnog optere\u0107enja Maksimalna temperatura polaznog voda od 55 \u00baC, mogu\u0107 rad u re\u017eimu grejanja do [&hellip;]<\/p>\n","protected":false},"featured_media":16855,"template":"","meta":[],"product_brand":[4227],"product_cat":[4335],"product_tag":[],"class_list":{"0":"post-16854","1":"product","2":"type-product","3":"status-publish","4":"has-post-thumbnail","6":"product_brand-viessmann","7":"product_cat-toplotne-pumpe","9":"first","10":"instock","11":"purchasable","12":"product-type-simple"},"_links":{"self":[{"href":"https:\/\/hidroterm.dmcsrbija.com\/ru\/wp-json\/wp\/v2\/product\/16854","targetHints":{"allow":["GET"]}}],"collection":[{"href":"https:\/\/hidroterm.dmcsrbija.com\/ru\/wp-json\/wp\/v2\/product"}],"about":[{"href":"https:\/\/hidroterm.dmcsrbija.com\/ru\/wp-json\/wp\/v2\/types\/product"}],"wp:featuredmedia":[{"embeddable":true,"href":"https:\/\/hidroterm.dmcsrbija.com\/ru\/wp-json\/wp\/v2\/media\/16855"}],"wp:attachment":[{"href":"https:\/\/hidroterm.dmcsrbija.com\/ru\/wp-json\/wp\/v2\/media?parent=16854"}],"wp:term":[{"taxonomy":"product_brand","embeddable":true,"href":"https:\/\/hidroterm.dmcsrbija.com\/ru\/wp-json\/wp\/v2\/product_brand?post=16854"},{"taxonomy":"product_cat","embeddable":true,"href":"https:\/\/hidroterm.dmcsrbija.com\/ru\/wp-json\/wp\/v2\/product_cat?post=16854"},{"taxonomy":"product_tag","embeddable":true,"href":"https:\/\/hidroterm.dmcsrbija.com\/ru\/wp-json\/wp\/v2\/product_tag?post=16854"}],"curies":[{"name":"wp","href":"https:\/\/api.w.org\/{rel}","templated":true}]}}