{"id":16850,"date":"2025-07-15T11:02:31","date_gmt":"2025-07-15T09:02:31","guid":{"rendered":"https:\/\/foxit-technology.com\/proizvod\/monoblok-toplotna-pumpa-vazduh-voda-vitocal-100-a-40-do-193-kw\/"},"modified":"2025-07-15T11:02:32","modified_gmt":"2025-07-15T09:02:32","slug":"monoblok-toplotna-pumpa-vazduh-voda-vitocal-100-a-40-do-193-kw","status":"publish","type":"product","link":"https:\/\/hidroterm.dmcsrbija.com\/ru\/proizvod\/monoblok-toplotna-pumpa-vazduh-voda-vitocal-100-a-40-do-193-kw\/","title":{"rendered":"Monoblok toplotna pumpa vazduh\/voda Vitocal 100-A 4,0 do 19,3 kW"},"content":{"rendered":"<p>&nbsp;Klasa energetske efikasnosti A++<\/p>\n<p>+ Toplotna pumpa vazduh\/voda sa elektri\u010dnim pogonom za spoljnu ugradnju u monoblok izvedbi<\/p>\n<p>+ Niski pogonski tro\u0161kovi zahvaljuju\u010di visokoj vrednosti(COP = Coeffi cient of Performance\/faktor grejanja)prema EN.<\/p>\n<p>+ Maksimalna temperatura polaznog voda: do 60 \u00b0C pri spoljnoj temperaturi do -5 \u00b0C.<\/p>","protected":false},"excerpt":{"rendered":"<p>&nbsp;Klasa energetske efikasnosti A++ + Toplotna pumpa vazduh\/voda sa elektri\u010dnim pogonom za spoljnu ugradnju u monoblok izvedbi + Niski pogonski tro\u0161kovi zahvaljuju\u010di visokoj vrednosti(COP = Coeffi cient of Performance\/faktor grejanja)prema EN. + Maksimalna temperatura polaznog voda: do 60 \u00b0C pri spoljnoj temperaturi do -5 \u00b0C.<\/p>","protected":false},"featured_media":16851,"template":"","meta":[],"product_brand":[4227],"product_cat":[4335,4336],"product_tag":[],"class_list":{"0":"post-16850","1":"product","2":"type-product","3":"status-publish","4":"has-post-thumbnail","6":"product_brand-viessmann","7":"product_cat-toplotne-pumpe","8":"product_cat-viessmann-vitocal-toplotne-pumpe","10":"first","11":"instock","12":"purchasable","13":"product-type-simple"},"_links":{"self":[{"href":"https:\/\/hidroterm.dmcsrbija.com\/ru\/wp-json\/wp\/v2\/product\/16850","targetHints":{"allow":["GET"]}}],"collection":[{"href":"https:\/\/hidroterm.dmcsrbija.com\/ru\/wp-json\/wp\/v2\/product"}],"about":[{"href":"https:\/\/hidroterm.dmcsrbija.com\/ru\/wp-json\/wp\/v2\/types\/product"}],"wp:featuredmedia":[{"embeddable":true,"href":"https:\/\/hidroterm.dmcsrbija.com\/ru\/wp-json\/wp\/v2\/media\/16851"}],"wp:attachment":[{"href":"https:\/\/hidroterm.dmcsrbija.com\/ru\/wp-json\/wp\/v2\/media?parent=16850"}],"wp:term":[{"taxonomy":"product_brand","embeddable":true,"href":"https:\/\/hidroterm.dmcsrbija.com\/ru\/wp-json\/wp\/v2\/product_brand?post=16850"},{"taxonomy":"product_cat","embeddable":true,"href":"https:\/\/hidroterm.dmcsrbija.com\/ru\/wp-json\/wp\/v2\/product_cat?post=16850"},{"taxonomy":"product_tag","embeddable":true,"href":"https:\/\/hidroterm.dmcsrbija.com\/ru\/wp-json\/wp\/v2\/product_tag?post=16850"}],"curies":[{"name":"wp","href":"https:\/\/api.w.org\/{rel}","templated":true}]}}