{"id":16848,"date":"2025-07-15T11:02:31","date_gmt":"2025-07-15T09:02:31","guid":{"rendered":"https:\/\/foxit-technology.com\/proizvod\/split-toplotna-pumpa-vazduh-voda-vitocal-100-s-32-do-167-kw\/"},"modified":"2025-07-15T11:02:31","modified_gmt":"2025-07-15T09:02:31","slug":"split-toplotna-pumpa-vazduh-voda-vitocal-100-s-32-do-167-kw","status":"publish","type":"product","link":"https:\/\/hidroterm.dmcsrbija.com\/ru\/proizvod\/split-toplotna-pumpa-vazduh-voda-vitocal-100-s-32-do-167-kw\/","title":{"rendered":"Split toplotna pumpa vazduh\/voda Vitocal 100-S: 3,2 do 16,7 kW"},"content":{"rendered":"<p>Vitocal 100-S toplotna pumpa vazuh\/voda na ektri\u010dni pogon, u split verziji, sa spolja\u0161njom i unutra\u0161njom jedinicom<\/p>\n<p>+ Klasa energetske efikasnostiA+<\/p>\n<p>+ Niski radni tro\u0161kovi zahvaljuju\u0107i visokoj COP vrednosti (COP = Coefficient of Performance\/faktor grejanja) u skladu sa EN 14511: do 4,8 (A7\/W35) i do 3,6 (A2\/W35).<\/p>\n<p>+ Regulacija kapaciteta i DCinvertor za visoku efikasnost u podru\u010dju delimi\u010dnog optere\u0107enja.<\/p>\n<p>+ Maksimalna temperatura polaznog voda do 58 \u00b0C(R32) \/ 55 \u00b0C (R410), pri spoljnoj temperaturi -15 \u00b0C.<\/p>\n<p>+ do 8 kW rashladno sredstvoR32.<\/p>\n<p>+ Unutra\u0161nja jedinica sa visoko efikasnom cirkulacionom pumpom (klasa energetske efikasnosti A), razmenjiva\u010dem toplote, 3-krakim preklopnim ventilom,sigurnosnom armaturom i regulacijom, a kod varijante za grejanje\/hla\u0111enje i sa integrisanim proto\u010dnim greja\u010dem vode za grejanje od 6 kW.<\/p>\n<p>+ Vitotronic regulacija sa displejem za prikazivanje teksta i grafika jednostavna je za rukovanje.<\/p>\n<p>+ Komforna zbog reverzibilne verzije koja omogu\u0107ava hla\u0111enje i grejanje.<\/p>\n<p>+ Kaskadna funkcija do 5 toplotnih pumpi.<\/p>\n<p>+ Vi\u0161e informacija mo\u017eete prona\u0107i u tehni\u010dkoj dokumentaciji na: <a href=\"https:\/\/webapps.viessmann.com\/vibooks\/RS\/sr\">https:\/\/webapps.viessmann.com\/vibooks\/RS\/sr<\/a><\/p>\n<p>&nbsp;<\/p>\n<p>&nbsp;<\/p>","protected":false},"excerpt":{"rendered":"<p>Vitocal 100-S toplotna pumpa vazuh\/voda na ektri\u010dni pogon, u split verziji, sa spolja\u0161njom i unutra\u0161njom jedinicom + Klasa energetske efikasnostiA+ + Niski radni tro\u0161kovi zahvaljuju\u0107i visokoj COP vrednosti (COP = Coefficient of Performance\/faktor grejanja) u skladu sa EN 14511: do 4,8 (A7\/W35) i do 3,6 (A2\/W35). + Regulacija kapaciteta i DCinvertor za visoku efikasnost u [&hellip;]<\/p>\n","protected":false},"featured_media":16849,"template":"","meta":[],"product_brand":[4227],"product_cat":[4335,4336],"product_tag":[],"class_list":{"0":"post-16848","1":"product","2":"type-product","3":"status-publish","4":"has-post-thumbnail","6":"product_brand-viessmann","7":"product_cat-toplotne-pumpe","8":"product_cat-viessmann-vitocal-toplotne-pumpe","10":"first","11":"instock","12":"purchasable","13":"product-type-simple"},"_links":{"self":[{"href":"https:\/\/hidroterm.dmcsrbija.com\/ru\/wp-json\/wp\/v2\/product\/16848","targetHints":{"allow":["GET"]}}],"collection":[{"href":"https:\/\/hidroterm.dmcsrbija.com\/ru\/wp-json\/wp\/v2\/product"}],"about":[{"href":"https:\/\/hidroterm.dmcsrbija.com\/ru\/wp-json\/wp\/v2\/types\/product"}],"wp:featuredmedia":[{"embeddable":true,"href":"https:\/\/hidroterm.dmcsrbija.com\/ru\/wp-json\/wp\/v2\/media\/16849"}],"wp:attachment":[{"href":"https:\/\/hidroterm.dmcsrbija.com\/ru\/wp-json\/wp\/v2\/media?parent=16848"}],"wp:term":[{"taxonomy":"product_brand","embeddable":true,"href":"https:\/\/hidroterm.dmcsrbija.com\/ru\/wp-json\/wp\/v2\/product_brand?post=16848"},{"taxonomy":"product_cat","embeddable":true,"href":"https:\/\/hidroterm.dmcsrbija.com\/ru\/wp-json\/wp\/v2\/product_cat?post=16848"},{"taxonomy":"product_tag","embeddable":true,"href":"https:\/\/hidroterm.dmcsrbija.com\/ru\/wp-json\/wp\/v2\/product_tag?post=16848"}],"curies":[{"name":"wp","href":"https:\/\/api.w.org\/{rel}","templated":true}]}}