{"id":16846,"date":"2025-07-15T11:02:21","date_gmt":"2025-07-15T09:02:21","guid":{"rendered":"https:\/\/foxit-technology.com\/proizvod\/toplotna-pumpa-viessmann-vitocal-111-s-za-grejanje-i-hladjenje-sa-bojlerom-210-l\/"},"modified":"2025-07-15T11:02:28","modified_gmt":"2025-07-15T09:02:28","slug":"toplotna-pumpa-viessmann-vitocal-111-s-za-grejanje-i-hladjenje-sa-bojlerom-210-l","status":"publish","type":"product","link":"https:\/\/hidroterm.dmcsrbija.com\/ru\/proizvod\/toplotna-pumpa-viessmann-vitocal-111-s-za-grejanje-i-hladjenje-sa-bojlerom-210-l\/","title":{"rendered":"Toplotna pumpa Viessmann Vitocal 111-S &#8211; za grejanje i hladjenje sa bojlerom 210 l"},"content":{"rendered":"<p>Niski investicioni tro\u0161kovi, visoka efikasnost i jednostavna monta\u017ea \u010dine da su nove vazduh\/voda toplotne pumpe Vitocal 100s i Vitocal 111s aktivno re\u0161enje za kori\u0161\u0107enje toplote iz prirode u porodi\u010dnim objektima. Bez obzira da li se radi o&nbsp;rekonstrukciji ili novogradnji, ove toplotne pumpe su najbolje re\u0161enje.&nbsp;<\/p>\n<p>U postoje\u0107im sistemima distribuiraju ekolo\u0161ki i cenovnu povoljnu energiju.&nbsp;<\/p>\n<p>&#8211; Povoljna vazduh\/voda toplotna pumpa sa kapacitetom grejanja od 4-16kW<\/p>\n<p>&#8211; Regulacija kapaciteta i DC inverter tehnologija za visoku efikasnost pri delimi\u010dnom optere\u0107enju<\/p>\n<p>&#8211; Maks temperatura polaznog voda do 55<sup>o<\/sup>C i mogu\u0107 rad toplotne pumpe do spoljne temperature -22<sup>o<\/sup><\/p>\n<p>&#8211; Spolja\u0161nja jedinica otporna na vremenske uslove sa ispariva\u010dem, kompresorom i elektronskim ekspanzionim ventilom i ventilatorom.<\/p>","protected":false},"excerpt":{"rendered":"<p>Niski investicioni tro\u0161kovi, visoka efikasnost i jednostavna monta\u017ea \u010dine da su nove vazduh\/voda toplotne pumpe Vitocal 100s i Vitocal 111s aktivno re\u0161enje za kori\u0161\u0107enje toplote iz prirode u porodi\u010dnim objektima. Bez obzira da li se radi o&nbsp;rekonstrukciji ili novogradnji, ove toplotne pumpe su najbolje re\u0161enje.&nbsp; U postoje\u0107im sistemima distribuiraju ekolo\u0161ki i cenovnu povoljnu energiju.&nbsp; &#8211; [&hellip;]<\/p>\n","protected":false},"featured_media":16847,"template":"","meta":[],"product_brand":[4227],"product_cat":[4335],"product_tag":[],"class_list":{"0":"post-16846","1":"product","2":"type-product","3":"status-publish","4":"has-post-thumbnail","6":"product_brand-viessmann","7":"product_cat-toplotne-pumpe","9":"first","10":"instock","11":"purchasable","12":"product-type-simple"},"_links":{"self":[{"href":"https:\/\/hidroterm.dmcsrbija.com\/ru\/wp-json\/wp\/v2\/product\/16846","targetHints":{"allow":["GET"]}}],"collection":[{"href":"https:\/\/hidroterm.dmcsrbija.com\/ru\/wp-json\/wp\/v2\/product"}],"about":[{"href":"https:\/\/hidroterm.dmcsrbija.com\/ru\/wp-json\/wp\/v2\/types\/product"}],"wp:featuredmedia":[{"embeddable":true,"href":"https:\/\/hidroterm.dmcsrbija.com\/ru\/wp-json\/wp\/v2\/media\/16847"}],"wp:attachment":[{"href":"https:\/\/hidroterm.dmcsrbija.com\/ru\/wp-json\/wp\/v2\/media?parent=16846"}],"wp:term":[{"taxonomy":"product_brand","embeddable":true,"href":"https:\/\/hidroterm.dmcsrbija.com\/ru\/wp-json\/wp\/v2\/product_brand?post=16846"},{"taxonomy":"product_cat","embeddable":true,"href":"https:\/\/hidroterm.dmcsrbija.com\/ru\/wp-json\/wp\/v2\/product_cat?post=16846"},{"taxonomy":"product_tag","embeddable":true,"href":"https:\/\/hidroterm.dmcsrbija.com\/ru\/wp-json\/wp\/v2\/product_tag?post=16846"}],"curies":[{"name":"wp","href":"https:\/\/api.w.org\/{rel}","templated":true}]}}