{"id":16842,"date":"2025-07-15T11:02:21","date_gmt":"2025-07-15T09:02:21","guid":{"rendered":"https:\/\/foxit-technology.com\/proizvod\/metalac-mali-bojleri-mb-mini-5l-nm\/"},"modified":"2025-07-15T11:02:28","modified_gmt":"2025-07-15T09:02:28","slug":"metalac-mali-bojleri-mb-mini-5l-nm","status":"publish","type":"product","link":"https:\/\/hidroterm.dmcsrbija.com\/ru\/proizvod\/metalac-mali-bojleri-mb-mini-5l-nm\/","title":{"rendered":"Metalac mali bojleri MB mini 5l nm"},"content":{"rendered":"<p>Malolitra\u017eni bojleri pogodni su za brzo zagrevanje vode. Prete\u017eno se ugra\u0111uju u kuhinjama, odnosno na svim mestima gde je neophodna manja koli\u010dina tople vode.<\/p>","protected":false},"excerpt":{"rendered":"<p>Malolitra\u017eni bojleri pogodni su za brzo zagrevanje vode. Prete\u017eno se ugra\u0111uju u kuhinjama, odnosno na svim mestima gde je neophodna manja koli\u010dina tople vode.<\/p>","protected":false},"featured_media":16843,"template":"","meta":[],"product_brand":[4334],"product_cat":[4259,4261,4260],"product_tag":[],"class_list":{"0":"post-16842","1":"product","2":"type-product","3":"status-publish","4":"has-post-thumbnail","6":"product_brand-metalac","7":"product_cat-bojleri-i-akumulatori-toplote","8":"product_cat-bojleri-od-emajla","9":"product_cat-bojleri-za-kuhinju-i-kupatilo","11":"first","12":"instock","13":"purchasable","14":"product-type-simple"},"_links":{"self":[{"href":"https:\/\/hidroterm.dmcsrbija.com\/ru\/wp-json\/wp\/v2\/product\/16842","targetHints":{"allow":["GET"]}}],"collection":[{"href":"https:\/\/hidroterm.dmcsrbija.com\/ru\/wp-json\/wp\/v2\/product"}],"about":[{"href":"https:\/\/hidroterm.dmcsrbija.com\/ru\/wp-json\/wp\/v2\/types\/product"}],"wp:featuredmedia":[{"embeddable":true,"href":"https:\/\/hidroterm.dmcsrbija.com\/ru\/wp-json\/wp\/v2\/media\/16843"}],"wp:attachment":[{"href":"https:\/\/hidroterm.dmcsrbija.com\/ru\/wp-json\/wp\/v2\/media?parent=16842"}],"wp:term":[{"taxonomy":"product_brand","embeddable":true,"href":"https:\/\/hidroterm.dmcsrbija.com\/ru\/wp-json\/wp\/v2\/product_brand?post=16842"},{"taxonomy":"product_cat","embeddable":true,"href":"https:\/\/hidroterm.dmcsrbija.com\/ru\/wp-json\/wp\/v2\/product_cat?post=16842"},{"taxonomy":"product_tag","embeddable":true,"href":"https:\/\/hidroterm.dmcsrbija.com\/ru\/wp-json\/wp\/v2\/product_tag?post=16842"}],"curies":[{"name":"wp","href":"https:\/\/api.w.org\/{rel}","templated":true}]}}