{"id":16832,"date":"2025-07-15T11:02:21","date_gmt":"2025-07-15T09:02:21","guid":{"rendered":"https:\/\/foxit-technology.com\/proizvod\/solarni-set-vaillant\/"},"modified":"2025-07-15T11:02:25","modified_gmt":"2025-07-15T09:02:25","slug":"solarni-set-vaillant","status":"publish","type":"product","link":"https:\/\/hidroterm.dmcsrbija.com\/ru\/proizvod\/solarni-set-vaillant\/","title":{"rendered":"Solarni set Vaillant"},"content":{"rendered":"<p><span data-mce-mark=\"1\">Vaillant je od samog po\u010detka razvoja savremene tehnologije grejanja, kao najve\u0107i europski proizvo\u0111a\u010d, oble\u017eavao napredak na tom podru\u010dju razvijanjem inovativnih ure\u0111aja za solarnu pripremu potro\u0161ne tople vode i za podr\u0161ku grejanja. Ure\u0111aji, koji su savr\u0161eno me\u0111usobno uskla\u0111eni i koji se u svako doba mogu fleksibilno pro\u0161irivati i kombinovati po \u017eelji, \u010dine Vaillantov solarni set.<\/span><\/p>\n<p>&nbsp;{tabulizer:include style[gr.alterora.elemental_2_grey.css] id[tab_2B0hM1zFhT]}<\/p>\n<table id=\"tab_2B0hM1zFhT\" class=\"tabtable-gr_alterora_elemental_2_grey_1s1\" data-ruleset=\"gr.alterora.elemental_2_grey.xml:gr.alterora.elemental_2_grey_1s1\">\n<tbody>\n<tr class=\"tabrow tdmin_1h\">\n<td class=\"tabcol\"><strong>Solarni set SP300<\/strong><\/td>\n<td class=\"tabcol\">Kom<\/td>\n<td class=\"tabcol\">&nbsp;<\/td>\n<td class=\"tabcol\"><strong>Solarni set SP400<\/strong><\/td>\n<td class=\"tabcol\">Kom<\/td>\n<\/tr>\n<tr class=\"tabrow \">\n<td class=\"tabcol\">Indirektno grejani rezervoar &#8211; bivalentni auroSTOR VIH S 300\/3 BR<\/td>\n<td class=\"tabcol\">1<\/td>\n<td class=\"tabcol\">&nbsp;<\/td>\n<td class=\"tabcol\">Indirektno grejani rezervoar &#8211; bivalentni auroSTOR VIH S 400\/3 BR<\/td>\n<td class=\"tabcol\">1<\/td>\n<\/tr>\n<tr class=\"tabrow \">\n<td class=\"tabcol\">Solarni plo\u010dasti kolektor auroTHERM pro (vertikalan) VFK 125\/3 pro<\/td>\n<td class=\"tabcol\">2<\/td>\n<td class=\"tabcol\">&nbsp;<\/td>\n<td class=\"tabcol\">Solarni plo\u010dasti kolektor auroTHERM pro (vertikalan) VFK 125\/3 pro<\/td>\n<td class=\"tabcol\">3<\/td>\n<\/tr>\n<tr class=\"tabrow \">\n<td class=\"tabcol\">Osnovni hidrauli\u010dki spojni set za VFK kolektore (monta\u017ea na kosi krov i na ravni krov)<\/td>\n<td class=\"tabcol\">1<\/td>\n<td class=\"tabcol\">&nbsp;<\/td>\n<td class=\"tabcol\">Osnovni hidrauli\u010dki spojni set za VFK kolektore (monta\u017ea na kosi krov i na ravni krov)<\/td>\n<td class=\"tabcol\">1<\/td>\n<\/tr>\n<tr class=\"tabrow \">\n<td class=\"tabcol\">Produ\u017eni hidrauli\u010dki set za svaki slede\u0107i kolektor VFK (2 hidrauli\u010dka priklju\u010dka i 4 sigurnosna osigura\u010da)<\/td>\n<td class=\"tabcol\">1<\/td>\n<td class=\"tabcol\">&nbsp;<\/td>\n<td class=\"tabcol\">Produ\u017eni hidrauli\u010dki set za svaki slede\u0107i kolektor VFK (2 hidrauli\u010dka priklju\u010dka i 4 sigurnosna osigura\u010da)<\/td>\n<td class=\"tabcol\">2<\/td>\n<\/tr>\n<tr class=\"tabrow \">\n<td class=\"tabcol\">Zidni dr\u017eac ekspanzione posude za za\u0161titnim ventilom 3\/4&#8243;<\/td>\n<td class=\"tabcol\">1<\/td>\n<td class=\"tabcol\">&nbsp;<\/td>\n<td class=\"tabcol\">Zidni dr\u017eac ekspanzione posude za za\u0161titnim ventilom 3\/4&#8243;<\/td>\n<td class=\"tabcol\">1<\/td>\n<\/tr>\n<tr class=\"tabrow \">\n<td class=\"tabcol\">Solarna stanica auroFLOW VMS70<\/td>\n<td class=\"tabcol\">1<\/td>\n<td class=\"tabcol\">&nbsp;<\/td>\n<td class=\"tabcol\">Solarna stanica auroFLOW VMS70<\/td>\n<td class=\"tabcol\">1<\/td>\n<\/tr>\n<tr class=\"tabrow \">\n<td class=\"tabcol\">Spojni set za povezivanje auroFLOW VMS 70 sa bakrenom cevi (G 3\/4 x 22\/18)<\/td>\n<td class=\"tabcol\">1<\/td>\n<td class=\"tabcol\">&nbsp;<\/td>\n<td class=\"tabcol\">Spojni set za povezivanje auroFLOW VMS 70 sa bakrenom cevi (G 3\/4 x 22\/18)<\/td>\n<td class=\"tabcol\">1<\/td>\n<\/tr>\n<tr class=\"tabrow \">\n<td class=\"tabcol\">Solarna automatika auroMATIC VRS 570 &#8211; VAILLANT<\/td>\n<td class=\"tabcol\">1<\/td>\n<td class=\"tabcol\">&nbsp;<\/td>\n<td class=\"tabcol\">Solarna automatika auroMATIC VRS 570 &#8211; VAILLANT<\/td>\n<td class=\"tabcol\">1<\/td>\n<\/tr>\n<tr class=\"tabrow \">\n<td class=\"tabcol\">Ekspanziona posuda za solar 18 lit.<\/td>\n<td class=\"tabcol\">1<\/td>\n<td class=\"tabcol\">&nbsp;<\/td>\n<td class=\"tabcol\">Ekspanziona posuda za solar 25 lit.<\/td>\n<td class=\"tabcol\">1<\/td>\n<\/tr>\n<tr class=\"tabrow \">\n<td class=\"tabcol\">Fleksibilna priklju\u010dna cev za kolektor DN 16,1 m, 2 komada<\/td>\n<td class=\"tabcol\">1<\/td>\n<td class=\"tabcol\">&nbsp;<\/td>\n<td class=\"tabcol\">Fleksibilna priklju\u010dna cev za kolektor DN 16,1 m, 2 komada<\/td>\n<td class=\"tabcol\">1<\/td>\n<\/tr>\n<tr class=\"tabrow \">\n<td class=\"tabcol\">Solarna te\u010dnost za punjenje sistema &#8211; 20 lit.<\/td>\n<td class=\"tabcol\">1<\/td>\n<td class=\"tabcol\">&nbsp;<\/td>\n<td class=\"tabcol\">Solarna te\u010dnost za punjenje sistema &#8211; 20 lit.<\/td>\n<td class=\"tabcol\">1<\/td>\n<\/tr>\n<tr class=\"tabrow \">\n<td class=\"tabcol\">*Uz solarni set se ne isporu\u010duju krovni nosa\u010di (2 kom) i \u0161ine (2 kom)<\/td>\n<td class=\"tabcol\">&nbsp;<\/td>\n<td class=\"tabcol\">&nbsp;<\/td>\n<td class=\"tabcol\">*Uz solarni set se ne isporu\u010duju krovni nosa\u010di (3 kom) i \u0161ine (3 kom)<\/td>\n<td class=\"tabcol\">&nbsp;<\/td>\n<\/tr>\n<\/tbody>\n<\/table>\n","protected":false},"excerpt":{"rendered":"<p>Vaillant je od samog po\u010detka razvoja savremene tehnologije grejanja, kao najve\u0107i europski proizvo\u0111a\u010d, oble\u017eavao napredak na tom podru\u010dju razvijanjem inovativnih ure\u0111aja za solarnu pripremu potro\u0161ne tople vode i za podr\u0161ku grejanja. Ure\u0111aji, koji su savr\u0161eno me\u0111usobno uskla\u0111eni i koji se u svako doba mogu fleksibilno pro\u0161irivati i kombinovati po \u017eelji, \u010dine Vaillantov solarni set. &nbsp;{tabulizer:include [&hellip;]<\/p>\n","protected":false},"featured_media":16833,"template":"","meta":[],"product_brand":[4226],"product_cat":[4253,4255],"product_tag":[],"class_list":{"0":"post-16832","1":"product","2":"type-product","3":"status-publish","4":"has-post-thumbnail","6":"product_brand-vaillant","7":"product_cat-solarni-kolektori","8":"product_cat-solarni-setovi","10":"first","11":"instock","12":"purchasable","13":"product-type-simple"},"_links":{"self":[{"href":"https:\/\/hidroterm.dmcsrbija.com\/ru\/wp-json\/wp\/v2\/product\/16832","targetHints":{"allow":["GET"]}}],"collection":[{"href":"https:\/\/hidroterm.dmcsrbija.com\/ru\/wp-json\/wp\/v2\/product"}],"about":[{"href":"https:\/\/hidroterm.dmcsrbija.com\/ru\/wp-json\/wp\/v2\/types\/product"}],"wp:featuredmedia":[{"embeddable":true,"href":"https:\/\/hidroterm.dmcsrbija.com\/ru\/wp-json\/wp\/v2\/media\/16833"}],"wp:attachment":[{"href":"https:\/\/hidroterm.dmcsrbija.com\/ru\/wp-json\/wp\/v2\/media?parent=16832"}],"wp:term":[{"taxonomy":"product_brand","embeddable":true,"href":"https:\/\/hidroterm.dmcsrbija.com\/ru\/wp-json\/wp\/v2\/product_brand?post=16832"},{"taxonomy":"product_cat","embeddable":true,"href":"https:\/\/hidroterm.dmcsrbija.com\/ru\/wp-json\/wp\/v2\/product_cat?post=16832"},{"taxonomy":"product_tag","embeddable":true,"href":"https:\/\/hidroterm.dmcsrbija.com\/ru\/wp-json\/wp\/v2\/product_tag?post=16832"}],"curies":[{"name":"wp","href":"https:\/\/api.w.org\/{rel}","templated":true}]}}