{"id":16820,"date":"2025-07-15T11:02:21","date_gmt":"2025-07-15T09:02:21","guid":{"rendered":"https:\/\/foxit-technology.com\/proizvod\/metalac-bojler-prohrom-sa-izmenjivacem-mb-kombinovani\/"},"modified":"2025-07-15T11:02:23","modified_gmt":"2025-07-15T09:02:23","slug":"metalac-bojler-prohrom-sa-izmenjivacem-mb-kombinovani","status":"publish","type":"product","link":"https:\/\/hidroterm.dmcsrbija.com\/ru\/proizvod\/metalac-bojler-prohrom-sa-izmenjivacem-mb-kombinovani\/","title":{"rendered":"Metalac bojler &#8211; prohrom sa izmenjiva\u010dem MB kombinovani"},"content":{"rendered":"<p>Bojleri imaju ugra\u0111en cevni izmenjiva\u010d toplote, koji omogu\u0107ava kombinovanje elektri\u010dnog i drugog izvora energije (konkretno sistema centralnog grejanja) za dobijanje tople vode. Naime, voda spolja\u0161njeg sistema prolazi kroz izmenjiva\u010d u obliku spirale, koji zagreva vodu u bojleru. U ovaj bojler ugra\u0111en je i elektri\u010dni greja\u010d koji je u funkciji kada se ne koristi izmenjiva\u010d toplote. Kombinovani bojleri se izra\u0111uju u 2 varijante &#8211; za levu (oznaka PKL), odnosno desnu monta\u017eu, u zapreminama od 80 i 120 litara. Karakteristike:<\/p>\n<p>&#8211; Ugra\u0111en izmenjiva\u010d toplote od inox cevi<\/p>\n<p>&#8211; Univerzalni nosa\u010d<\/p>\n<p>&#8211; Sigurnosni ventil<\/p>\n<p>&#8211; Dostupni u varijantama sa unutra\u0161njom i spolja\u0161njom regulacijom temperature vode<\/p>\n<p>&#8211; Mg anoda za za\u0161titu kazana od korozije<\/p>\n<p>&#8211; Poliuretanska izolacija<\/p>","protected":false},"excerpt":{"rendered":"<p>Bojleri imaju ugra\u0111en cevni izmenjiva\u010d toplote, koji omogu\u0107ava kombinovanje elektri\u010dnog i drugog izvora energije (konkretno sistema centralnog grejanja) za dobijanje tople vode. Naime, voda spolja\u0161njeg sistema prolazi kroz izmenjiva\u010d u obliku spirale, koji zagreva vodu u bojleru. U ovaj bojler ugra\u0111en je i elektri\u010dni greja\u010d koji je u funkciji kada se ne koristi izmenjiva\u010d toplote. [&hellip;]<\/p>\n","protected":false},"featured_media":16821,"template":"","meta":[],"product_brand":[4334],"product_cat":[4259,4263,4260],"product_tag":[],"class_list":{"0":"post-16820","1":"product","2":"type-product","3":"status-publish","4":"has-post-thumbnail","6":"product_brand-metalac","7":"product_cat-bojleri-i-akumulatori-toplote","8":"product_cat-bojleri-od-prohroma","9":"product_cat-bojleri-za-kuhinju-i-kupatilo","11":"first","12":"instock","13":"purchasable","14":"product-type-simple"},"_links":{"self":[{"href":"https:\/\/hidroterm.dmcsrbija.com\/ru\/wp-json\/wp\/v2\/product\/16820","targetHints":{"allow":["GET"]}}],"collection":[{"href":"https:\/\/hidroterm.dmcsrbija.com\/ru\/wp-json\/wp\/v2\/product"}],"about":[{"href":"https:\/\/hidroterm.dmcsrbija.com\/ru\/wp-json\/wp\/v2\/types\/product"}],"wp:featuredmedia":[{"embeddable":true,"href":"https:\/\/hidroterm.dmcsrbija.com\/ru\/wp-json\/wp\/v2\/media\/16821"}],"wp:attachment":[{"href":"https:\/\/hidroterm.dmcsrbija.com\/ru\/wp-json\/wp\/v2\/media?parent=16820"}],"wp:term":[{"taxonomy":"product_brand","embeddable":true,"href":"https:\/\/hidroterm.dmcsrbija.com\/ru\/wp-json\/wp\/v2\/product_brand?post=16820"},{"taxonomy":"product_cat","embeddable":true,"href":"https:\/\/hidroterm.dmcsrbija.com\/ru\/wp-json\/wp\/v2\/product_cat?post=16820"},{"taxonomy":"product_tag","embeddable":true,"href":"https:\/\/hidroterm.dmcsrbija.com\/ru\/wp-json\/wp\/v2\/product_tag?post=16820"}],"curies":[{"name":"wp","href":"https:\/\/api.w.org\/{rel}","templated":true}]}}