{"id":16818,"date":"2025-07-15T11:02:21","date_gmt":"2025-07-15T09:02:21","guid":{"rendered":"https:\/\/foxit-technology.com\/proizvod\/metalac-bojler-prohrom-mb-praktik\/"},"modified":"2025-07-15T11:02:23","modified_gmt":"2025-07-15T09:02:23","slug":"metalac-bojler-prohrom-mb-praktik","status":"publish","type":"product","link":"https:\/\/hidroterm.dmcsrbija.com\/ru\/proizvod\/metalac-bojler-prohrom-mb-praktik\/","title":{"rendered":"Metalac bojler &#8211; prohrom MB Praktik"},"content":{"rendered":"<p>U pogledu dimenzija bojleri su pogodni za ugradnju i u visokim i u niskim prostorijama. Karakteristike:<\/p>\n<p>&#8211; Regulacija temperature pomo\u0107u dva odvojena termostata (radni i sigurnosni)<\/p>\n<p>&#8211; Inox izlivna cev za toplu vodu<\/p>\n<p>&#8211; Brza i laka demonta\u017ea za\u0161titne kape<\/p>\n<p>&#8211; Elipti\u010dni otvor na prirubnici obezbe\u0111uje brzo i lako \u010di\u0161\u0107enje kazana<\/p>\n<p>&#8211; Univerzalni nosa\u010d<\/p>\n<p>&#8211; Sigurnosni ventil<\/p>\n<p>&#8211; Dostupni u varijantama sa unutra\u0161njom i spolja\u0161njom regulacijom temperature vode<\/p>\n<p>&#8211; Mg anoda za za\u0161titu kazana od korozije<\/p>\n<p>&#8211; Poliuretanska izolacija<\/p>","protected":false},"excerpt":{"rendered":"<\/p>","protected":false},"featured_media":16819,"template":"","meta":[],"product_brand":[4334],"product_cat":[4259,4263,4260],"product_tag":[],"class_list":{"0":"post-16818","1":"product","2":"type-product","3":"status-publish","4":"has-post-thumbnail","6":"product_brand-metalac","7":"product_cat-bojleri-i-akumulatori-toplote","8":"product_cat-bojleri-od-prohroma","9":"product_cat-bojleri-za-kuhinju-i-kupatilo","11":"first","12":"instock","13":"purchasable","14":"product-type-simple"},"_links":{"self":[{"href":"https:\/\/hidroterm.dmcsrbija.com\/ru\/wp-json\/wp\/v2\/product\/16818","targetHints":{"allow":["GET"]}}],"collection":[{"href":"https:\/\/hidroterm.dmcsrbija.com\/ru\/wp-json\/wp\/v2\/product"}],"about":[{"href":"https:\/\/hidroterm.dmcsrbija.com\/ru\/wp-json\/wp\/v2\/types\/product"}],"wp:featuredmedia":[{"embeddable":true,"href":"https:\/\/hidroterm.dmcsrbija.com\/ru\/wp-json\/wp\/v2\/media\/16819"}],"wp:attachment":[{"href":"https:\/\/hidroterm.dmcsrbija.com\/ru\/wp-json\/wp\/v2\/media?parent=16818"}],"wp:term":[{"taxonomy":"product_brand","embeddable":true,"href":"https:\/\/hidroterm.dmcsrbija.com\/ru\/wp-json\/wp\/v2\/product_brand?post=16818"},{"taxonomy":"product_cat","embeddable":true,"href":"https:\/\/hidroterm.dmcsrbija.com\/ru\/wp-json\/wp\/v2\/product_cat?post=16818"},{"taxonomy":"product_tag","embeddable":true,"href":"https:\/\/hidroterm.dmcsrbija.com\/ru\/wp-json\/wp\/v2\/product_tag?post=16818"}],"curies":[{"name":"wp","href":"https:\/\/api.w.org\/{rel}","templated":true}]}}