{"id":16808,"date":"2025-07-15T11:02:21","date_gmt":"2025-07-15T09:02:21","guid":{"rendered":"https:\/\/foxit-technology.com\/proizvod\/kamin-na-pelet-alfa-plam-commo\/"},"modified":"2025-07-17T11:59:44","modified_gmt":"2025-07-17T09:59:44","slug":"kamin-na-pelet-alfa-plam-commo","status":"publish","type":"product","link":"https:\/\/hidroterm.dmcsrbija.com\/ru\/proizvod\/kamin-na-pelet-alfa-plam-commo\/","title":{"rendered":"Kamin na pelet Alfa Plam Commo"},"content":{"rendered":"<p style=\"text-align: justify;\">Kamin na pelet Alfa Plam Commo dostupan je u snagama 15kw i 21kw. Omota\u010d i vrata lo\u017ei\u0161ta izra\u0111eni od kvalitetnog lima i za\u0161ti\u0107eni farbom i lakom otpornim na visoke temperature a veliko, kerami\u010dko staklo na vratima lo\u017ei\u0161ta otporno na 700\u00b0 C omogu\u0107ava da plamen bude vidljiv \u0161to dodatno unosi toplinu u Va\u0161 dom. Lo\u017ei\u0161te izra\u0111eno od specijalnog liva a kotao od namenskog kotlovskog lima. Postoji mogu\u0107nost rada na 5 nivoa snage i nedeljno programiranje rada kotla. Komponente neophodne za funkcionisanje sistema za grejanje su fabri\u010dki ugra\u0111ene u proizvod.<\/p>\n<p style=\"text-align: justify;\">*Uz kotao se dobija pumpa i ekspanziona posuda.<\/p>","protected":false},"excerpt":{"rendered":"<p>Kamin na pelet Alfa Plam Commo dostupan je u snagama 15kw i 21kw. Omota\u010d i vrata lo\u017ei\u0161ta izra\u0111eni od kvalitetnog lima i za\u0161ti\u0107eni farbom i lakom otpornim na visoke temperature a veliko, kerami\u010dko staklo na vratima lo\u017ei\u0161ta otporno na 700\u00b0 C omogu\u0107ava da plamen bude vidljiv \u0161to dodatno unosi toplinu u Va\u0161 dom. Lo\u017ei\u0161te izra\u0111eno [&hellip;]<\/p>\n","protected":false},"featured_media":16809,"template":"","meta":[],"product_brand":[4202],"product_cat":[4208,4205],"product_tag":[],"class_list":{"0":"post-16808","1":"product","2":"type-product","3":"status-publish","4":"has-post-thumbnail","6":"product_brand-alfa-plam","7":"product_cat-kotlovi-i-kamini-na-pelet-kotlovi-i-kamini-na-pelet","8":"product_cat-kotlovi-i-kamini-na-pelet","10":"first","11":"instock","12":"purchasable","13":"product-type-simple"},"_links":{"self":[{"href":"https:\/\/hidroterm.dmcsrbija.com\/ru\/wp-json\/wp\/v2\/product\/16808","targetHints":{"allow":["GET"]}}],"collection":[{"href":"https:\/\/hidroterm.dmcsrbija.com\/ru\/wp-json\/wp\/v2\/product"}],"about":[{"href":"https:\/\/hidroterm.dmcsrbija.com\/ru\/wp-json\/wp\/v2\/types\/product"}],"wp:featuredmedia":[{"embeddable":true,"href":"https:\/\/hidroterm.dmcsrbija.com\/ru\/wp-json\/wp\/v2\/media\/16809"}],"wp:attachment":[{"href":"https:\/\/hidroterm.dmcsrbija.com\/ru\/wp-json\/wp\/v2\/media?parent=16808"}],"wp:term":[{"taxonomy":"product_brand","embeddable":true,"href":"https:\/\/hidroterm.dmcsrbija.com\/ru\/wp-json\/wp\/v2\/product_brand?post=16808"},{"taxonomy":"product_cat","embeddable":true,"href":"https:\/\/hidroterm.dmcsrbija.com\/ru\/wp-json\/wp\/v2\/product_cat?post=16808"},{"taxonomy":"product_tag","embeddable":true,"href":"https:\/\/hidroterm.dmcsrbija.com\/ru\/wp-json\/wp\/v2\/product_tag?post=16808"}],"curies":[{"name":"wp","href":"https:\/\/api.w.org\/{rel}","templated":true}]}}