{"id":16800,"date":"2025-07-15T11:02:10","date_gmt":"2025-07-15T09:02:10","guid":{"rendered":"https:\/\/foxit-technology.com\/proizvod\/defro-kdr3\/"},"modified":"2025-08-19T13:31:15","modified_gmt":"2025-08-19T11:31:15","slug":"defro-kdr3","status":"publish","type":"product","link":"https:\/\/hidroterm.dmcsrbija.com\/ru\/proizvod\/defro-kdr3\/","title":{"rendered":"Defro KDR3"},"content":{"rendered":"<p style=\"text-align: justify;\">Kotao na \u010dvrsto gorivo DEFRO\u00a0KDR3\u00a0namenjen je objektima\u00a0 koji se greju ru\u010dno lo\u017eenim, komadnim gorivom. KDR3 poseduje napredna re\u0161enja kontrole procesa sagorevanja.<\/p>\n<p>*Garancija\u00a04 godina.<\/p>\n<p>&nbsp;<\/p>\n<p>&nbsp;<\/p>","protected":false},"excerpt":{"rendered":"<p>Kotao na \u010dvrsto gorivo DEFRO\u00a0KDR3\u00a0namenjen je objektima\u00a0 koji se greju ru\u010dno lo\u017eenim, komadnim gorivom. KDR3 poseduje napredna re\u0161enja kontrole procesa sagorevanja. *Garancija\u00a04 godina. &nbsp; &nbsp;<\/p>","protected":false},"featured_media":16801,"template":"","meta":[],"product_brand":[4203],"product_cat":[4193,4189],"product_tag":[],"class_list":{"0":"post-16800","1":"product","2":"type-product","3":"status-publish","4":"has-post-thumbnail","6":"product_brand-defro","7":"product_cat-celicni-kotlovi","8":"product_cat-kotlovi-na-cvrsto-gorivo","10":"first","11":"instock","12":"purchasable","13":"product-type-simple"},"_links":{"self":[{"href":"https:\/\/hidroterm.dmcsrbija.com\/ru\/wp-json\/wp\/v2\/product\/16800","targetHints":{"allow":["GET"]}}],"collection":[{"href":"https:\/\/hidroterm.dmcsrbija.com\/ru\/wp-json\/wp\/v2\/product"}],"about":[{"href":"https:\/\/hidroterm.dmcsrbija.com\/ru\/wp-json\/wp\/v2\/types\/product"}],"wp:featuredmedia":[{"embeddable":true,"href":"https:\/\/hidroterm.dmcsrbija.com\/ru\/wp-json\/wp\/v2\/media\/16801"}],"wp:attachment":[{"href":"https:\/\/hidroterm.dmcsrbija.com\/ru\/wp-json\/wp\/v2\/media?parent=16800"}],"wp:term":[{"taxonomy":"product_brand","embeddable":true,"href":"https:\/\/hidroterm.dmcsrbija.com\/ru\/wp-json\/wp\/v2\/product_brand?post=16800"},{"taxonomy":"product_cat","embeddable":true,"href":"https:\/\/hidroterm.dmcsrbija.com\/ru\/wp-json\/wp\/v2\/product_cat?post=16800"},{"taxonomy":"product_tag","embeddable":true,"href":"https:\/\/hidroterm.dmcsrbija.com\/ru\/wp-json\/wp\/v2\/product_tag?post=16800"}],"curies":[{"name":"wp","href":"https:\/\/api.w.org\/{rel}","templated":true}]}}