{"id":16796,"date":"2025-07-15T11:02:10","date_gmt":"2025-07-15T09:02:10","guid":{"rendered":"https:\/\/foxit-technology.com\/proizvod\/protocni-bojler-termil\/"},"modified":"2025-07-15T11:02:17","modified_gmt":"2025-07-15T09:02:17","slug":"protocni-bojler-termil","status":"publish","type":"product","link":"https:\/\/hidroterm.dmcsrbija.com\/ru\/proizvod\/protocni-bojler-termil\/","title":{"rendered":"Proto\u010dni bojler Termil"},"content":{"rendered":"<p class=\"style3  style8\" style=\"text-align: justify;\"><span style=\"color: #000000;\">Elektri\u010dni proto\u010dni bojler Termil koristi se za zagrevanje vode u kupatilu, kuhinji, radionicama, ugostiteljskim objektima &#8211; svuda gde je potrebna topla voda. Posebno pode\u0161ena konstrukcija bojlera omogu\u0107uje jednostavnu monta\u017eu na postoje\u0107u vodovodnu i elektro instalaciju kao i rukovanje.&nbsp;<\/span><span style=\"color: #000000;\">Bojleri se mogu ugraditi kao niskomonta\u017eni (donja ugradnja), uz kori\u0161\u0107enje slavina bez pritiska (sa tri cevi) i slavina pod pritiskom (sa dve cevi).<\/span><\/p>\n<p class=\"style3  style8\"><span style=\"color: #000000;\">Savremena tehnolo\u0161ka konstrukcija bojlera obezbe\u0111uje:<\/span><\/p>\n<ul>\n<li class=\"style3  style8\"><span style=\"color: #000000;\">neograni\u010denu koli\u010dinu tople vode<\/span><\/li>\n<li class=\"style3  style8\"><span style=\"color: #000000;\">100% iskori\u0161\u0107enje snage grejanja<\/span><\/li>\n<li class=\"style3  style8\"><span style=\"color: #000000;\">u\u0161teda energije do 35% i vode do 40% u odnosu na postoje\u0107e akumulacione bojlere<\/span><\/li>\n<li class=\"style3  style8\"><span style=\"color: #000000;\">male dimenzije bojlera, u\u0161teda prostora<\/span><\/li>\n<li class=\"style3  style8\"><span style=\"color: #000000;\">\u017eeljenu temperaturu vode u najkra\u0107em mogu\u0107em vremenu.<\/span><\/li>\n<\/ul>","protected":false},"excerpt":{"rendered":"<p>Elektri\u010dni proto\u010dni bojler Termil koristi se za zagrevanje vode u kupatilu, kuhinji, radionicama, ugostiteljskim objektima &#8211; svuda gde je potrebna topla voda. Posebno pode\u0161ena konstrukcija bojlera omogu\u0107uje jednostavnu monta\u017eu na postoje\u0107u vodovodnu i elektro instalaciju kao i rukovanje.&nbsp;Bojleri se mogu ugraditi kao niskomonta\u017eni (donja ugradnja), uz kori\u0161\u0107enje slavina bez pritiska (sa tri cevi) i slavina [&hellip;]<\/p>\n","protected":false},"featured_media":16797,"template":"","meta":[],"product_brand":[4333],"product_cat":[4259,4329],"product_tag":[],"class_list":{"0":"post-16796","1":"product","2":"type-product","3":"status-publish","4":"has-post-thumbnail","6":"product_brand-termil","7":"product_cat-bojleri-i-akumulatori-toplote","8":"product_cat-protocni-bojleri","10":"first","11":"instock","12":"purchasable","13":"product-type-simple"},"_links":{"self":[{"href":"https:\/\/hidroterm.dmcsrbija.com\/ru\/wp-json\/wp\/v2\/product\/16796","targetHints":{"allow":["GET"]}}],"collection":[{"href":"https:\/\/hidroterm.dmcsrbija.com\/ru\/wp-json\/wp\/v2\/product"}],"about":[{"href":"https:\/\/hidroterm.dmcsrbija.com\/ru\/wp-json\/wp\/v2\/types\/product"}],"wp:featuredmedia":[{"embeddable":true,"href":"https:\/\/hidroterm.dmcsrbija.com\/ru\/wp-json\/wp\/v2\/media\/16797"}],"wp:attachment":[{"href":"https:\/\/hidroterm.dmcsrbija.com\/ru\/wp-json\/wp\/v2\/media?parent=16796"}],"wp:term":[{"taxonomy":"product_brand","embeddable":true,"href":"https:\/\/hidroterm.dmcsrbija.com\/ru\/wp-json\/wp\/v2\/product_brand?post=16796"},{"taxonomy":"product_cat","embeddable":true,"href":"https:\/\/hidroterm.dmcsrbija.com\/ru\/wp-json\/wp\/v2\/product_cat?post=16796"},{"taxonomy":"product_tag","embeddable":true,"href":"https:\/\/hidroterm.dmcsrbija.com\/ru\/wp-json\/wp\/v2\/product_tag?post=16796"}],"curies":[{"name":"wp","href":"https:\/\/api.w.org\/{rel}","templated":true}]}}