{"id":16793,"date":"2025-07-15T11:02:10","date_gmt":"2025-07-15T09:02:10","guid":{"rendered":"https:\/\/foxit-technology.com\/proizvod\/crevo-za-gas-inox-atom-1-2\/"},"modified":"2025-11-21T09:18:39","modified_gmt":"2025-11-21T08:18:39","slug":"crevo-za-gas-inox-atom-1-2","status":"publish","type":"product","link":"https:\/\/hidroterm.dmcsrbija.com\/ru\/proizvod\/crevo-za-gas-inox-atom-1-2\/","title":{"rendered":"Crevo za gas inox 1\/2 600mm Atom"},"content":{"rendered":"<p>Crevo za gas ATOM dimenzije 1\/2\u2033 \u00d7 600 mm izra\u0111eno je od prohromske (ner\u0111aju\u0107e) \u010deli\u010dne pletenice i presvu\u010deno specijalnom \u017eutom folijom koja ozna\u010dava da je namenjeno za gasne instalacije. <br data-start=\"795\" data-end=\"798\" \/>Ovaj tip creva koristi se za fleksibilno povezivanje gasnih potro\u0161a\u010da (kao \u0161to su gasni kotlovi, bojleri) sa fiksnom gasnom instalacijom, omogu\u0107avaju\u0107i elasti\u010dno montiranje bez potrebe za zavarivanjem ili krutim spojnicama. Standardno ima priklju\u010dak mu\u0161ki-\u017eenski 1\/2\u2033\u00d71\/2\u2033 navoj. <br data-start=\"1115\" data-end=\"1118\" \/>Preporu\u010duje se upotreba u skladu sa propisima za gasne instalacije.<\/p>\n<h3 data-start=\"2385\" data-end=\"2400\"><strong>Prednosti<\/strong><\/h3>\n<ul>\n<li data-start=\"2403\" data-end=\"2535\">Visoka sigurnost i kvalitet zahvaljuju\u0107i konstrukciji od ner\u0111aju\u0107eg \u010delika (prohroma) \u2013 otpornost na koroziju i mehani\u010dke napore.<\/li>\n<li data-start=\"2538\" data-end=\"2641\">Fleksibilnost pri monta\u017ei \u2013 omogu\u0107ava lak\u0161e spajanje gasnog potro\u0161a\u010da bez potrebe za rigidnim cevima.<\/li>\n<li data-start=\"2644\" data-end=\"2749\">Standardna du\u017eina 600 mm i navoj 1\/2\u2033 \u010dine ga prikladnim za ve\u0107inu ku\u0107nih i profesionalnih instalacija.<\/li>\n<li data-start=\"2752\" data-end=\"2882\">\u017duta folija pru\u017ea vizuelnu identifikaciju da je proizvod namenjen za gas, \u0161to pove\u0107ava sigurnost prilikom ugradnje i inspekcije.<\/li>\n<\/ul>","protected":false},"excerpt":{"rendered":"<p data-start=\"365\" data-end=\"542\">Inox crevo za gas ATOM 1\/2\u2033 \u00d7 600 mm \u2013 fleksibilno metalno crevo od ner\u0111aju\u0107eg \u010delika, sa \u017eutom za\u0161titnom folijom, za spajanje gasnih priklju\u010daka u kotlarnicama i instalacijama.<\/p>","protected":false},"featured_media":16794,"template":"","meta":[],"product_brand":[4331],"product_cat":[4332,4228],"product_tag":[],"class_list":{"0":"post-16793","1":"product","2":"type-product","3":"status-publish","4":"has-post-thumbnail","6":"product_brand-atom","7":"product_cat-creva-za-gas","8":"product_cat-kotlovi-na-gas","10":"first","11":"instock","12":"purchasable","13":"product-type-simple"},"_links":{"self":[{"href":"https:\/\/hidroterm.dmcsrbija.com\/ru\/wp-json\/wp\/v2\/product\/16793","targetHints":{"allow":["GET"]}}],"collection":[{"href":"https:\/\/hidroterm.dmcsrbija.com\/ru\/wp-json\/wp\/v2\/product"}],"about":[{"href":"https:\/\/hidroterm.dmcsrbija.com\/ru\/wp-json\/wp\/v2\/types\/product"}],"wp:featuredmedia":[{"embeddable":true,"href":"https:\/\/hidroterm.dmcsrbija.com\/ru\/wp-json\/wp\/v2\/media\/16794"}],"wp:attachment":[{"href":"https:\/\/hidroterm.dmcsrbija.com\/ru\/wp-json\/wp\/v2\/media?parent=16793"}],"wp:term":[{"taxonomy":"product_brand","embeddable":true,"href":"https:\/\/hidroterm.dmcsrbija.com\/ru\/wp-json\/wp\/v2\/product_brand?post=16793"},{"taxonomy":"product_cat","embeddable":true,"href":"https:\/\/hidroterm.dmcsrbija.com\/ru\/wp-json\/wp\/v2\/product_cat?post=16793"},{"taxonomy":"product_tag","embeddable":true,"href":"https:\/\/hidroterm.dmcsrbija.com\/ru\/wp-json\/wp\/v2\/product_tag?post=16793"}],"curies":[{"name":"wp","href":"https:\/\/api.w.org\/{rel}","templated":true}]}}