{"id":16769,"date":"2025-07-15T11:02:10","date_gmt":"2025-07-15T09:02:10","guid":{"rendered":"https:\/\/foxit-technology.com\/proizvod\/elektricni-protocni-bojler-vaillant-ved-electronic\/"},"modified":"2025-07-15T11:02:10","modified_gmt":"2025-07-15T09:02:10","slug":"elektricni-protocni-bojler-vaillant-ved-electronic","status":"publish","type":"product","link":"https:\/\/hidroterm.dmcsrbija.com\/ru\/proizvod\/elektricni-protocni-bojler-vaillant-ved-electronic\/","title":{"rendered":"Elektri\u010dni proto\u010dni bojler Vaillant VED-electronic"},"content":{"rendered":"<p style=\"text-align: justify;\">Proto\u010dni bojler VED E electronic,prakti\u010dan je ure\u0111aj za snabdevanje toplom vodom u stanovima ili p\u0161oslovnim prostorijama. Zahvaljuju\u0107i elektronskoj regulaciji u\u010dinka, elektronika samostalno meri temperaturu hladne vode pri \u010demu protok osnovu tih vrednosti odre\u0111uje u\u010dinak ure\u0111aja potreban za postizanje \u017eeljene temperature tople vode.<\/p>\n<p style=\"text-align: justify;\">Ure\u0111aj VED E electronic nudi jednostavan komfor tople vode u skladu s potrebama. Putem okretnog regulatora na upravlja\u010dkoj plo\u010di, korisnik bira temperaturu tople vode u rasponu od 30\u00b0 do 60\u00b0 C, u zavisnosti da li je re\u010d o tu\u0161iranju ili samo o pranju ruku. Poseduje mehani\u010dku za\u0161titu od opekotina i za\u0161titu od prskanja vode \u0161to pru\u017ea krajnjem krosiniku maksimalnu mogu\u0107u za\u0161titu.<\/p>\n<p style=\"text-align: justify;\">Za rad ure\u0111aja neophodno je osigurati trofazni elektri\u010dni priklju\u010dak.<\/p>\n<p style=\"text-align: justify;\">","protected":false},"excerpt":{"rendered":"<p>Proto\u010dni bojler VED E electronic,prakti\u010dan je ure\u0111aj za snabdevanje toplom vodom u stanovima ili p\u0161oslovnim prostorijama. Zahvaljuju\u0107i elektronskoj regulaciji u\u010dinka, elektronika samostalno meri temperaturu hladne vode pri \u010demu protok osnovu tih vrednosti odre\u0111uje u\u010dinak ure\u0111aja potreban za postizanje \u017eeljene temperature tople vode. Ure\u0111aj VED E electronic nudi jednostavan komfor tople vode u skladu s potrebama. [&hellip;]<\/p>\n","protected":false},"featured_media":16770,"template":"","meta":[],"product_brand":[4226],"product_cat":[4259,4329],"product_tag":[],"class_list":{"0":"post-16769","1":"product","2":"type-product","3":"status-publish","4":"has-post-thumbnail","6":"product_brand-vaillant","7":"product_cat-bojleri-i-akumulatori-toplote","8":"product_cat-protocni-bojleri","10":"first","11":"instock","12":"purchasable","13":"product-type-simple"},"_links":{"self":[{"href":"https:\/\/hidroterm.dmcsrbija.com\/ru\/wp-json\/wp\/v2\/product\/16769","targetHints":{"allow":["GET"]}}],"collection":[{"href":"https:\/\/hidroterm.dmcsrbija.com\/ru\/wp-json\/wp\/v2\/product"}],"about":[{"href":"https:\/\/hidroterm.dmcsrbija.com\/ru\/wp-json\/wp\/v2\/types\/product"}],"wp:featuredmedia":[{"embeddable":true,"href":"https:\/\/hidroterm.dmcsrbija.com\/ru\/wp-json\/wp\/v2\/media\/16770"}],"wp:attachment":[{"href":"https:\/\/hidroterm.dmcsrbija.com\/ru\/wp-json\/wp\/v2\/media?parent=16769"}],"wp:term":[{"taxonomy":"product_brand","embeddable":true,"href":"https:\/\/hidroterm.dmcsrbija.com\/ru\/wp-json\/wp\/v2\/product_brand?post=16769"},{"taxonomy":"product_cat","embeddable":true,"href":"https:\/\/hidroterm.dmcsrbija.com\/ru\/wp-json\/wp\/v2\/product_cat?post=16769"},{"taxonomy":"product_tag","embeddable":true,"href":"https:\/\/hidroterm.dmcsrbija.com\/ru\/wp-json\/wp\/v2\/product_tag?post=16769"}],"curies":[{"name":"wp","href":"https:\/\/api.w.org\/{rel}","templated":true}]}}