{"id":16751,"date":"2025-07-15T11:01:58","date_gmt":"2025-07-15T09:01:58","guid":{"rendered":"https:\/\/foxit-technology.com\/proizvod\/finesa-elektricni-radijator-susac-peskira\/"},"modified":"2025-07-15T11:02:05","modified_gmt":"2025-07-15T09:02:05","slug":"finesa-elektricni-radijator-susac-peskira","status":"publish","type":"product","link":"https:\/\/hidroterm.dmcsrbija.com\/ru\/proizvod\/finesa-elektricni-radijator-susac-peskira\/","title":{"rendered":"Finesa elektri\u010dni radijator &#8211; su\u0161a\u010d pe\u0161kira"},"content":{"rendered":"<p>Cini je proizveo specifi\u010dne radijatore namenjene za grejanje kupatali i su\u0161enje ve\u0161a i pe\u0161kira. Dostupan u razli\u010ditom dizajnu, mat ili sjajni, predstavlja idealno re\u0161enje kada Vam je potrebna elegancija sa visokim stepenom kvaliteta. Rade na struju.<\/p>\n<p>Model Mono: zavr\u0161na obrada u jednoj boji<br \/>Model Poli: zavr\u0161na obrada u dve boje<br \/>Dr\u017ea\u010di pe\u0161kira: u boji \/ inox<br \/>Ispitni pritisak: 9 bar<br \/>Garancija: 12 godina&nbsp;<\/p>","protected":false},"excerpt":{"rendered":"<p>Cini je proizveo specifi\u010dne radijatore namenjene za grejanje kupatali i su\u0161enje ve\u0161a i pe\u0161kira. Dostupan u razli\u010ditom dizajnu, mat ili sjajni, predstavlja idealno re\u0161enje kada Vam je potrebna elegancija sa visokim stepenom kvaliteta. Rade na struju. Model Mono: zavr\u0161na obrada u jednoj bojiModel Poli: zavr\u0161na obrada u dve bojeDr\u017ea\u010di pe\u0161kira: u boji \/ inoxIspitni pritisak: [&hellip;]<\/p>\n","protected":false},"featured_media":16752,"template":"","meta":[],"product_brand":[4328],"product_cat":[4249,4237],"product_tag":[],"class_list":{"0":"post-16751","1":"product","2":"type-product","3":"status-publish","4":"has-post-thumbnail","6":"product_brand-finesa","7":"product_cat-norveski-radijatori","8":"product_cat-radijatori","10":"first","11":"instock","12":"purchasable","13":"product-type-simple"},"_links":{"self":[{"href":"https:\/\/hidroterm.dmcsrbija.com\/ru\/wp-json\/wp\/v2\/product\/16751","targetHints":{"allow":["GET"]}}],"collection":[{"href":"https:\/\/hidroterm.dmcsrbija.com\/ru\/wp-json\/wp\/v2\/product"}],"about":[{"href":"https:\/\/hidroterm.dmcsrbija.com\/ru\/wp-json\/wp\/v2\/types\/product"}],"wp:featuredmedia":[{"embeddable":true,"href":"https:\/\/hidroterm.dmcsrbija.com\/ru\/wp-json\/wp\/v2\/media\/16752"}],"wp:attachment":[{"href":"https:\/\/hidroterm.dmcsrbija.com\/ru\/wp-json\/wp\/v2\/media?parent=16751"}],"wp:term":[{"taxonomy":"product_brand","embeddable":true,"href":"https:\/\/hidroterm.dmcsrbija.com\/ru\/wp-json\/wp\/v2\/product_brand?post=16751"},{"taxonomy":"product_cat","embeddable":true,"href":"https:\/\/hidroterm.dmcsrbija.com\/ru\/wp-json\/wp\/v2\/product_cat?post=16751"},{"taxonomy":"product_tag","embeddable":true,"href":"https:\/\/hidroterm.dmcsrbija.com\/ru\/wp-json\/wp\/v2\/product_tag?post=16751"}],"curies":[{"name":"wp","href":"https:\/\/api.w.org\/{rel}","templated":true}]}}