{"id":16735,"date":"2025-07-15T11:01:58","date_gmt":"2025-07-15T09:01:58","guid":{"rendered":"https:\/\/foxit-technology.com\/proizvod\/kotao-megal-mvs\/"},"modified":"2025-07-15T11:02:02","modified_gmt":"2025-07-15T09:02:02","slug":"kotao-megal-mvs","status":"publish","type":"product","link":"https:\/\/hidroterm.dmcsrbija.com\/ru\/proizvod\/kotao-megal-mvs\/","title":{"rendered":"Kotao Megal MVS"},"content":{"rendered":"<p>MVS serija kotlova Megal podrazumeva toplovodni kotao gde se sagorevanje vr\u0161i odozdo navi\u0161e, Sa oblikom lo\u017ei\u0161ta pogodnim i za sagorevanje te\u010dnih i gasovitih goriva ovaj kotao dobija univerzalnost u eksploataciji kao svoju osnovnu osobinu.<\/p>","protected":false},"excerpt":{"rendered":"<p>MVS serija kotlova Megal podrazumeva toplovodni kotao gde se sagorevanje vr\u0161i odozdo navi\u0161e, Sa oblikom lo\u017ei\u0161ta pogodnim i za sagorevanje te\u010dnih i gasovitih goriva ovaj kotao dobija univerzalnost u eksploataciji kao svoju osnovnu osobinu.<\/p>","protected":false},"featured_media":16736,"template":"","meta":[],"product_brand":[4198],"product_cat":[4193,4189],"product_tag":[],"class_list":{"0":"post-16735","1":"product","2":"type-product","3":"status-publish","4":"has-post-thumbnail","6":"product_brand-megal","7":"product_cat-celicni-kotlovi","8":"product_cat-kotlovi-na-cvrsto-gorivo","10":"first","11":"instock","12":"purchasable","13":"product-type-simple"},"_links":{"self":[{"href":"https:\/\/hidroterm.dmcsrbija.com\/ru\/wp-json\/wp\/v2\/product\/16735","targetHints":{"allow":["GET"]}}],"collection":[{"href":"https:\/\/hidroterm.dmcsrbija.com\/ru\/wp-json\/wp\/v2\/product"}],"about":[{"href":"https:\/\/hidroterm.dmcsrbija.com\/ru\/wp-json\/wp\/v2\/types\/product"}],"wp:featuredmedia":[{"embeddable":true,"href":"https:\/\/hidroterm.dmcsrbija.com\/ru\/wp-json\/wp\/v2\/media\/16736"}],"wp:attachment":[{"href":"https:\/\/hidroterm.dmcsrbija.com\/ru\/wp-json\/wp\/v2\/media?parent=16735"}],"wp:term":[{"taxonomy":"product_brand","embeddable":true,"href":"https:\/\/hidroterm.dmcsrbija.com\/ru\/wp-json\/wp\/v2\/product_brand?post=16735"},{"taxonomy":"product_cat","embeddable":true,"href":"https:\/\/hidroterm.dmcsrbija.com\/ru\/wp-json\/wp\/v2\/product_cat?post=16735"},{"taxonomy":"product_tag","embeddable":true,"href":"https:\/\/hidroterm.dmcsrbija.com\/ru\/wp-json\/wp\/v2\/product_tag?post=16735"}],"curies":[{"name":"wp","href":"https:\/\/api.w.org\/{rel}","templated":true}]}}