{"id":16695,"date":"2025-07-15T11:01:48","date_gmt":"2025-07-15T09:01:48","guid":{"rendered":"https:\/\/foxit-technology.com\/proizvod\/cep-zn\/"},"modified":"2025-10-13T12:31:15","modified_gmt":"2025-10-13T10:31:15","slug":"cep-zn","status":"publish","type":"product","link":"https:\/\/hidroterm.dmcsrbija.com\/ru\/proizvod\/cep-zn\/","title":{"rendered":"\u010cep ZN"},"content":{"rendered":"<p data-start=\"105\" data-end=\"617\"><strong data-start=\"105\" data-end=\"115\">\u010cep Zn<\/strong> je pocinkovani fiting izra\u0111en od visokokvalitetnog \u010delika sa slojem cinka koji pru\u017ea pouzdanu za\u0161titu od korozije i produ\u017eava vek trajanja instalacija. Namenjen je za zatvaranje krajeva cevi ili fitinga u vodovodnim, grejnim i industrijskim sistemima, obezbe\u0111uju\u0107i potpuno nepropusno spajanje.<br data-start=\"409\" data-end=\"412\" \/>Zahvaljuju\u0107i preciznoj izradi navoja i otpornosti na vlagu, hemijske uticaje i mehani\u010dka o\u0161te\u0107enja, \u010dep Zn je idealno re\u0161enje za unutra\u0161nju i spolja\u0161nju primenu, gde je potrebna \u010dvrsta i dugotrajna veza.<\/p>\n<p data-start=\"619\" data-end=\"638\"><strong data-start=\"619\" data-end=\"638\">Karakteristike:<\/strong><\/p>\n<ul data-start=\"639\" data-end=\"936\">\n<li data-start=\"639\" data-end=\"675\">\n<p data-start=\"641\" data-end=\"675\">Materijal: \u010delik sa slojem cinka<\/p>\n<\/li>\n<li data-start=\"676\" data-end=\"714\">\n<p data-start=\"678\" data-end=\"714\">Namena: zatvaranje zavr\u0161etaka cevi<\/p>\n<\/li>\n<li data-start=\"715\" data-end=\"773\">\n<p data-start=\"717\" data-end=\"773\">Visoka otpornost na koroziju, vlagu i hemijske uticaje<\/p>\n<\/li>\n<li data-start=\"774\" data-end=\"827\">\n<p data-start=\"776\" data-end=\"827\">Precizan navoj za sigurno i nepropusno zatvaranje<\/p>\n<\/li>\n<li data-start=\"828\" data-end=\"887\">\n<p data-start=\"830\" data-end=\"887\">Pogodno za vodovodne, grejne i industrijske instalacije<\/p>\n<\/li>\n<li data-start=\"888\" data-end=\"936\">\n<p data-start=\"890\" data-end=\"936\">Dugotrajan, pouzdan i jednostavan za monta\u017eu<\/p>\n<\/li>\n<\/ul>","protected":false},"excerpt":{"rendered":"<p>\u010cep Zn je pocinkovani fiting namenjen za sigurno zatvaranje krajeva cevi u vodovodnim, grejnim i industrijskim sistemima.<\/p>","protected":false},"featured_media":22009,"template":"","meta":[],"product_brand":[],"product_cat":[4296,4323],"product_tag":[],"class_list":{"0":"post-16695","1":"product","2":"type-product","3":"status-publish","4":"has-post-thumbnail","6":"product_cat-fiting","7":"product_cat-pocinkovani-fiting","9":"first","10":"instock","11":"purchasable","12":"product-type-variable"},"_links":{"self":[{"href":"https:\/\/hidroterm.dmcsrbija.com\/ru\/wp-json\/wp\/v2\/product\/16695","targetHints":{"allow":["GET"]}}],"collection":[{"href":"https:\/\/hidroterm.dmcsrbija.com\/ru\/wp-json\/wp\/v2\/product"}],"about":[{"href":"https:\/\/hidroterm.dmcsrbija.com\/ru\/wp-json\/wp\/v2\/types\/product"}],"wp:featuredmedia":[{"embeddable":true,"href":"https:\/\/hidroterm.dmcsrbija.com\/ru\/wp-json\/wp\/v2\/media\/22009"}],"wp:attachment":[{"href":"https:\/\/hidroterm.dmcsrbija.com\/ru\/wp-json\/wp\/v2\/media?parent=16695"}],"wp:term":[{"taxonomy":"product_brand","embeddable":true,"href":"https:\/\/hidroterm.dmcsrbija.com\/ru\/wp-json\/wp\/v2\/product_brand?post=16695"},{"taxonomy":"product_cat","embeddable":true,"href":"https:\/\/hidroterm.dmcsrbija.com\/ru\/wp-json\/wp\/v2\/product_cat?post=16695"},{"taxonomy":"product_tag","embeddable":true,"href":"https:\/\/hidroterm.dmcsrbija.com\/ru\/wp-json\/wp\/v2\/product_tag?post=16695"}],"curies":[{"name":"wp","href":"https:\/\/api.w.org\/{rel}","templated":true}]}}