{"id":16656,"date":"2025-07-15T11:01:37","date_gmt":"2025-07-15T09:01:37","guid":{"rendered":"https:\/\/foxit-technology.com\/proizvod\/reducir-pritiska\/"},"modified":"2025-09-11T12:41:27","modified_gmt":"2025-09-11T10:41:27","slug":"reducir-pritiska","status":"publish","type":"product","link":"https:\/\/hidroterm.dmcsrbija.com\/ru\/proizvod\/reducir-pritiska\/","title":{"rendered":"Reducir pritiska 1\/2&#8243;"},"content":{"rendered":"<h2 data-start=\"241\" data-end=\"310\"><strong>Reducir pritiska 1\/2&#8243; \u2013 stabilizacija i za\u0161tita vodovodnih sistema<\/strong><\/h2>\n<p data-start=\"312\" data-end=\"636\"><strong data-start=\"312\" data-end=\"337\">Reducir pritiska 1\/2&#8243;<\/strong> je klju\u010dna komponenta u vodovodnim i tehni\u010dkim instalacijama koja omogu\u0107ava <strong data-start=\"414\" data-end=\"461\">kontrolu i regulaciju ulaznog pritiska vode<\/strong>. Njegova osnovna funkcija je da snizi visoki ulazni pritisak na bezbedan i stabilan nivo, \u010dime se produ\u017eava vek trajanja sistema i \u0161tite sve povezane komponente od o\u0161te\u0107enja.<\/p>\n<hr data-start=\"749\" data-end=\"752\" \/>\n<h3 data-start=\"754\" data-end=\"781\"><strong>Tehni\u010dke karakteristike<\/strong><\/h3>\n<ul data-start=\"783\" data-end=\"1280\">\n<li data-start=\"828\" data-end=\"871\">\n<p data-start=\"830\" data-end=\"871\"><strong data-start=\"830\" data-end=\"854\">Dimenzija priklju\u010dka<\/strong>: 1\/2 cola(DN15)<\/p>\n<\/li>\n<li data-start=\"872\" data-end=\"926\">\n<p data-start=\"874\" data-end=\"926\"><strong data-start=\"874\" data-end=\"892\">Tip priklju\u010dka<\/strong>: Navojni (unutra\u0161nji navoj \u2013 F\/F)<\/p>\n<\/li>\n<li data-start=\"927\" data-end=\"960\">\n<p data-start=\"929\" data-end=\"960\"><strong data-start=\"929\" data-end=\"948\">Ulazni pritisak<\/strong>: do 16 bara<\/p>\n<\/li>\n<li data-start=\"961\" data-end=\"1056\">\n<p data-start=\"963\" data-end=\"1056\"><strong data-start=\"963\" data-end=\"996\">Izlazni (regulisani) pritisak<\/strong>: obi\u010dno pode\u0161avanje od 1 do 6 bara<\/p>\n<\/li>\n<li data-start=\"1057\" data-end=\"1116\">\n<p data-start=\"1059\" data-end=\"1116\"><strong data-start=\"1059\" data-end=\"1080\">Materijal ku\u0107i\u0161ta<\/strong>: Mesing<\/p>\n<\/li>\n<li data-start=\"1117\" data-end=\"1179\">\n<p data-start=\"1119\" data-end=\"1179\"><strong data-start=\"1119\" data-end=\"1131\">Zaptivke<\/strong>: EPDM ili NBR (otporne na toplotu i hemikalije)<\/p>\n<\/li>\n<li data-start=\"1180\" data-end=\"1220\">\n<p data-start=\"1182\" data-end=\"1220\"><strong data-start=\"1182\" data-end=\"1202\">Temperatura rada<\/strong>: od +5\u00b0C do +80\u00b0C<\/p>\n<\/li>\n<\/ul>\n<hr data-start=\"1282\" data-end=\"1285\" \/>\n<h3 data-start=\"1287\" data-end=\"1298\"><strong>Primena<\/strong><\/h3>\n<p data-start=\"1300\" data-end=\"1424\">Reducir pritiska 1\/2&#8243; nalazi \u0161iroku primenu u instalacijama gde je neophodno <strong data-start=\"1377\" data-end=\"1423\">stabilizovati pritisak i za\u0161tititi ure\u0111aje<\/strong>:<\/p>\n<ul data-start=\"1426\" data-end=\"1840\">\n<li data-start=\"1426\" data-end=\"1517\">\n<p data-start=\"1428\" data-end=\"1517\"><strong data-start=\"1431\" data-end=\"1456\">Doma\u0107instva i stanovi<\/strong> \u2013 za\u0161tita slavina, bojlera, ve\u0161 ma\u0161ina i proto\u010dnih greja\u010da<\/p>\n<\/li>\n<li data-start=\"1518\" data-end=\"1591\">\n<p data-start=\"1520\" data-end=\"1591\"><strong data-start=\"1523\" data-end=\"1542\">Stambene zgrade<\/strong> \u2013 regulacija ulaznog pritiska iz gradske mre\u017ee<\/p>\n<\/li>\n<li data-start=\"1592\" data-end=\"1672\">\n<p data-start=\"1594\" data-end=\"1672\"><strong data-start=\"1597\" data-end=\"1618\">Sanitarni sistemi<\/strong> \u2013 spre\u010davanje \u201cudara\u201d pritiska i prevelikog protoka<\/p>\n<\/li>\n<li data-start=\"1673\" data-end=\"1754\">\n<p data-start=\"1675\" data-end=\"1754\"><strong data-start=\"1679\" data-end=\"1705\">Manji tehni\u010dki sistemi<\/strong> \u2013 stabilizacija pritiska u opremi i cevovodima<\/p>\n<\/li>\n<li data-start=\"1755\" data-end=\"1840\">\n<p data-start=\"1757\" data-end=\"1840\"><strong data-start=\"1760\" data-end=\"1797\">Navodnjavanje i ba\u0161tenski sistemi<\/strong> \u2013 spre\u010davanje o\u0161te\u0107enja u kap po kap sistema<\/p>\n<\/li>\n<\/ul>\n<hr data-start=\"1842\" data-end=\"1845\" \/>\n<h3 data-start=\"1847\" data-end=\"1860\"><strong>Prednosti<\/strong><\/h3>\n<ul>\n<li data-start=\"1862\" data-end=\"2251\"><strong data-start=\"1864\" data-end=\"1903\">Za\u0161tita sistema od visokog pritiska<\/strong> \u2013 produ\u017eava radni vek ure\u0111aja i instalacije<\/li>\n<li data-start=\"1862\" data-end=\"2251\"><strong data-start=\"1952\" data-end=\"1994\">Stabilan i konstantan izlazni pritisak<\/strong> \u2013 bez oscilacija tokom rada<\/li>\n<li data-start=\"1862\" data-end=\"2251\"><strong data-start=\"2027\" data-end=\"2065\">Pode\u0161avanje pritiska prema potrebi<\/strong> \u2013 fleksibilnost za razli\u010dite namene<\/li>\n<li data-start=\"1862\" data-end=\"2251\"><strong data-start=\"2106\" data-end=\"2129\">Jednostavna monta\u017ea<\/strong> \u2013 navojni priklju\u010dci pogodni za brzu instalaciju<\/li>\n<li data-start=\"1862\" data-end=\"2251\"><strong data-start=\"2183\" data-end=\"2207\">Bezbedan rad sistema<\/strong> \u2013 spre\u010dava pojavu curenja, buke i o\u0161te\u0107enja<\/li>\n<\/ul>","protected":false},"excerpt":{"rendered":"<p><strong data-start=\"2273\" data-end=\"2298\">Reducir pritiska 1\/2&#8243;<\/strong> je nezaobilazan element u savremenim instalacijama koje zahtevaju <strong data-start=\"2365\" data-end=\"2406\">pouzdanost, stabilnost i dugotrajnost<\/strong>. Njegova uloga u o\u010duvanju celokupnog sistema i za\u0161titi opreme \u010dini ga va\u017enim delom svake vodovodne mre\u017ee.<\/p>","protected":false},"featured_media":16657,"template":"","meta":[],"product_brand":[4293],"product_cat":[4299],"product_tag":[],"class_list":{"0":"post-16656","1":"product","2":"type-product","3":"status-publish","4":"has-post-thumbnail","6":"product_brand-itap","7":"product_cat-armatura","9":"first","10":"instock","11":"purchasable","12":"product-type-simple"},"_links":{"self":[{"href":"https:\/\/hidroterm.dmcsrbija.com\/ru\/wp-json\/wp\/v2\/product\/16656","targetHints":{"allow":["GET"]}}],"collection":[{"href":"https:\/\/hidroterm.dmcsrbija.com\/ru\/wp-json\/wp\/v2\/product"}],"about":[{"href":"https:\/\/hidroterm.dmcsrbija.com\/ru\/wp-json\/wp\/v2\/types\/product"}],"wp:featuredmedia":[{"embeddable":true,"href":"https:\/\/hidroterm.dmcsrbija.com\/ru\/wp-json\/wp\/v2\/media\/16657"}],"wp:attachment":[{"href":"https:\/\/hidroterm.dmcsrbija.com\/ru\/wp-json\/wp\/v2\/media?parent=16656"}],"wp:term":[{"taxonomy":"product_brand","embeddable":true,"href":"https:\/\/hidroterm.dmcsrbija.com\/ru\/wp-json\/wp\/v2\/product_brand?post=16656"},{"taxonomy":"product_cat","embeddable":true,"href":"https:\/\/hidroterm.dmcsrbija.com\/ru\/wp-json\/wp\/v2\/product_cat?post=16656"},{"taxonomy":"product_tag","embeddable":true,"href":"https:\/\/hidroterm.dmcsrbija.com\/ru\/wp-json\/wp\/v2\/product_tag?post=16656"}],"curies":[{"name":"wp","href":"https:\/\/api.w.org\/{rel}","templated":true}]}}