{"id":16638,"date":"2025-07-15T11:01:28","date_gmt":"2025-07-15T09:01:28","guid":{"rendered":"https:\/\/foxit-technology.com\/proizvod\/kugla-ventil-mf\/"},"modified":"2025-10-14T15:39:55","modified_gmt":"2025-10-14T13:39:55","slug":"kugla-ventil-mf","status":"publish","type":"product","link":"https:\/\/hidroterm.dmcsrbija.com\/ru\/proizvod\/kugla-ventil-mf\/","title":{"rendered":"Kugla ventil MF"},"content":{"rendered":"<p data-start=\"81\" data-end=\"553\">Kugla ventil M\/F je kvalitetan mesingani ventil sa mu\u0161kim i \u017eenskim navojem, namenjen za kontrolu i zatvaranje protoka vode, vazduha i drugih te\u010dnosti. Zahvaljuju\u0107i kuglastom mehanizmu, omogu\u0107ava brzo i jednostavno otvaranje i zatvaranje, bez gubitka pritiska i curenja. Izra\u0111en od mesinga otpornog na koroziju i visoke temperature, ovaj ventil pru\u017ea dugotrajnu pouzdanost i stabilan rad. Idealno re\u0161enje za vodovodne, grejne i industrijske instalacije.<\/p>\n<p data-start=\"555\" data-end=\"576\"><strong data-start=\"555\" data-end=\"574\">Karakteristike:<\/strong><\/p>\n<ul data-start=\"577\" data-end=\"983\">\n<li data-start=\"577\" data-end=\"639\">\n<p data-start=\"579\" data-end=\"639\">Materijal: mesing otporan na koroziju i visoke temperature<\/p>\n<\/li>\n<li data-start=\"640\" data-end=\"669\">\n<p data-start=\"642\" data-end=\"669\">Navoj: M\/F (mu\u0161ki\/\u017eenski)<\/p>\n<\/li>\n<li data-start=\"670\" data-end=\"742\">\n<p data-start=\"672\" data-end=\"742\">Mehanizam: kuglasti ventil za potpuno otvaranje i zatvaranje protoka<\/p>\n<\/li>\n<li data-start=\"743\" data-end=\"797\">\n<p data-start=\"745\" data-end=\"797\">Ru\u010dica za jednostavno rukovanje i kontrolu protoka<\/p>\n<\/li>\n<li data-start=\"798\" data-end=\"832\">\n<p data-start=\"800\" data-end=\"832\">Pogodan za hladnu i toplu vodu<\/p>\n<\/li>\n<li data-start=\"833\" data-end=\"875\">\n<p data-start=\"835\" data-end=\"875\">Visoka otpornost na pritisak i habanje<\/p>\n<\/li>\n<li data-start=\"876\" data-end=\"932\">\n<p data-start=\"878\" data-end=\"932\">Kompaktan dizajn koji omogu\u0107ava jednostavnu ugradnju<\/p>\n<\/li>\n<li data-start=\"933\" data-end=\"983\">\n<p data-start=\"935\" data-end=\"983\">Dug vek trajanja i pouzdan rad u svim uslovima<\/p>\n<\/li>\n<\/ul>","protected":false},"excerpt":{"rendered":"<p>Mesingani kugla ventil sa mu\u0161kim i \u017eenskim navojem, otporan na koroziju i pritisak, namenjen za kontrolu protoka u vodovodnim i grejnim instalacijama.<\/p>","protected":false},"featured_media":22207,"template":"","meta":[],"product_brand":[],"product_cat":[4296,4297],"product_tag":[],"class_list":{"0":"post-16638","1":"product","2":"type-product","3":"status-publish","4":"has-post-thumbnail","6":"product_cat-fiting","7":"product_cat-kugla-ventili","9":"first","10":"instock","11":"purchasable","12":"product-type-variable"},"_links":{"self":[{"href":"https:\/\/hidroterm.dmcsrbija.com\/ru\/wp-json\/wp\/v2\/product\/16638","targetHints":{"allow":["GET"]}}],"collection":[{"href":"https:\/\/hidroterm.dmcsrbija.com\/ru\/wp-json\/wp\/v2\/product"}],"about":[{"href":"https:\/\/hidroterm.dmcsrbija.com\/ru\/wp-json\/wp\/v2\/types\/product"}],"wp:featuredmedia":[{"embeddable":true,"href":"https:\/\/hidroterm.dmcsrbija.com\/ru\/wp-json\/wp\/v2\/media\/22207"}],"wp:attachment":[{"href":"https:\/\/hidroterm.dmcsrbija.com\/ru\/wp-json\/wp\/v2\/media?parent=16638"}],"wp:term":[{"taxonomy":"product_brand","embeddable":true,"href":"https:\/\/hidroterm.dmcsrbija.com\/ru\/wp-json\/wp\/v2\/product_brand?post=16638"},{"taxonomy":"product_cat","embeddable":true,"href":"https:\/\/hidroterm.dmcsrbija.com\/ru\/wp-json\/wp\/v2\/product_cat?post=16638"},{"taxonomy":"product_tag","embeddable":true,"href":"https:\/\/hidroterm.dmcsrbija.com\/ru\/wp-json\/wp\/v2\/product_tag?post=16638"}],"curies":[{"name":"wp","href":"https:\/\/api.w.org\/{rel}","templated":true}]}}