{"id":16634,"date":"2025-07-15T11:01:28","date_gmt":"2025-07-15T09:01:28","guid":{"rendered":"https:\/\/foxit-technology.com\/proizvod\/kugla-ventil-f-f\/"},"modified":"2025-10-14T14:59:00","modified_gmt":"2025-10-14T12:59:00","slug":"kugla-ventil-f-f","status":"publish","type":"product","link":"https:\/\/hidroterm.dmcsrbija.com\/ru\/proizvod\/kugla-ventil-f-f\/","title":{"rendered":"Kugla ventil F\/F"},"content":{"rendered":"<p data-start=\"90\" data-end=\"625\">Kugla ventil F\/F je visokokvalitetni mesingani ventil sa navojem sa obe strane (female\/female), namenjen za jednostavno i sigurno upravljanje protokom vode, vazduha ili drugih te\u010dnosti. Zahvaljuju\u0107i kuglastom mehanizmu, obezbe\u0111uje brzo otvaranje i zatvaranje protoka bez gubitka pritiska. Ventil je izra\u0111en od mesinga otpor\u00adnog na koroziju i visoke temperature, \u0161to garantuje dug vek trajanja i pouzdan rad u svim uslovima. Pogodan je za upotrebu u vodovodnim, grejnim, klimatizacionim i industrijskim instalacijama.<\/p>\n<p data-start=\"627\" data-end=\"648\"><strong data-start=\"627\" data-end=\"646\">Karakteristike:<\/strong><\/p>\n<ul data-start=\"649\" data-end=\"883\">\n<li data-start=\"649\" data-end=\"690\">\n<p data-start=\"651\" data-end=\"690\">Materijal: mesing otporan na koroziju<\/p>\n<\/li>\n<li data-start=\"691\" data-end=\"721\">\n<p data-start=\"693\" data-end=\"721\">Navoj: F\/F (\u017eenski\/\u017eenski)<\/p>\n<\/li>\n<li data-start=\"722\" data-end=\"761\">\n<p data-start=\"724\" data-end=\"761\">Jednostavno rukovanje ru\u010dkom na 90\u00b0<\/p>\n<\/li>\n<li data-start=\"762\" data-end=\"811\">\n<p data-start=\"764\" data-end=\"811\">Obezbe\u0111uje potpun protok bez gubitka pritiska<\/p>\n<\/li>\n<li data-start=\"812\" data-end=\"846\">\n<p data-start=\"814\" data-end=\"846\">Pogodan za hladnu i toplu vodu<\/p>\n<\/li>\n<li data-start=\"847\" data-end=\"883\">\n<p data-start=\"849\" data-end=\"883\">Visoka izdr\u017eljivost i pouzdanost<\/p>\n<\/li>\n<\/ul>","protected":false},"excerpt":{"rendered":"<p data-start=\"885\" data-end=\"1047\">Mesingani kugla ventil sa \u017eenskim navojem sa obe strane, otporan na koroziju i namenjen za kontrolu protoka u vodovodnim i grejnim sistemima.<\/p>","protected":false},"featured_media":22165,"template":"","meta":[],"product_brand":[],"product_cat":[4296,4297],"product_tag":[],"class_list":{"0":"post-16634","1":"product","2":"type-product","3":"status-publish","4":"has-post-thumbnail","6":"product_cat-fiting","7":"product_cat-kugla-ventili","9":"first","10":"instock","11":"purchasable","12":"product-type-variable"},"_links":{"self":[{"href":"https:\/\/hidroterm.dmcsrbija.com\/ru\/wp-json\/wp\/v2\/product\/16634","targetHints":{"allow":["GET"]}}],"collection":[{"href":"https:\/\/hidroterm.dmcsrbija.com\/ru\/wp-json\/wp\/v2\/product"}],"about":[{"href":"https:\/\/hidroterm.dmcsrbija.com\/ru\/wp-json\/wp\/v2\/types\/product"}],"wp:featuredmedia":[{"embeddable":true,"href":"https:\/\/hidroterm.dmcsrbija.com\/ru\/wp-json\/wp\/v2\/media\/22165"}],"wp:attachment":[{"href":"https:\/\/hidroterm.dmcsrbija.com\/ru\/wp-json\/wp\/v2\/media?parent=16634"}],"wp:term":[{"taxonomy":"product_brand","embeddable":true,"href":"https:\/\/hidroterm.dmcsrbija.com\/ru\/wp-json\/wp\/v2\/product_brand?post=16634"},{"taxonomy":"product_cat","embeddable":true,"href":"https:\/\/hidroterm.dmcsrbija.com\/ru\/wp-json\/wp\/v2\/product_cat?post=16634"},{"taxonomy":"product_tag","embeddable":true,"href":"https:\/\/hidroterm.dmcsrbija.com\/ru\/wp-json\/wp\/v2\/product_tag?post=16634"}],"curies":[{"name":"wp","href":"https:\/\/api.w.org\/{rel}","templated":true}]}}