{"id":16603,"date":"2025-07-15T11:01:16","date_gmt":"2025-07-15T09:01:16","guid":{"rendered":"https:\/\/foxit-technology.com\/proizvod\/pasta-m-lem-250g-siva-sa-cetkicom\/"},"modified":"2025-12-25T08:15:50","modified_gmt":"2025-12-25T07:15:50","slug":"pasta-m-lem-250g-siva-sa-cetkicom","status":"publish","type":"product","link":"https:\/\/hidroterm.dmcsrbija.com\/ru\/proizvod\/pasta-m-lem-250g-siva-sa-cetkicom\/","title":{"rendered":"Pasta m. lem 250g siva sa \u010detkicom"},"content":{"rendered":"<p>Monta\u017eni i pomo\u0107ni materijal za izvo\u0111enje radova centralnog grejanja<\/p>","protected":false},"excerpt":{"rendered":"<p>Monta\u017eni i pomo\u0107ni materijal za izvo\u0111enje radova centralnog grejanja<\/p>","protected":false},"featured_media":16604,"template":"","meta":[],"product_brand":[],"product_cat":[4321],"product_tag":[],"class_list":{"0":"post-16603","1":"product","2":"type-product","3":"status-publish","4":"has-post-thumbnail","6":"product_cat-montazni-materijal","8":"first","9":"instock","10":"purchasable","11":"product-type-simple"},"_links":{"self":[{"href":"https:\/\/hidroterm.dmcsrbija.com\/ru\/wp-json\/wp\/v2\/product\/16603","targetHints":{"allow":["GET"]}}],"collection":[{"href":"https:\/\/hidroterm.dmcsrbija.com\/ru\/wp-json\/wp\/v2\/product"}],"about":[{"href":"https:\/\/hidroterm.dmcsrbija.com\/ru\/wp-json\/wp\/v2\/types\/product"}],"wp:featuredmedia":[{"embeddable":true,"href":"https:\/\/hidroterm.dmcsrbija.com\/ru\/wp-json\/wp\/v2\/media\/16604"}],"wp:attachment":[{"href":"https:\/\/hidroterm.dmcsrbija.com\/ru\/wp-json\/wp\/v2\/media?parent=16603"}],"wp:term":[{"taxonomy":"product_brand","embeddable":true,"href":"https:\/\/hidroterm.dmcsrbija.com\/ru\/wp-json\/wp\/v2\/product_brand?post=16603"},{"taxonomy":"product_cat","embeddable":true,"href":"https:\/\/hidroterm.dmcsrbija.com\/ru\/wp-json\/wp\/v2\/product_cat?post=16603"},{"taxonomy":"product_tag","embeddable":true,"href":"https:\/\/hidroterm.dmcsrbija.com\/ru\/wp-json\/wp\/v2\/product_tag?post=16603"}],"curies":[{"name":"wp","href":"https:\/\/api.w.org\/{rel}","templated":true}]}}