{"id":16591,"date":"2025-07-15T11:01:16","date_gmt":"2025-07-15T09:01:16","guid":{"rendered":"https:\/\/foxit-technology.com\/proizvod\/map-gas\/"},"modified":"2025-07-15T11:01:22","modified_gmt":"2025-07-15T09:01:22","slug":"map-gas","status":"publish","type":"product","link":"https:\/\/hidroterm.dmcsrbija.com\/ru\/proizvod\/map-gas\/","title":{"rendered":"Map Gas"},"content":{"rendered":"<p><strong>Monta\u017eni i pomo\u0107ni materijal za izvo\u0111enje radova centralnog grejanja<\/strong><\/p>\n<p>&nbsp;<\/p>\n<ol>\n<li><span style=\"color: #ff0000;\"><strong> Razlika u sastavu MAPP gasa i MAPP PRO gasa<\/strong><\/span><\/li>\n<\/ol>\n<p>Mapp gas (metilacetilen-propadien propan) je bio originalna formula, koja se uglavnom sastojala od metilacetilena i propadiena, pome\u0161anog sa nekim propanom i drugim ugljovodonicima.<\/p>\n<p>Mapp Pro je uglavnom propan ili propilen visoke \u010distoc\u0301e i ne sadr\u017ei metilacetilen i alilen, tako da striktno nije originalni MAPP gas.<\/p>\n<p>Mapp Pro gas produ\u017eava vek trajanja brenera usled manje potro\u0161nje i efikasnijeg kori\u0161\u0107enja, smanjuje vreme lemljenja. Standard EU.<\/p>\n<ol start=\"2\">\n<li><strong> Temperatura sagorevanja<\/strong><\/li>\n<\/ol>\n<p>Mapp gas ima maksimalnu temperaturu sagorevanja od 2,020\u00b0C (3,670\u00b0F), \u0161to je vi\u0161e od Mapp Pro i pogodno je za industrijske primene koje zahtevaju vi\u0161e temperature.<\/p>\n<p>Mapp Pro ima maksimalnu temperaturu od pribli\u017eno 1.950\u00b0C (3.550\u00b0F), ne\u0161to ni\u017eu od originalnog Mapp gasa, ali jo\u0161 toplije od obi\u010dnog propana, \u0161to ga \u010dini pogodnim za vec\u0301inu aplikacija u obradi metala i zavarivanju.<\/p>\n<ol start=\"3\">\n<li><strong> Scenario aplikacije<\/strong><\/li>\n<\/ol>\n<p>Mapp gas je pogodan za industrijske primene kao \u0161to su zavarivanje na visokoj temperaturi, se\u010denje i lemljenje zbog izuzetno visoke temperature sagorevanja<\/p>\n<p>Mapp Pro je pogodan za zavarivanje cevi, spajanje bakarnih cevi, lemljenje, grejanje i kuvanje, itd.<\/p>\n<p>\u0160iroko se koristi za HVAC (grejanje, ventilaciju i klimatizaciju) i popravku cevi, ali ne i za visoko precizno zavarivanje.<\/p>\n<p>&nbsp;<\/p>\n<p><img decoding=\"async\" src=\"images\/Mapp_pro_gas_3f709.jpg\" alt=\"Mapp pro gas 3f709\" \/><\/p>","protected":false},"excerpt":{"rendered":"<p>Monta\u017eni i pomo\u0107ni materijal za izvo\u0111enje radova centralnog grejanja &nbsp; Razlika u sastavu MAPP gasa i MAPP PRO gasa Mapp gas (metilacetilen-propadien propan) je bio originalna formula, koja se uglavnom sastojala od metilacetilena i propadiena, pome\u0161anog sa nekim propanom i drugim ugljovodonicima. Mapp Pro je uglavnom propan ili propilen visoke \u010distoc\u0301e i ne sadr\u017ei metilacetilen [&hellip;]<\/p>\n","protected":false},"featured_media":16592,"template":"","meta":[],"product_brand":[],"product_cat":[4321],"product_tag":[],"class_list":{"0":"post-16591","1":"product","2":"type-product","3":"status-publish","4":"has-post-thumbnail","6":"product_cat-montazni-materijal","8":"first","9":"instock","10":"purchasable","11":"product-type-simple"},"_links":{"self":[{"href":"https:\/\/hidroterm.dmcsrbija.com\/ru\/wp-json\/wp\/v2\/product\/16591","targetHints":{"allow":["GET"]}}],"collection":[{"href":"https:\/\/hidroterm.dmcsrbija.com\/ru\/wp-json\/wp\/v2\/product"}],"about":[{"href":"https:\/\/hidroterm.dmcsrbija.com\/ru\/wp-json\/wp\/v2\/types\/product"}],"wp:featuredmedia":[{"embeddable":true,"href":"https:\/\/hidroterm.dmcsrbija.com\/ru\/wp-json\/wp\/v2\/media\/16592"}],"wp:attachment":[{"href":"https:\/\/hidroterm.dmcsrbija.com\/ru\/wp-json\/wp\/v2\/media?parent=16591"}],"wp:term":[{"taxonomy":"product_brand","embeddable":true,"href":"https:\/\/hidroterm.dmcsrbija.com\/ru\/wp-json\/wp\/v2\/product_brand?post=16591"},{"taxonomy":"product_cat","embeddable":true,"href":"https:\/\/hidroterm.dmcsrbija.com\/ru\/wp-json\/wp\/v2\/product_cat?post=16591"},{"taxonomy":"product_tag","embeddable":true,"href":"https:\/\/hidroterm.dmcsrbija.com\/ru\/wp-json\/wp\/v2\/product_tag?post=16591"}],"curies":[{"name":"wp","href":"https:\/\/api.w.org\/{rel}","templated":true}]}}