{"id":16583,"date":"2025-07-15T11:01:16","date_gmt":"2025-07-15T09:01:16","guid":{"rendered":"https:\/\/foxit-technology.com\/proizvod\/sobni-termostat-prosmart-wi-fi\/"},"modified":"2025-07-15T11:01:20","modified_gmt":"2025-07-15T09:01:20","slug":"sobni-termostat-prosmart-wi-fi","status":"publish","type":"product","link":"https:\/\/hidroterm.dmcsrbija.com\/ru\/proizvod\/sobni-termostat-prosmart-wi-fi\/","title":{"rendered":"Sobni termostat ProSmart Wi Fi"},"content":{"rendered":"<p>ProSmart sobni tersmostat je proizvod koji omoguc\u0301ava brzu automatizaciju svakog elektri\u010dnog ure\u0111aja, bez obzira na model. Tehnologija postavljena u ProSmart ure\u0111ajima omoguc\u0301ava da se pove\u017ee sa bilo kojim be\u017ei\u010dnim internetom, bez potrebe za dodatnim pode\u0161avanjima. ProSmart je slo\u017een sistem pomoc\u0301u kog be\u017ei\u010dno putem telefona, uklju\u010dujete i isklju\u010dujete ure\u0111aje i upravljate i prilagodjavate istovremeno sa vi\u0161e ure\u0111aja u va\u0161em domu ili kancelariji. Ovaj ure\u0111aj nema ekran na termostatu koji stoji u sobi, ve\u0107 se njime upravlja putem mobilne aplikacije, dok na osnovu ure\u0111aja koji stoji u sobi meri temperaturu.<\/p>","protected":false},"excerpt":{"rendered":"<p>ProSmart sobni tersmostat je proizvod koji omoguc\u0301ava brzu automatizaciju svakog elektri\u010dnog ure\u0111aja, bez obzira na model. Tehnologija postavljena u ProSmart ure\u0111ajima omoguc\u0301ava da se pove\u017ee sa bilo kojim be\u017ei\u010dnim internetom, bez potrebe za dodatnim pode\u0161avanjima. ProSmart je slo\u017een sistem pomoc\u0301u kog be\u017ei\u010dno putem telefona, uklju\u010dujete i isklju\u010dujete ure\u0111aje i upravljate i prilagodjavate istovremeno sa vi\u0161e [&hellip;]<\/p>\n","protected":false},"featured_media":16584,"template":"","meta":[],"product_brand":[4320],"product_cat":[4317],"product_tag":[],"class_list":{"0":"post-16583","1":"product","2":"type-product","3":"status-publish","4":"has-post-thumbnail","6":"product_brand-pro-smart","7":"product_cat-sobni-termostati","9":"first","10":"instock","11":"purchasable","12":"product-type-simple"},"_links":{"self":[{"href":"https:\/\/hidroterm.dmcsrbija.com\/ru\/wp-json\/wp\/v2\/product\/16583","targetHints":{"allow":["GET"]}}],"collection":[{"href":"https:\/\/hidroterm.dmcsrbija.com\/ru\/wp-json\/wp\/v2\/product"}],"about":[{"href":"https:\/\/hidroterm.dmcsrbija.com\/ru\/wp-json\/wp\/v2\/types\/product"}],"wp:featuredmedia":[{"embeddable":true,"href":"https:\/\/hidroterm.dmcsrbija.com\/ru\/wp-json\/wp\/v2\/media\/16584"}],"wp:attachment":[{"href":"https:\/\/hidroterm.dmcsrbija.com\/ru\/wp-json\/wp\/v2\/media?parent=16583"}],"wp:term":[{"taxonomy":"product_brand","embeddable":true,"href":"https:\/\/hidroterm.dmcsrbija.com\/ru\/wp-json\/wp\/v2\/product_brand?post=16583"},{"taxonomy":"product_cat","embeddable":true,"href":"https:\/\/hidroterm.dmcsrbija.com\/ru\/wp-json\/wp\/v2\/product_cat?post=16583"},{"taxonomy":"product_tag","embeddable":true,"href":"https:\/\/hidroterm.dmcsrbija.com\/ru\/wp-json\/wp\/v2\/product_tag?post=16583"}],"curies":[{"name":"wp","href":"https:\/\/api.w.org\/{rel}","templated":true}]}}