{"id":16575,"date":"2025-07-15T11:01:16","date_gmt":"2025-07-15T09:01:16","guid":{"rendered":"https:\/\/foxit-technology.com\/proizvod\/sobni-termostat-auraton-2025-zicani-programski\/"},"modified":"2025-07-15T11:01:18","modified_gmt":"2025-07-15T09:01:18","slug":"sobni-termostat-auraton-2025-zicani-programski","status":"publish","type":"product","link":"https:\/\/hidroterm.dmcsrbija.com\/ru\/proizvod\/sobni-termostat-auraton-2025-zicani-programski\/","title":{"rendered":"Sobni termostat Auraton 2025 zicani programski"},"content":{"rendered":"<p>AURATON 2025 je programski regulator sobne temperature jednostavan za programiranje. Ima 4 nezavisne, lako podesive temperature &#8211; udobna, ekonomi\u010dna, odmor i protiv zamrzavanja. Ima tri fabri\u010dki pode\u0161ena programa i sedam korisni\u010dki-promenljivih.<\/p>","protected":false},"excerpt":{"rendered":"<p>AURATON 2025 je programski regulator sobne temperature jednostavan za programiranje. Ima 4 nezavisne, lako podesive temperature &#8211; udobna, ekonomi\u010dna, odmor i protiv zamrzavanja. Ima tri fabri\u010dki pode\u0161ena programa i sedam korisni\u010dki-promenljivih.<\/p>","protected":false},"featured_media":16576,"template":"","meta":[],"product_brand":[4318],"product_cat":[4317],"product_tag":[],"class_list":{"0":"post-16575","1":"product","2":"type-product","3":"status-publish","4":"has-post-thumbnail","6":"product_brand-auraton","7":"product_cat-sobni-termostati","9":"first","10":"instock","11":"purchasable","12":"product-type-simple"},"_links":{"self":[{"href":"https:\/\/hidroterm.dmcsrbija.com\/ru\/wp-json\/wp\/v2\/product\/16575","targetHints":{"allow":["GET"]}}],"collection":[{"href":"https:\/\/hidroterm.dmcsrbija.com\/ru\/wp-json\/wp\/v2\/product"}],"about":[{"href":"https:\/\/hidroterm.dmcsrbija.com\/ru\/wp-json\/wp\/v2\/types\/product"}],"wp:featuredmedia":[{"embeddable":true,"href":"https:\/\/hidroterm.dmcsrbija.com\/ru\/wp-json\/wp\/v2\/media\/16576"}],"wp:attachment":[{"href":"https:\/\/hidroterm.dmcsrbija.com\/ru\/wp-json\/wp\/v2\/media?parent=16575"}],"wp:term":[{"taxonomy":"product_brand","embeddable":true,"href":"https:\/\/hidroterm.dmcsrbija.com\/ru\/wp-json\/wp\/v2\/product_brand?post=16575"},{"taxonomy":"product_cat","embeddable":true,"href":"https:\/\/hidroterm.dmcsrbija.com\/ru\/wp-json\/wp\/v2\/product_cat?post=16575"},{"taxonomy":"product_tag","embeddable":true,"href":"https:\/\/hidroterm.dmcsrbija.com\/ru\/wp-json\/wp\/v2\/product_tag?post=16575"}],"curies":[{"name":"wp","href":"https:\/\/api.w.org\/{rel}","templated":true}]}}