{"id":16569,"date":"2025-07-15T11:01:04","date_gmt":"2025-07-15T09:01:04","guid":{"rendered":"https:\/\/foxit-technology.com\/proizvod\/sobni-termostat-nero-zicani-nq3\/"},"modified":"2025-07-15T11:01:12","modified_gmt":"2025-07-15T09:01:12","slug":"sobni-termostat-nero-zicani-nq3","status":"publish","type":"product","link":"https:\/\/hidroterm.dmcsrbija.com\/ru\/proizvod\/sobni-termostat-nero-zicani-nq3\/","title":{"rendered":"Sobni termostat NERO \u017ei\u010dani NQ3"},"content":{"rendered":"<p>Sobni termostat Q3 se mo\u017ee koristiti za regulisanje gotovo svih tipova kotlova, koji se mogu nabav iti u Srbiji. Jednostavno se mo\u017ee priklju\u010diti na svaki tip gasnog kotla ili klima ure \u0111aja pomo\u0107u odgovaraju\u0107eg priklju\u010dka nezavisno od visine radnog napona na priklju\u010dku (24 V ili 230 V). Digitalni displej ovog termostata omogu \u0107uje preciznije merenje i pode\u0161avanje temperature nego kod jednostavnih, tradicionalnih termostata. Osetljivost uklju\u010denja termostata je \u00b1 0,2\u00b0C (\u00b1 0,3\u00b0C). Pod ovim se podrazumeva razlika u temperaturi izme\u0111u pode\u0161ene temperature i stvarno izmerene vrednosti temperature prilikom uklju\u010denja. Ako npr. pode\u0161ena vrednost na termostatu iznosi 20\u00b0C, tada \u0107e ure\u0111aj na temperaturi od 19,8\u00b0C ili ispod nje da uklju \u010diti, odnosno na 20,2\u00b0C ili iznad nje da isklju\u010di kotao.<\/p>","protected":false},"excerpt":{"rendered":"<p>Sobni termostat Q3 se mo\u017ee koristiti za regulisanje gotovo svih tipova kotlova, koji se mogu nabav iti u Srbiji. Jednostavno se mo\u017ee priklju\u010diti na svaki tip gasnog kotla ili klima ure \u0111aja pomo\u0107u odgovaraju\u0107eg priklju\u010dka nezavisno od visine radnog napona na priklju\u010dku (24 V ili 230 V). Digitalni displej ovog termostata omogu \u0107uje preciznije merenje [&hellip;]<\/p>\n","protected":false},"featured_media":16570,"template":"","meta":[],"product_brand":[],"product_cat":[4317],"product_tag":[],"class_list":{"0":"post-16569","1":"product","2":"type-product","3":"status-publish","4":"has-post-thumbnail","6":"product_cat-sobni-termostati","8":"first","9":"instock","10":"purchasable","11":"product-type-simple"},"_links":{"self":[{"href":"https:\/\/hidroterm.dmcsrbija.com\/ru\/wp-json\/wp\/v2\/product\/16569","targetHints":{"allow":["GET"]}}],"collection":[{"href":"https:\/\/hidroterm.dmcsrbija.com\/ru\/wp-json\/wp\/v2\/product"}],"about":[{"href":"https:\/\/hidroterm.dmcsrbija.com\/ru\/wp-json\/wp\/v2\/types\/product"}],"wp:featuredmedia":[{"embeddable":true,"href":"https:\/\/hidroterm.dmcsrbija.com\/ru\/wp-json\/wp\/v2\/media\/16570"}],"wp:attachment":[{"href":"https:\/\/hidroterm.dmcsrbija.com\/ru\/wp-json\/wp\/v2\/media?parent=16569"}],"wp:term":[{"taxonomy":"product_brand","embeddable":true,"href":"https:\/\/hidroterm.dmcsrbija.com\/ru\/wp-json\/wp\/v2\/product_brand?post=16569"},{"taxonomy":"product_cat","embeddable":true,"href":"https:\/\/hidroterm.dmcsrbija.com\/ru\/wp-json\/wp\/v2\/product_cat?post=16569"},{"taxonomy":"product_tag","embeddable":true,"href":"https:\/\/hidroterm.dmcsrbija.com\/ru\/wp-json\/wp\/v2\/product_tag?post=16569"}],"curies":[{"name":"wp","href":"https:\/\/api.w.org\/{rel}","templated":true}]}}