{"id":16567,"date":"2025-07-15T11:01:04","date_gmt":"2025-07-15T09:01:04","guid":{"rendered":"https:\/\/foxit-technology.com\/proizvod\/sobni-termostat-nero-programski-zicani-nq7\/"},"modified":"2025-10-01T14:54:14","modified_gmt":"2025-10-01T12:54:14","slug":"sobni-termostat-nero-programski-zicani-nq7","status":"publish","type":"product","link":"https:\/\/hidroterm.dmcsrbija.com\/ru\/proizvod\/sobni-termostat-nero-programski-zicani-nq7\/","title":{"rendered":"\u041f\u0440\u043e\u0432\u043e\u0434\u043d\u043e\u0439 \u043f\u0440\u043e\u0433\u0440\u0430\u043c\u043c\u0438\u0440\u0443\u0435\u043c\u044b\u0439 \u043a\u043e\u043c\u043d\u0430\u0442\u043d\u044b\u0439 \u0442\u0435\u0440\u043c\u043e\u0441\u0442\u0430\u0442 NERO NQ7"},"content":{"rendered":"<p>Za svaki pojedini dan u nedelji mo\u017ee se podesiti poseban temperaturni program. Mogu\u0107nost pode\u0161avanja 6 vremena uklju\u010denja dnevno, a uz svako vreme se mo\u017ee podesiti posebna temperatura. Jednostavno programiranje. Pode\u0161avanje programa koji se ponavljaju olak\u0161an je funkcijom COPY. Mogu\u0107nost izbora osetljivosti uklju\u010denja: \u00b10,2\u00b0C (za radijatorsko grejanje) i +0\/-0,2\u00b0C (za podno grejanje) \u010cetiri razli\u010dite mogu\u0107nosti za privremenu izmenu programirane temperature: promena temperature do uklju\u010denja slede\u0107eg programa promena temperature na period od 1 do 9 sati (party-program) promena temperature na period od 1 do 99 dana (program za godi\u0161nji odmor) promena temperature do slede\u0107e manualne intervencije (isklju\u010denje programa)<\/p>","protected":false},"excerpt":{"rendered":"<p>Za svaki pojedini dan u nedelji mo\u017ee se podesiti poseban temperaturni program. Mogu\u0107nost pode\u0161avanja 6 vremena uklju\u010denja dnevno, a uz svako vreme se mo\u017ee podesiti posebna temperatura. Jednostavno programiranje. Pode\u0161avanje programa koji se ponavljaju olak\u0161an je funkcijom COPY. Mogu\u0107nost izbora osetljivosti uklju\u010denja: \u00b10,2\u00b0C (za radijatorsko grejanje) i +0\/-0,2\u00b0C (za podno grejanje) \u010cetiri razli\u010dite mogu\u0107nosti za [&hellip;]<\/p>\n","protected":false},"featured_media":16568,"template":"","meta":[],"product_brand":[],"product_cat":[4317],"product_tag":[],"class_list":{"0":"post-16567","1":"product","2":"type-product","3":"status-publish","4":"has-post-thumbnail","6":"product_cat-sobni-termostati","8":"first","9":"instock","10":"featured","11":"purchasable","12":"product-type-simple"},"_links":{"self":[{"href":"https:\/\/hidroterm.dmcsrbija.com\/ru\/wp-json\/wp\/v2\/product\/16567","targetHints":{"allow":["GET"]}}],"collection":[{"href":"https:\/\/hidroterm.dmcsrbija.com\/ru\/wp-json\/wp\/v2\/product"}],"about":[{"href":"https:\/\/hidroterm.dmcsrbija.com\/ru\/wp-json\/wp\/v2\/types\/product"}],"wp:featuredmedia":[{"embeddable":true,"href":"https:\/\/hidroterm.dmcsrbija.com\/ru\/wp-json\/wp\/v2\/media\/16568"}],"wp:attachment":[{"href":"https:\/\/hidroterm.dmcsrbija.com\/ru\/wp-json\/wp\/v2\/media?parent=16567"}],"wp:term":[{"taxonomy":"product_brand","embeddable":true,"href":"https:\/\/hidroterm.dmcsrbija.com\/ru\/wp-json\/wp\/v2\/product_brand?post=16567"},{"taxonomy":"product_cat","embeddable":true,"href":"https:\/\/hidroterm.dmcsrbija.com\/ru\/wp-json\/wp\/v2\/product_cat?post=16567"},{"taxonomy":"product_tag","embeddable":true,"href":"https:\/\/hidroterm.dmcsrbija.com\/ru\/wp-json\/wp\/v2\/product_tag?post=16567"}],"curies":[{"name":"wp","href":"https:\/\/api.w.org\/{rel}","templated":true}]}}