{"id":16563,"date":"2025-07-15T11:01:04","date_gmt":"2025-07-15T09:01:04","guid":{"rendered":"https:\/\/foxit-technology.com\/proizvod\/termicka-zastita-kotla-bauher\/"},"modified":"2025-10-06T09:06:45","modified_gmt":"2025-10-06T07:06:45","slug":"termicka-zastita-kotla-bauher","status":"publish","type":"product","link":"https:\/\/hidroterm.dmcsrbija.com\/ru\/proizvod\/termicka-zastita-kotla-bauher\/","title":{"rendered":"Termi\u010dka za\u0161tita kotla Bauher"},"content":{"rendered":"<p>Merno regulaciona oprema obuhvata veliki izbor prate\u0107eg materijala za odr\u017eavanje i rad sistema centralnog grejanja. Veliki izbor merno regulacione opreme po povoljnim cenama.<\/p>","protected":false},"excerpt":{"rendered":"<p>Merno regulaciona oprema obuhvata veliki izbor prate\u0107eg materijala za odr\u017eavanje i rad sistema centralnog grejanja. Veliki izbor merno regulacione opreme po povoljnim cenama.<\/p>","protected":false},"featured_media":16564,"template":"","meta":[],"product_brand":[4316],"product_cat":[4314,4552],"product_tag":[],"class_list":{"0":"post-16563","1":"product","2":"type-product","3":"status-publish","4":"has-post-thumbnail","6":"product_brand-bauger","7":"product_cat-merno-regulaciona-oprema","8":"product_cat-regulaciona-oprema","10":"first","11":"instock","12":"purchasable","13":"product-type-simple"},"_links":{"self":[{"href":"https:\/\/hidroterm.dmcsrbija.com\/ru\/wp-json\/wp\/v2\/product\/16563","targetHints":{"allow":["GET"]}}],"collection":[{"href":"https:\/\/hidroterm.dmcsrbija.com\/ru\/wp-json\/wp\/v2\/product"}],"about":[{"href":"https:\/\/hidroterm.dmcsrbija.com\/ru\/wp-json\/wp\/v2\/types\/product"}],"wp:featuredmedia":[{"embeddable":true,"href":"https:\/\/hidroterm.dmcsrbija.com\/ru\/wp-json\/wp\/v2\/media\/16564"}],"wp:attachment":[{"href":"https:\/\/hidroterm.dmcsrbija.com\/ru\/wp-json\/wp\/v2\/media?parent=16563"}],"wp:term":[{"taxonomy":"product_brand","embeddable":true,"href":"https:\/\/hidroterm.dmcsrbija.com\/ru\/wp-json\/wp\/v2\/product_brand?post=16563"},{"taxonomy":"product_cat","embeddable":true,"href":"https:\/\/hidroterm.dmcsrbija.com\/ru\/wp-json\/wp\/v2\/product_cat?post=16563"},{"taxonomy":"product_tag","embeddable":true,"href":"https:\/\/hidroterm.dmcsrbija.com\/ru\/wp-json\/wp\/v2\/product_tag?post=16563"}],"curies":[{"name":"wp","href":"https:\/\/api.w.org\/{rel}","templated":true}]}}