{"id":16561,"date":"2025-07-15T11:01:04","date_gmt":"2025-07-15T09:01:04","guid":{"rendered":"https:\/\/foxit-technology.com\/proizvod\/termostat-cevni-nalegajuci-narandzasti\/"},"modified":"2025-10-06T09:07:13","modified_gmt":"2025-10-06T07:07:13","slug":"termostat-cevni-nalegajuci-narandzasti","status":"publish","type":"product","link":"https:\/\/hidroterm.dmcsrbija.com\/ru\/proizvod\/termostat-cevni-nalegajuci-narandzasti\/","title":{"rendered":"Termostat cevni nalegajuci narand\u017easti"},"content":{"rendered":"<p>Merno regulaciona oprema obuhvata veliki izbor prate\u0107eg materijala za odr\u017eavanje i rad sistema centralnog grejanja. Veliki izbor merno regulacione opreme po povoljnim cenama.<\/p>","protected":false},"excerpt":{"rendered":"<p>Merno regulaciona oprema obuhvata veliki izbor prate\u0107eg materijala za odr\u017eavanje i rad sistema centralnog grejanja. Veliki izbor merno regulacione opreme po povoljnim cenama.<\/p>","protected":false},"featured_media":16562,"template":"","meta":[],"product_brand":[],"product_cat":[4314,4552],"product_tag":[],"class_list":{"0":"post-16561","1":"product","2":"type-product","3":"status-publish","4":"has-post-thumbnail","6":"product_cat-merno-regulaciona-oprema","7":"product_cat-regulaciona-oprema","9":"first","10":"instock","11":"purchasable","12":"product-type-simple"},"_links":{"self":[{"href":"https:\/\/hidroterm.dmcsrbija.com\/ru\/wp-json\/wp\/v2\/product\/16561","targetHints":{"allow":["GET"]}}],"collection":[{"href":"https:\/\/hidroterm.dmcsrbija.com\/ru\/wp-json\/wp\/v2\/product"}],"about":[{"href":"https:\/\/hidroterm.dmcsrbija.com\/ru\/wp-json\/wp\/v2\/types\/product"}],"wp:featuredmedia":[{"embeddable":true,"href":"https:\/\/hidroterm.dmcsrbija.com\/ru\/wp-json\/wp\/v2\/media\/16562"}],"wp:attachment":[{"href":"https:\/\/hidroterm.dmcsrbija.com\/ru\/wp-json\/wp\/v2\/media?parent=16561"}],"wp:term":[{"taxonomy":"product_brand","embeddable":true,"href":"https:\/\/hidroterm.dmcsrbija.com\/ru\/wp-json\/wp\/v2\/product_brand?post=16561"},{"taxonomy":"product_cat","embeddable":true,"href":"https:\/\/hidroterm.dmcsrbija.com\/ru\/wp-json\/wp\/v2\/product_cat?post=16561"},{"taxonomy":"product_tag","embeddable":true,"href":"https:\/\/hidroterm.dmcsrbija.com\/ru\/wp-json\/wp\/v2\/product_tag?post=16561"}],"curies":[{"name":"wp","href":"https:\/\/api.w.org\/{rel}","templated":true}]}}