{"id":16525,"date":"2025-07-15T11:00:52","date_gmt":"2025-07-15T09:00:52","guid":{"rendered":"https:\/\/foxit-technology.com\/proizvod\/automatski-odrzacni-cep-1-l-d-caleffi\/"},"modified":"2025-07-15T11:01:00","modified_gmt":"2025-07-15T09:01:00","slug":"automatski-odrzacni-cep-1-l-d-caleffi","status":"publish","type":"product","link":"https:\/\/hidroterm.dmcsrbija.com\/ru\/proizvod\/automatski-odrzacni-cep-1-l-d-caleffi\/","title":{"rendered":"Automatski odrza\u010dni \u010dep 1&#8243; L\/D Caleffi"},"content":{"rendered":"<p>Automatski odzra\u010dni \u010dep namenjen je za automatsko ispu\u0161tanje vazduha iz radijatora.<\/p>","protected":false},"excerpt":{"rendered":"<p>Automatski odzra\u010dni \u010dep namenjen je za automatsko ispu\u0161tanje vazduha iz radijatora.<\/p>","protected":false},"featured_media":16526,"template":"","meta":[],"product_brand":[4289],"product_cat":[4290,4237],"product_tag":[],"class_list":{"0":"post-16525","1":"product","2":"type-product","3":"status-publish","4":"has-post-thumbnail","6":"product_brand-caleffi","7":"product_cat-oprema-za-radijatore","8":"product_cat-radijatori","10":"first","11":"instock","12":"purchasable","13":"product-type-simple"},"_links":{"self":[{"href":"https:\/\/hidroterm.dmcsrbija.com\/ru\/wp-json\/wp\/v2\/product\/16525","targetHints":{"allow":["GET"]}}],"collection":[{"href":"https:\/\/hidroterm.dmcsrbija.com\/ru\/wp-json\/wp\/v2\/product"}],"about":[{"href":"https:\/\/hidroterm.dmcsrbija.com\/ru\/wp-json\/wp\/v2\/types\/product"}],"wp:featuredmedia":[{"embeddable":true,"href":"https:\/\/hidroterm.dmcsrbija.com\/ru\/wp-json\/wp\/v2\/media\/16526"}],"wp:attachment":[{"href":"https:\/\/hidroterm.dmcsrbija.com\/ru\/wp-json\/wp\/v2\/media?parent=16525"}],"wp:term":[{"taxonomy":"product_brand","embeddable":true,"href":"https:\/\/hidroterm.dmcsrbija.com\/ru\/wp-json\/wp\/v2\/product_brand?post=16525"},{"taxonomy":"product_cat","embeddable":true,"href":"https:\/\/hidroterm.dmcsrbija.com\/ru\/wp-json\/wp\/v2\/product_cat?post=16525"},{"taxonomy":"product_tag","embeddable":true,"href":"https:\/\/hidroterm.dmcsrbija.com\/ru\/wp-json\/wp\/v2\/product_tag?post=16525"}],"curies":[{"name":"wp","href":"https:\/\/api.w.org\/{rel}","templated":true}]}}