{"id":16497,"date":"2025-07-15T11:00:52","date_gmt":"2025-07-15T09:00:52","guid":{"rendered":"https:\/\/foxit-technology.com\/proizvod\/ovlazivac-vazduha-za-radijatore\/"},"modified":"2025-07-15T11:00:53","modified_gmt":"2025-07-15T09:00:53","slug":"ovlazivac-vazduha-za-radijatore","status":"publish","type":"product","link":"https:\/\/hidroterm.dmcsrbija.com\/ru\/proizvod\/ovlazivac-vazduha-za-radijatore\/","title":{"rendered":"Ovla\u017eiva\u010d vazduha za radijatore"},"content":{"rendered":"<p>Eco Room ovla\u017eiva\u010d vazduha reguli\u0161e nivo vlage u prostoriji za vreme grejne sezone. Preporu\u010duje se da se u posudu sipa voda tako da se vla\u017enost prostorije dr\u017ei na nivou od 40-60%. Isporu\u010duje se sa kukama za monta\u017eu na radijator.<\/p>","protected":false},"excerpt":{"rendered":"<p>Eco Room ovla\u017eiva\u010d vazduha reguli\u0161e nivo vlage u prostoriji za vreme grejne sezone. Preporu\u010duje se da se u posudu sipa voda tako da se vla\u017enost prostorije dr\u017ei na nivou od 40-60%. Isporu\u010duje se sa kukama za monta\u017eu na radijator.<\/p>","protected":false},"featured_media":16498,"template":"","meta":[],"product_brand":[],"product_cat":[4290,4237],"product_tag":[],"class_list":{"0":"post-16497","1":"product","2":"type-product","3":"status-publish","4":"has-post-thumbnail","6":"product_cat-oprema-za-radijatore","7":"product_cat-radijatori","9":"first","10":"instock","11":"purchasable","12":"product-type-simple"},"_links":{"self":[{"href":"https:\/\/hidroterm.dmcsrbija.com\/ru\/wp-json\/wp\/v2\/product\/16497","targetHints":{"allow":["GET"]}}],"collection":[{"href":"https:\/\/hidroterm.dmcsrbija.com\/ru\/wp-json\/wp\/v2\/product"}],"about":[{"href":"https:\/\/hidroterm.dmcsrbija.com\/ru\/wp-json\/wp\/v2\/types\/product"}],"wp:featuredmedia":[{"embeddable":true,"href":"https:\/\/hidroterm.dmcsrbija.com\/ru\/wp-json\/wp\/v2\/media\/16498"}],"wp:attachment":[{"href":"https:\/\/hidroterm.dmcsrbija.com\/ru\/wp-json\/wp\/v2\/media?parent=16497"}],"wp:term":[{"taxonomy":"product_brand","embeddable":true,"href":"https:\/\/hidroterm.dmcsrbija.com\/ru\/wp-json\/wp\/v2\/product_brand?post=16497"},{"taxonomy":"product_cat","embeddable":true,"href":"https:\/\/hidroterm.dmcsrbija.com\/ru\/wp-json\/wp\/v2\/product_cat?post=16497"},{"taxonomy":"product_tag","embeddable":true,"href":"https:\/\/hidroterm.dmcsrbija.com\/ru\/wp-json\/wp\/v2\/product_tag?post=16497"}],"curies":[{"name":"wp","href":"https:\/\/api.w.org\/{rel}","templated":true}]}}