{"id":16493,"date":"2025-07-15T11:00:52","date_gmt":"2025-07-15T09:00:52","guid":{"rendered":"https:\/\/foxit-technology.com\/proizvod\/pvc-selna\/"},"modified":"2025-07-15T11:00:52","modified_gmt":"2025-07-15T09:00:52","slug":"pvc-selna","status":"publish","type":"product","link":"https:\/\/hidroterm.dmcsrbija.com\/ru\/proizvod\/pvc-selna\/","title":{"rendered":"PVC \u0161elna"},"content":{"rendered":"<p>PVC \u0161elne namenjene su za dr\u017eanje bakarnih cevi u sistemu centralnog grejanja.<\/p>","protected":false},"excerpt":{"rendered":"<p>PVC \u0161elne namenjene su za dr\u017eanje bakarnih cevi u sistemu centralnog grejanja.<\/p>","protected":false},"featured_media":16494,"template":"","meta":[],"product_brand":[],"product_cat":[4269,4313],"product_tag":[],"class_list":{"0":"post-16493","1":"product","2":"type-product","3":"status-publish","4":"has-post-thumbnail","6":"product_cat-bakarne-cevi-i-izolacija-za-cevi","7":"product_cat-drzaci-za-cevi","9":"first","10":"instock","11":"purchasable","12":"product-type-simple"},"_links":{"self":[{"href":"https:\/\/hidroterm.dmcsrbija.com\/ru\/wp-json\/wp\/v2\/product\/16493","targetHints":{"allow":["GET"]}}],"collection":[{"href":"https:\/\/hidroterm.dmcsrbija.com\/ru\/wp-json\/wp\/v2\/product"}],"about":[{"href":"https:\/\/hidroterm.dmcsrbija.com\/ru\/wp-json\/wp\/v2\/types\/product"}],"wp:featuredmedia":[{"embeddable":true,"href":"https:\/\/hidroterm.dmcsrbija.com\/ru\/wp-json\/wp\/v2\/media\/16494"}],"wp:attachment":[{"href":"https:\/\/hidroterm.dmcsrbija.com\/ru\/wp-json\/wp\/v2\/media?parent=16493"}],"wp:term":[{"taxonomy":"product_brand","embeddable":true,"href":"https:\/\/hidroterm.dmcsrbija.com\/ru\/wp-json\/wp\/v2\/product_brand?post=16493"},{"taxonomy":"product_cat","embeddable":true,"href":"https:\/\/hidroterm.dmcsrbija.com\/ru\/wp-json\/wp\/v2\/product_cat?post=16493"},{"taxonomy":"product_tag","embeddable":true,"href":"https:\/\/hidroterm.dmcsrbija.com\/ru\/wp-json\/wp\/v2\/product_tag?post=16493"}],"curies":[{"name":"wp","href":"https:\/\/api.w.org\/{rel}","templated":true}]}}