{"id":16485,"date":"2025-07-15T11:00:44","date_gmt":"2025-07-15T09:00:44","guid":{"rendered":"https:\/\/foxit-technology.com\/proizvod\/bakarni-t-komad\/"},"modified":"2025-10-08T15:31:29","modified_gmt":"2025-10-08T13:31:29","slug":"bakarni-t-komad","status":"publish","type":"product","link":"https:\/\/hidroterm.dmcsrbija.com\/ru\/proizvod\/bakarni-t-komad\/","title":{"rendered":"Bakarni T komad"},"content":{"rendered":"<p data-start=\"0\" data-end=\"345\"><strong data-start=\"0\" data-end=\"41\">Bakarni T-komad<\/strong><br data-start=\"41\" data-end=\"44\" \/>Bakarni T-komad koristi se za spajanje tri cevi u sistemima centralnog grejanja i vodovoda, omogu\u0107avaju\u0107i precizno razdvajanje ili spajanje tokova te\u010dnosti. Dostupan u vi\u0161e dimenzija, olak\u0161ava izvo\u0111enje instalacija bez potrebe za dodatnim spojevima, \u010dime se pove\u0107ava pouzdanost i efikasnost sistema.<\/p>\n<p data-start=\"347\" data-end=\"585\">Izra\u0111en od visokokvalitetnog bakra, T-komad je otporan na koroziju, visoke temperature i pritisak, \u0161to garantuje dug vek trajanja instalacije. Njegova \u010dvrsta i precizna konstrukcija osigurava stabilan i nepropustan spoj u svim uslovima.<\/p>\n<p data-start=\"587\" data-end=\"618\"><strong data-start=\"587\" data-end=\"616\">Karakteristike proizvoda:<\/strong><\/p>\n<ul data-start=\"619\" data-end=\"802\">\n<li data-start=\"619\" data-end=\"656\">\n<p data-start=\"621\" data-end=\"656\">Materijal: visokokvalitetni bakar<\/p>\n<\/li>\n<li data-start=\"657\" data-end=\"698\">\n<p data-start=\"659\" data-end=\"698\">Omogu\u0107ava spajanje tri cevi u sistemu<\/p>\n<\/li>\n<li data-start=\"699\" data-end=\"732\">\n<p data-start=\"701\" data-end=\"732\">Jednostavna i sigurna monta\u017ea<\/p>\n<\/li>\n<li data-start=\"733\" data-end=\"777\">\n<p data-start=\"735\" data-end=\"777\">Otporan na koroziju i visoke temperature<\/p>\n<\/li>\n<li data-start=\"778\" data-end=\"802\">\n<p data-start=\"780\" data-end=\"802\">Dugotrajan i pouzdan<\/p>\n<\/li>\n<\/ul>","protected":false},"excerpt":{"rendered":"<article class=\"text-token-text-primary w-full focus:outline-none scroll-mt-[calc(var(--header-height)+min(200px,max(70px,20svh)))]\" dir=\"auto\" tabindex=\"-1\" data-turn-id=\"request-WEB:94d3efea-37c4-4c18-8511-a6341e6ab31f-20\" data-testid=\"conversation-turn-42\" data-scroll-anchor=\"true\" data-turn=\"assistant\">\n<div class=\"text-base my-auto mx-auto pb-10 [--thread-content-margin:--spacing(4)] thread-sm:[--thread-content-margin:--spacing(6)] thread-lg:[--thread-content-margin:--spacing(16)] px-(--thread-content-margin)\">\n<div class=\"[--thread-content-max-width:40rem] thread-lg:[--thread-content-max-width:48rem] mx-auto max-w-(--thread-content-max-width) flex-1 group\/turn-messages focus-visible:outline-hidden relative flex w-full min-w-0 flex-col agent-turn\" tabindex=\"-1\">\n<div class=\"flex max-w-full flex-col grow\">\n<div class=\"min-h-8 text-message relative flex w-full flex-col items-end gap-2 text-start break-words whitespace-normal [.text-message+&amp;]:mt-5\" dir=\"auto\" data-message-author-role=\"assistant\" data-message-id=\"2a6c6128-f804-44a8-a4c4-d74c57f6aad3\" data-message-model-slug=\"gpt-5-mini\">\n<div class=\"flex w-full flex-col gap-1 empty:hidden first:pt-[1px]\">\n<div class=\"markdown prose dark:prose-invert w-full break-words light markdown-new-styling\">\n<p data-start=\"0\" data-end=\"198\" data-is-last-node=\"\" data-is-only-node=\"\">Bakarni T-komad omogu\u0107ava sigurno spajanje tri cevi u sistemima centralnog grejanja, uz jednostavnu monta\u017eu i dugotrajnu otpornost na koroziju. Idealno je re\u0161enje za pouzdane i efikasne instalacije.<\/p>\n<\/div>\n<\/div>\n<\/div>\n<\/div>\n<\/div>\n<\/div>\n<\/article>\n","protected":false},"featured_media":21154,"template":"","meta":[],"product_brand":[],"product_cat":[4312,4296],"product_tag":[],"class_list":{"0":"post-16485","1":"product","2":"type-product","3":"status-publish","4":"has-post-thumbnail","6":"product_cat-bakarni-fiting","7":"product_cat-fiting","9":"first","10":"instock","11":"purchasable","12":"product-type-variable"},"_links":{"self":[{"href":"https:\/\/hidroterm.dmcsrbija.com\/ru\/wp-json\/wp\/v2\/product\/16485","targetHints":{"allow":["GET"]}}],"collection":[{"href":"https:\/\/hidroterm.dmcsrbija.com\/ru\/wp-json\/wp\/v2\/product"}],"about":[{"href":"https:\/\/hidroterm.dmcsrbija.com\/ru\/wp-json\/wp\/v2\/types\/product"}],"wp:featuredmedia":[{"embeddable":true,"href":"https:\/\/hidroterm.dmcsrbija.com\/ru\/wp-json\/wp\/v2\/media\/21154"}],"wp:attachment":[{"href":"https:\/\/hidroterm.dmcsrbija.com\/ru\/wp-json\/wp\/v2\/media?parent=16485"}],"wp:term":[{"taxonomy":"product_brand","embeddable":true,"href":"https:\/\/hidroterm.dmcsrbija.com\/ru\/wp-json\/wp\/v2\/product_brand?post=16485"},{"taxonomy":"product_cat","embeddable":true,"href":"https:\/\/hidroterm.dmcsrbija.com\/ru\/wp-json\/wp\/v2\/product_cat?post=16485"},{"taxonomy":"product_tag","embeddable":true,"href":"https:\/\/hidroterm.dmcsrbija.com\/ru\/wp-json\/wp\/v2\/product_tag?post=16485"}],"curies":[{"name":"wp","href":"https:\/\/api.w.org\/{rel}","templated":true}]}}