{"id":16483,"date":"2025-07-15T11:00:44","date_gmt":"2025-07-15T09:00:44","guid":{"rendered":"https:\/\/foxit-technology.com\/proizvod\/bakarni-reducir-redukcija\/"},"modified":"2025-10-08T15:14:18","modified_gmt":"2025-10-08T13:14:18","slug":"bakarni-reducir-redukcija","status":"publish","type":"product","link":"https:\/\/hidroterm.dmcsrbija.com\/ru\/proizvod\/bakarni-reducir-redukcija\/","title":{"rendered":"Bakarni reducir (redukcija)"},"content":{"rendered":"<p data-start=\"0\" data-end=\"369\"><strong data-start=\"0\" data-end=\"53\">Bakarni reducir (redukcija) za centralno grejanje<\/strong><br data-start=\"53\" data-end=\"56\" \/>Bakarni reducir koristi se za povezivanje cevi razli\u010ditih pre\u010dnika u sistemima centralnog grejanja i vodovoda, omogu\u0107avaju\u0107i preciznu i sigurnu adaptaciju instalacija. Dostupan u razli\u010ditim dimenzijama, olak\u0161ava prilago\u0111avanje sistema bez potrebe za dodatnim spojevima, \u010dime se pove\u0107ava pouzdanost i efikasnost.<\/p>\n<p data-start=\"371\" data-end=\"609\">Izra\u0111en od visokokvalitetnog bakra, reducir je otporan na koroziju, visoke temperature i pritisak, \u0161to garantuje dug vek trajanja instalacije. Njegova \u010dvrsta i precizna konstrukcija osigurava stabilan i nepropustan spoj u svim uslovima.<\/p>\n<p data-start=\"611\" data-end=\"642\"><strong data-start=\"611\" data-end=\"640\">Karakteristike proizvoda:<\/strong><\/p>\n<ul data-start=\"643\" data-end=\"847\">\n<li data-start=\"643\" data-end=\"680\">\n<p data-start=\"645\" data-end=\"680\">Materijal: visokokvalitetni bakar<\/p>\n<\/li>\n<li data-start=\"681\" data-end=\"731\">\n<p data-start=\"683\" data-end=\"731\">Omogu\u0107ava povezivanje cevi razli\u010ditih pre\u010dnika<\/p>\n<\/li>\n<li data-start=\"732\" data-end=\"765\">\n<p data-start=\"734\" data-end=\"765\">Jednostavna i sigurna monta\u017ea<\/p>\n<\/li>\n<li data-start=\"766\" data-end=\"810\">\n<p data-start=\"768\" data-end=\"810\">Otporan na koroziju i visoke temperature<\/p>\n<\/li>\n<li data-start=\"811\" data-end=\"847\">\n<p data-start=\"813\" data-end=\"847\">Dugotrajan i pouzdan u upotrebi<\/p>\n<\/li>\n<\/ul>","protected":false},"excerpt":{"rendered":"<p>Bakarni reducir (redukcija) namenjen je za povezivanje cevi razli\u010ditih pre\u010dnika u sistemima centralnog grejanja, obezbe\u0111uju\u0107i siguran i stabilan spoj.<\/p>","protected":false},"featured_media":21127,"template":"","meta":[],"product_brand":[],"product_cat":[4312,4296],"product_tag":[],"class_list":{"0":"post-16483","1":"product","2":"type-product","3":"status-publish","4":"has-post-thumbnail","6":"product_cat-bakarni-fiting","7":"product_cat-fiting","9":"first","10":"instock","11":"purchasable","12":"product-type-variable"},"_links":{"self":[{"href":"https:\/\/hidroterm.dmcsrbija.com\/ru\/wp-json\/wp\/v2\/product\/16483","targetHints":{"allow":["GET"]}}],"collection":[{"href":"https:\/\/hidroterm.dmcsrbija.com\/ru\/wp-json\/wp\/v2\/product"}],"about":[{"href":"https:\/\/hidroterm.dmcsrbija.com\/ru\/wp-json\/wp\/v2\/types\/product"}],"wp:featuredmedia":[{"embeddable":true,"href":"https:\/\/hidroterm.dmcsrbija.com\/ru\/wp-json\/wp\/v2\/media\/21127"}],"wp:attachment":[{"href":"https:\/\/hidroterm.dmcsrbija.com\/ru\/wp-json\/wp\/v2\/media?parent=16483"}],"wp:term":[{"taxonomy":"product_brand","embeddable":true,"href":"https:\/\/hidroterm.dmcsrbija.com\/ru\/wp-json\/wp\/v2\/product_brand?post=16483"},{"taxonomy":"product_cat","embeddable":true,"href":"https:\/\/hidroterm.dmcsrbija.com\/ru\/wp-json\/wp\/v2\/product_cat?post=16483"},{"taxonomy":"product_tag","embeddable":true,"href":"https:\/\/hidroterm.dmcsrbija.com\/ru\/wp-json\/wp\/v2\/product_tag?post=16483"}],"curies":[{"name":"wp","href":"https:\/\/api.w.org\/{rel}","templated":true}]}}