{"id":16481,"date":"2025-07-15T11:00:44","date_gmt":"2025-07-15T09:00:44","guid":{"rendered":"https:\/\/foxit-technology.com\/proizvod\/bakarna-spojnica\/"},"modified":"2025-10-08T14:19:42","modified_gmt":"2025-10-08T12:19:42","slug":"bakarna-spojnica","status":"publish","type":"product","link":"https:\/\/hidroterm.dmcsrbija.com\/ru\/proizvod\/bakarna-spojnica\/","title":{"rendered":"Bakarna spojnica"},"content":{"rendered":"<p data-start=\"0\" data-end=\"279\"><strong data-start=\"0\" data-end=\"42\">Bakarna spojnica<\/strong><br data-start=\"42\" data-end=\"45\" \/>Bakarna spojnica koristi se za sigurno i trajno povezivanje bakarnih cevi u sistemima centralnog grejanja i vodovoda. Zahvaljuju\u0107i preciznoj izradi, obezbe\u0111uje \u010dvrst i nepropustan spoj koji garantuje pouzdan rad sistema bez curenja.<\/p>\n<p data-start=\"281\" data-end=\"528\">Izra\u0111ena od visokokvalitetnog bakra, spojnica je otporna na koroziju, visoke temperature i pritisak, \u0161to je \u010dini idealnim izborom za dugotrajne instalacije. Pogodna je za profesionalnu i ku\u0107nu upotrebu, uz jednostavnu monta\u017eu i dug vek trajanja.<\/p>\n<p data-start=\"530\" data-end=\"561\"><strong data-start=\"530\" data-end=\"559\">Karakteristike proizvoda:<\/strong><\/p>\n<ul data-start=\"562\" data-end=\"755\" data-is-last-node=\"\" data-is-only-node=\"\">\n<li data-start=\"562\" data-end=\"599\">\n<p data-start=\"564\" data-end=\"599\">Materijal: visokokvalitetni bakar<\/p>\n<\/li>\n<li data-start=\"600\" data-end=\"639\">\n<p data-start=\"602\" data-end=\"639\">Obezbe\u0111uje \u010dvrst i nepropustan spoj<\/p>\n<\/li>\n<li data-start=\"640\" data-end=\"673\">\n<p data-start=\"642\" data-end=\"673\">Jednostavna i sigurna monta\u017ea<\/p>\n<\/li>\n<li data-start=\"674\" data-end=\"718\">\n<p data-start=\"676\" data-end=\"718\">Otporna na koroziju i visoke temperature<\/p>\n<\/li>\n<li data-start=\"719\" data-end=\"755\" data-is-last-node=\"\">\n<p data-start=\"721\" data-end=\"755\" data-is-last-node=\"\">Dugotrajna i pouzdana u upotrebi<\/p>\n<\/li>\n<\/ul>","protected":false},"excerpt":{"rendered":"<p>Bakarna spojnica za centralno grejanje pru\u017ea pouzdan i \u010dvrst spoj cevi, jednostavnu monta\u017eu i dugotrajnu za\u0161titu od korozije.<\/p>","protected":false},"featured_media":21101,"template":"","meta":[],"product_brand":[],"product_cat":[4312,4296],"product_tag":[],"class_list":{"0":"post-16481","1":"product","2":"type-product","3":"status-publish","4":"has-post-thumbnail","6":"product_cat-bakarni-fiting","7":"product_cat-fiting","9":"first","10":"instock","11":"purchasable","12":"product-type-variable"},"_links":{"self":[{"href":"https:\/\/hidroterm.dmcsrbija.com\/ru\/wp-json\/wp\/v2\/product\/16481","targetHints":{"allow":["GET"]}}],"collection":[{"href":"https:\/\/hidroterm.dmcsrbija.com\/ru\/wp-json\/wp\/v2\/product"}],"about":[{"href":"https:\/\/hidroterm.dmcsrbija.com\/ru\/wp-json\/wp\/v2\/types\/product"}],"wp:featuredmedia":[{"embeddable":true,"href":"https:\/\/hidroterm.dmcsrbija.com\/ru\/wp-json\/wp\/v2\/media\/21101"}],"wp:attachment":[{"href":"https:\/\/hidroterm.dmcsrbija.com\/ru\/wp-json\/wp\/v2\/media?parent=16481"}],"wp:term":[{"taxonomy":"product_brand","embeddable":true,"href":"https:\/\/hidroterm.dmcsrbija.com\/ru\/wp-json\/wp\/v2\/product_brand?post=16481"},{"taxonomy":"product_cat","embeddable":true,"href":"https:\/\/hidroterm.dmcsrbija.com\/ru\/wp-json\/wp\/v2\/product_cat?post=16481"},{"taxonomy":"product_tag","embeddable":true,"href":"https:\/\/hidroterm.dmcsrbija.com\/ru\/wp-json\/wp\/v2\/product_tag?post=16481"}],"curies":[{"name":"wp","href":"https:\/\/api.w.org\/{rel}","templated":true}]}}