{"id":16475,"date":"2025-07-15T11:00:44","date_gmt":"2025-07-15T09:00:44","guid":{"rendered":"https:\/\/foxit-technology.com\/proizvod\/bakarni-luk-45-dvodelno\/"},"modified":"2025-10-08T14:02:38","modified_gmt":"2025-10-08T12:02:38","slug":"bakarni-luk-45-dvodelno","status":"publish","type":"product","link":"https:\/\/hidroterm.dmcsrbija.com\/ru\/proizvod\/bakarni-luk-45-dvodelno\/","title":{"rendered":"Bakarni luk 45 Dvodelni"},"content":{"rendered":"<p data-start=\"65\" data-end=\"468\"><strong data-start=\"65\" data-end=\"115\">Bakarni luk 45\u00b0 dvodelni za centralno grejanje<\/strong><br data-start=\"115\" data-end=\"118\" \/>Bakarni luk 45\u00b0 dvodelni namenjen je povezivanju razvoda sistema centralnog grejanja pod uglom od 45 stepeni. Dostupan je u dimenzijama fi 15, 18, 22, 28 i 35 mm, omogu\u0107ava jednostavnu monta\u017eu i pouzdano funkcionisanje sistema. Izra\u0111en od visokokvalitetnog bakra, garantuje dug vek trajanja, otpornost na koroziju i optimalnu provodljivost toplote.<\/p>\n<p data-start=\"470\" data-end=\"703\">Dvodelna konstrukcija omogu\u0107ava fleksibilnu ugradnju i lak\u0161u prilagodbu prilikom spajanja cevi, dok \u010dvrst dizajn osigurava stabilan spoj i pouzdan rad sistema. Idealno re\u0161enje za stambene i komercijalne sisteme centralnog grejanja.<\/p>\n<p data-start=\"705\" data-end=\"736\"><strong data-start=\"705\" data-end=\"734\">Karakteristike proizvoda:<\/strong><\/p>\n<ul data-start=\"737\" data-end=\"881\">\n<li data-start=\"737\" data-end=\"774\">\n<p data-start=\"739\" data-end=\"774\">Materijal: visokokvalitetni bakar<\/p>\n<\/li>\n<li data-start=\"775\" data-end=\"844\">\n<p data-start=\"777\" data-end=\"844\">Dvodelna konstrukcija za jednostavniju ugradnju i prilagodljivost<\/p>\n<\/li>\n<li data-start=\"845\" data-end=\"881\">\n<p data-start=\"847\" data-end=\"881\">Otporan na koroziju i dugotrajan<\/p>\n<\/li>\n<\/ul>","protected":false},"excerpt":{"rendered":"<p>Dvodelni bakarni luk 45\u00b0 namenjen je za povezivanje cevi centralnog grejanja pod uglom od 45 stepeni. Izra\u0111en od kvalitetnog bakra, obezbe\u0111uje jednostavnu ugradnju zahvaljuju\u0107i dvodelnoj konstrukciji, stabilan spoj i dug vek trajanja.<\/p>","protected":false},"featured_media":21067,"template":"","meta":[],"product_brand":[],"product_cat":[4312,4296],"product_tag":[],"class_list":{"0":"post-16475","1":"product","2":"type-product","3":"status-publish","4":"has-post-thumbnail","6":"product_cat-bakarni-fiting","7":"product_cat-fiting","9":"first","10":"instock","11":"purchasable","12":"product-type-variable"},"_links":{"self":[{"href":"https:\/\/hidroterm.dmcsrbija.com\/ru\/wp-json\/wp\/v2\/product\/16475","targetHints":{"allow":["GET"]}}],"collection":[{"href":"https:\/\/hidroterm.dmcsrbija.com\/ru\/wp-json\/wp\/v2\/product"}],"about":[{"href":"https:\/\/hidroterm.dmcsrbija.com\/ru\/wp-json\/wp\/v2\/types\/product"}],"wp:featuredmedia":[{"embeddable":true,"href":"https:\/\/hidroterm.dmcsrbija.com\/ru\/wp-json\/wp\/v2\/media\/21067"}],"wp:attachment":[{"href":"https:\/\/hidroterm.dmcsrbija.com\/ru\/wp-json\/wp\/v2\/media?parent=16475"}],"wp:term":[{"taxonomy":"product_brand","embeddable":true,"href":"https:\/\/hidroterm.dmcsrbija.com\/ru\/wp-json\/wp\/v2\/product_brand?post=16475"},{"taxonomy":"product_cat","embeddable":true,"href":"https:\/\/hidroterm.dmcsrbija.com\/ru\/wp-json\/wp\/v2\/product_cat?post=16475"},{"taxonomy":"product_tag","embeddable":true,"href":"https:\/\/hidroterm.dmcsrbija.com\/ru\/wp-json\/wp\/v2\/product_tag?post=16475"}],"curies":[{"name":"wp","href":"https:\/\/api.w.org\/{rel}","templated":true}]}}