{"id":16473,"date":"2025-07-15T11:00:44","date_gmt":"2025-07-15T09:00:44","guid":{"rendered":"https:\/\/foxit-technology.com\/proizvod\/bakarno-koleno-90-duze-jednodelno\/"},"modified":"2025-10-08T09:33:17","modified_gmt":"2025-10-08T07:33:17","slug":"bakarno-koleno-90-duze-jednodelno","status":"publish","type":"product","link":"https:\/\/hidroterm.dmcsrbija.com\/ru\/proizvod\/bakarno-koleno-90-duze-jednodelno\/","title":{"rendered":"Bakarno koleno Jednodelno 90 du\u017ee"},"content":{"rendered":"<p data-start=\"102\" data-end=\"572\"><strong data-start=\"102\" data-end=\"160\">Bakarno koleno jednodelno 90 du\u017ee\u00a0<\/strong><br data-start=\"160\" data-end=\"163\" \/>Bakarno koleno jednodelno \u2013 du\u017ee je idealno re\u0161enje za povezivanje razvoda sistema centralnog grejanja gde je potrebna ve\u0107a du\u017eina spoja. Dostupno u <strong data-start=\"312\" data-end=\"332\">fi 15 i fi 18 mm<\/strong>, omogu\u0107ava jednostavnu monta\u017eu i pouzdano funkcionisanje sistema. Izra\u0111eno od visokokvalitetnog bakra, ovo koleno osigurava dugotrajnost i optimalnu provodljivost toplote, \u010dine\u0107i ga neophodnim delom svake instalacije centralnog grejanja.<\/p>\n<p data-start=\"574\" data-end=\"917\">Precizna izrada i otpornost na koroziju \u010dine ovo du\u017ee koleno pogodnim za razli\u010dite vrste grejnih sistema, dok ve\u0107a du\u017eina omogu\u0107ava lak\u0161e povezivanje cevi u zahtevnijim instalacijama. Njegova \u010dvrsta konstrukcija i kompaktan dizajn olak\u0161avaju monta\u017eu \u010dak i u sku\u010denim prostorima, pru\u017eaju\u0107i dugoro\u010dno i pouzdano re\u0161enje za va\u0161 sistem grejanja.<\/p>","protected":false},"excerpt":{"rendered":"<p>Bakarno koleno jednodelno 90 du\u017ee namenjeno je povezivanju razvoda sistema centralnog grejanja. Dostupno u fi 15 i fi 18 mm, izra\u0111eno od kvalitetnog bakra koji obezbe\u0111uje pouzdanost i dug vek trajanja.<\/p>","protected":false},"featured_media":20970,"template":"","meta":[],"product_brand":[],"product_cat":[4312,4296],"product_tag":[],"class_list":{"0":"post-16473","1":"product","2":"type-product","3":"status-publish","4":"has-post-thumbnail","6":"product_cat-bakarni-fiting","7":"product_cat-fiting","9":"first","10":"instock","11":"purchasable","12":"product-type-variable"},"_links":{"self":[{"href":"https:\/\/hidroterm.dmcsrbija.com\/ru\/wp-json\/wp\/v2\/product\/16473","targetHints":{"allow":["GET"]}}],"collection":[{"href":"https:\/\/hidroterm.dmcsrbija.com\/ru\/wp-json\/wp\/v2\/product"}],"about":[{"href":"https:\/\/hidroterm.dmcsrbija.com\/ru\/wp-json\/wp\/v2\/types\/product"}],"wp:featuredmedia":[{"embeddable":true,"href":"https:\/\/hidroterm.dmcsrbija.com\/ru\/wp-json\/wp\/v2\/media\/20970"}],"wp:attachment":[{"href":"https:\/\/hidroterm.dmcsrbija.com\/ru\/wp-json\/wp\/v2\/media?parent=16473"}],"wp:term":[{"taxonomy":"product_brand","embeddable":true,"href":"https:\/\/hidroterm.dmcsrbija.com\/ru\/wp-json\/wp\/v2\/product_brand?post=16473"},{"taxonomy":"product_cat","embeddable":true,"href":"https:\/\/hidroterm.dmcsrbija.com\/ru\/wp-json\/wp\/v2\/product_cat?post=16473"},{"taxonomy":"product_tag","embeddable":true,"href":"https:\/\/hidroterm.dmcsrbija.com\/ru\/wp-json\/wp\/v2\/product_tag?post=16473"}],"curies":[{"name":"wp","href":"https:\/\/api.w.org\/{rel}","templated":true}]}}