{"id":16471,"date":"2025-07-15T11:00:44","date_gmt":"2025-07-15T09:00:44","guid":{"rendered":"https:\/\/foxit-technology.com\/proizvod\/bakarno-koleno-90-jednodelno\/"},"modified":"2025-10-07T14:38:22","modified_gmt":"2025-10-07T12:38:22","slug":"bakarno-koleno-90-jednodelno","status":"publish","type":"product","link":"https:\/\/hidroterm.dmcsrbija.com\/ru\/proizvod\/bakarno-koleno-90-jednodelno\/","title":{"rendered":"Bakarno koleno 90 Jednodelno"},"content":{"rendered":"<p data-start=\"86\" data-end=\"507\"><strong>\u041c\u0435\u0434\u043d\u044b\u0439 \u0444\u0438\u0442\u0438\u043d\u0433<\/strong> je idealno re\u0161enje za povezivanje razvoda sistema centralnog grejanja. Na\u0161e <strong>jednodelno bakarno koleno<\/strong> <strong>90 <\/strong>dostupno je u <strong data-start=\"217\" data-end=\"265\">fi 15, 18, 22, 28, 35 i 42 mm<\/strong>, garantuju\u0107i jednostavnu monta\u017eu i pouzdano funkcionisanje sistema. Izra\u0111eno od visokokvalitetnog bakra, ovo koleno osigurava dugotrajnost i optimalnu provodljivost toplote, \u010dine\u0107i ga neophodnim delom svake instalacije centralnog grejanja.<\/p>\n<p data-start=\"509\" data-end=\"986\">Zahvaljuju\u0107i preciznoj izradi i otpornosti na koroziju, bakarno koleno je pogodno za upotrebu u razli\u010ditim vrstama grejnih sistema, uklju\u010duju\u0107i stambene i komercijalne objekte. Njegova \u010dvrsta konstrukcija omogu\u0107ava sigurnu i stabilnu povezanost cevi, dok kompaktni dizajn olak\u0161ava instalaciju \u010dak i u sku\u010denim prostorima. Ovo koleno je dugoro\u010dno re\u0161enje koje kombinuje kvalitet, pouzdanost i efikasnost, \u010dine\u0107i ga nezamenljivim komponentom svake centralne grejne instalacije.<\/p>","protected":false},"excerpt":{"rendered":"<p>Jednodelno bakarno koleno 90 za centralno grejanje dostupno u dimenzijama <strong data-start=\"188\" data-end=\"236\">fi 15, 18, 22, 28, 35 i 42 mm<\/strong>. Idealno za povezivanje razvoda sistema, izra\u0111eno od visokokvalitetnog bakra za pouzdanost i dug vek trajanja.<\/p>","protected":false},"featured_media":16472,"template":"","meta":[],"product_brand":[],"product_cat":[4312,4296],"product_tag":[],"class_list":{"0":"post-16471","1":"product","2":"type-product","3":"status-publish","4":"has-post-thumbnail","6":"product_cat-bakarni-fiting","7":"product_cat-fiting","9":"first","10":"instock","11":"purchasable","12":"product-type-variable"},"_links":{"self":[{"href":"https:\/\/hidroterm.dmcsrbija.com\/ru\/wp-json\/wp\/v2\/product\/16471","targetHints":{"allow":["GET"]}}],"collection":[{"href":"https:\/\/hidroterm.dmcsrbija.com\/ru\/wp-json\/wp\/v2\/product"}],"about":[{"href":"https:\/\/hidroterm.dmcsrbija.com\/ru\/wp-json\/wp\/v2\/types\/product"}],"wp:featuredmedia":[{"embeddable":true,"href":"https:\/\/hidroterm.dmcsrbija.com\/ru\/wp-json\/wp\/v2\/media\/16472"}],"wp:attachment":[{"href":"https:\/\/hidroterm.dmcsrbija.com\/ru\/wp-json\/wp\/v2\/media?parent=16471"}],"wp:term":[{"taxonomy":"product_brand","embeddable":true,"href":"https:\/\/hidroterm.dmcsrbija.com\/ru\/wp-json\/wp\/v2\/product_brand?post=16471"},{"taxonomy":"product_cat","embeddable":true,"href":"https:\/\/hidroterm.dmcsrbija.com\/ru\/wp-json\/wp\/v2\/product_cat?post=16471"},{"taxonomy":"product_tag","embeddable":true,"href":"https:\/\/hidroterm.dmcsrbija.com\/ru\/wp-json\/wp\/v2\/product_tag?post=16471"}],"curies":[{"name":"wp","href":"https:\/\/api.w.org\/{rel}","templated":true}]}}