{"id":16463,"date":"2025-07-15T11:00:44","date_gmt":"2025-07-15T09:00:44","guid":{"rendered":"https:\/\/foxit-technology.com\/proizvod\/muf-ms\/"},"modified":"2025-10-10T14:05:34","modified_gmt":"2025-10-10T12:05:34","slug":"muf-ms","status":"publish","type":"product","link":"https:\/\/hidroterm.dmcsrbija.com\/ru\/proizvod\/muf-ms\/","title":{"rendered":"Muf MS"},"content":{"rendered":"<p data-start=\"56\" data-end=\"416\">MS Muf je visokokvalitetni <strong data-start=\"83\" data-end=\"103\">mesingani fiting<\/strong> namenjen za povezivanje cevi u sistemima grejanja, hla\u0111enja i vodovoda. Izra\u0111en od <strong data-start=\"187\" data-end=\"250\">mesinga otpornog na koroziju, pritisak i visoke temperature<\/strong>, obezbe\u0111uje dugotrajnu i sigurnu instalaciju. Ovaj fiting omogu\u0107ava \u010dvrsto i nepropusno povezivanje cevi, \u010dime se spre\u010dava curenje i gubitak pritiska u cevovodima.<\/p>\n<p data-start=\"418\" data-end=\"434\"><strong data-start=\"418\" data-end=\"432\">Prednosti:<\/strong><\/p>\n<ul data-start=\"435\" data-end=\"605\">\n<li data-start=\"435\" data-end=\"484\">\n<p data-start=\"437\" data-end=\"484\">Izra\u0111en od izdr\u017eljivog mesinga visoke \u010disto\u0107e<\/p>\n<\/li>\n<li data-start=\"485\" data-end=\"538\">\n<p data-start=\"487\" data-end=\"538\">Pogodan za grejanje, hla\u0111enje i vodovodne sisteme<\/p>\n<\/li>\n<li data-start=\"539\" data-end=\"562\">\n<p data-start=\"541\" data-end=\"562\">Laka i brza monta\u017ea<\/p>\n<\/li>\n<li data-start=\"563\" data-end=\"605\">\n<p data-start=\"565\" data-end=\"605\">Obezbe\u0111uje trajnu nepropusnost spojeva<\/p>\n<\/li>\n<\/ul>","protected":false},"excerpt":{"rendered":"<p>MS Muf je mesingani fiting za \u010dvrsto i nepropusno povezivanje cevi u sistemima grejanja, hla\u0111enja i vodovoda.<\/p>","protected":false},"featured_media":16464,"template":"","meta":[],"product_brand":[],"product_cat":[4296,4311],"product_tag":[],"class_list":{"0":"post-16463","1":"product","2":"type-product","3":"status-publish","4":"has-post-thumbnail","6":"product_cat-fiting","7":"product_cat-mesingani-fiting","9":"first","10":"instock","11":"purchasable","12":"product-type-variable"},"_links":{"self":[{"href":"https:\/\/hidroterm.dmcsrbija.com\/ru\/wp-json\/wp\/v2\/product\/16463","targetHints":{"allow":["GET"]}}],"collection":[{"href":"https:\/\/hidroterm.dmcsrbija.com\/ru\/wp-json\/wp\/v2\/product"}],"about":[{"href":"https:\/\/hidroterm.dmcsrbija.com\/ru\/wp-json\/wp\/v2\/types\/product"}],"wp:featuredmedia":[{"embeddable":true,"href":"https:\/\/hidroterm.dmcsrbija.com\/ru\/wp-json\/wp\/v2\/media\/16464"}],"wp:attachment":[{"href":"https:\/\/hidroterm.dmcsrbija.com\/ru\/wp-json\/wp\/v2\/media?parent=16463"}],"wp:term":[{"taxonomy":"product_brand","embeddable":true,"href":"https:\/\/hidroterm.dmcsrbija.com\/ru\/wp-json\/wp\/v2\/product_brand?post=16463"},{"taxonomy":"product_cat","embeddable":true,"href":"https:\/\/hidroterm.dmcsrbija.com\/ru\/wp-json\/wp\/v2\/product_cat?post=16463"},{"taxonomy":"product_tag","embeddable":true,"href":"https:\/\/hidroterm.dmcsrbija.com\/ru\/wp-json\/wp\/v2\/product_tag?post=16463"}],"curies":[{"name":"wp","href":"https:\/\/api.w.org\/{rel}","templated":true}]}}