{"id":16461,"date":"2025-07-15T11:00:44","date_gmt":"2025-07-15T09:00:44","guid":{"rendered":"https:\/\/foxit-technology.com\/proizvod\/koleno-ms-mf\/"},"modified":"2025-10-10T14:23:41","modified_gmt":"2025-10-10T12:23:41","slug":"koleno-ms-mf","status":"publish","type":"product","link":"https:\/\/hidroterm.dmcsrbija.com\/ru\/proizvod\/koleno-ms-mf\/","title":{"rendered":"Koleno MS MF"},"content":{"rendered":"<p data-start=\"168\" data-end=\"530\">Koleno <strong data-start=\"175\" data-end=\"184\">MS MF<\/strong> je visokokvalitetni <strong data-start=\"205\" data-end=\"225\">mesingani fiting<\/strong> namenjen za promenu pravca cevovoda u sistemima grejanja, hla\u0111enja i vodovoda. Omogu\u0107ava lako i sigurno povezivanje cevi, uz \u010dvrsto zaptivanje i potpunu nepropusnost spojeva. Izra\u0111eno od <strong data-start=\"413\" data-end=\"477\">mesinga otpor\u00adnog na koroziju, pritisak i visoke temperature<\/strong>, garantuje dug vek trajanja i pouzdan rad sistema.<\/p>\n<p data-start=\"532\" data-end=\"548\"><strong data-start=\"532\" data-end=\"546\">Prednosti:<\/strong><\/p>\n<ul data-start=\"549\" data-end=\"714\">\n<li data-start=\"549\" data-end=\"601\">\n<p data-start=\"551\" data-end=\"601\">Pogodno za sisteme grejanja, hla\u0111enja i vodovoda<\/p>\n<\/li>\n<li data-start=\"602\" data-end=\"644\">\n<p data-start=\"604\" data-end=\"644\">Visoka otpornost na pritisak i toplotu<\/p>\n<\/li>\n<li data-start=\"645\" data-end=\"690\">\n<p data-start=\"647\" data-end=\"690\">Precizna izrada i dugotrajna nepropusnost<\/p>\n<\/li>\n<li data-start=\"691\" data-end=\"714\">\n<p data-start=\"693\" data-end=\"714\">Laka i brza monta\u017ea<\/p>\n<\/li>\n<\/ul>","protected":false},"excerpt":{"rendered":"<p>Koleno MS MF je mesingani fiting za sigurno povezivanje cevi i promenu pravca u sistemima grejanja, hla\u0111enja i vodovoda.<\/p>","protected":false},"featured_media":16462,"template":"","meta":[],"product_brand":[],"product_cat":[4296,4311],"product_tag":[],"class_list":{"0":"post-16461","1":"product","2":"type-product","3":"status-publish","4":"has-post-thumbnail","6":"product_cat-fiting","7":"product_cat-mesingani-fiting","9":"first","10":"instock","11":"purchasable","12":"product-type-variable"},"_links":{"self":[{"href":"https:\/\/hidroterm.dmcsrbija.com\/ru\/wp-json\/wp\/v2\/product\/16461","targetHints":{"allow":["GET"]}}],"collection":[{"href":"https:\/\/hidroterm.dmcsrbija.com\/ru\/wp-json\/wp\/v2\/product"}],"about":[{"href":"https:\/\/hidroterm.dmcsrbija.com\/ru\/wp-json\/wp\/v2\/types\/product"}],"wp:featuredmedia":[{"embeddable":true,"href":"https:\/\/hidroterm.dmcsrbija.com\/ru\/wp-json\/wp\/v2\/media\/16462"}],"wp:attachment":[{"href":"https:\/\/hidroterm.dmcsrbija.com\/ru\/wp-json\/wp\/v2\/media?parent=16461"}],"wp:term":[{"taxonomy":"product_brand","embeddable":true,"href":"https:\/\/hidroterm.dmcsrbija.com\/ru\/wp-json\/wp\/v2\/product_brand?post=16461"},{"taxonomy":"product_cat","embeddable":true,"href":"https:\/\/hidroterm.dmcsrbija.com\/ru\/wp-json\/wp\/v2\/product_cat?post=16461"},{"taxonomy":"product_tag","embeddable":true,"href":"https:\/\/hidroterm.dmcsrbija.com\/ru\/wp-json\/wp\/v2\/product_tag?post=16461"}],"curies":[{"name":"wp","href":"https:\/\/api.w.org\/{rel}","templated":true}]}}