{"id":16450,"date":"2025-07-15T11:00:31","date_gmt":"2025-07-15T09:00:31","guid":{"rendered":"https:\/\/foxit-technology.com\/proizvod\/redukcija-ms-sn-un\/"},"modified":"2025-10-10T11:28:08","modified_gmt":"2025-10-10T09:28:08","slug":"redukcija-ms-sn-un","status":"publish","type":"product","link":"https:\/\/hidroterm.dmcsrbija.com\/ru\/proizvod\/redukcija-ms-sn-un\/","title":{"rendered":"Redukcija MS SN-UN"},"content":{"rendered":"<p data-start=\"68\" data-end=\"490\">Redukcija <strong data-start=\"78\" data-end=\"90\">MS SN-UN<\/strong> je visokokvalitetni <strong data-start=\"111\" data-end=\"131\">mesingani fiting<\/strong> namenjen za spajanje cevi razli\u010ditih pre\u010dnika u sistemima grejanja, hla\u0111enja i vodovoda. Zahvaljuju\u0107i preciznoj izradi od <strong data-start=\"254\" data-end=\"317\">mesinga otpornog na koroziju, pritisak i visoke temperature<\/strong>, obezbe\u0111uje dugotrajnu i sigurnu instalaciju. Ovaj redukcioni fiting omogu\u0107ava jednostavno i \u010dvrsto povezivanje, \u010dime se spre\u010dava curenje i gubitak pritiska u cevovodima.<\/p>\n<p data-start=\"492\" data-end=\"508\"><strong data-start=\"492\" data-end=\"506\">Prednosti:<\/strong><\/p>\n<ul data-start=\"509\" data-end=\"679\">\n<li data-start=\"509\" data-end=\"558\">\n<p data-start=\"511\" data-end=\"558\">Izra\u0111en od izdr\u017eljivog mesinga visoke \u010disto\u0107e<\/p>\n<\/li>\n<li data-start=\"559\" data-end=\"612\">\n<p data-start=\"561\" data-end=\"612\">Pogodan za grejanje, hla\u0111enje i vodovodne sisteme<\/p>\n<\/li>\n<li data-start=\"613\" data-end=\"636\">\n<p data-start=\"615\" data-end=\"636\">Laka i brza monta\u017ea<\/p>\n<\/li>\n<li data-start=\"637\" data-end=\"679\">\n<p data-start=\"639\" data-end=\"679\">Obezbe\u0111uje trajnu nepropusnost spojeva<\/p>\n<\/li>\n<\/ul>\n<p>Redukcija <strong>MS SN-UN<\/strong> je idealna za profesionalne instalatere, ali i za ku\u0107ne majstore koji tra\u017ee pouzdano re\u0161enje za razli\u010dite dimenzije cevi. Njena izdr\u017eljivost i preciznost \u010dine je klju\u010dnim elementom svake instalacije, garantuju\u0107i dug vek trajanja i sigurnost sistema.<\/p>","protected":false},"excerpt":{"rendered":"<p>Redukcija MS SN-UN je mesingani fiting za pouzdano i nepropusno povezivanje cevi razli\u010ditih pre\u010dnika u sistemima grejanja, hla\u0111enja i vodovoda.<\/p>","protected":false},"featured_media":16451,"template":"","meta":[],"product_brand":[],"product_cat":[4296,4311],"product_tag":[],"class_list":{"0":"post-16450","1":"product","2":"type-product","3":"status-publish","4":"has-post-thumbnail","6":"product_cat-fiting","7":"product_cat-mesingani-fiting","9":"first","10":"instock","11":"purchasable","12":"product-type-variable"},"_links":{"self":[{"href":"https:\/\/hidroterm.dmcsrbija.com\/ru\/wp-json\/wp\/v2\/product\/16450","targetHints":{"allow":["GET"]}}],"collection":[{"href":"https:\/\/hidroterm.dmcsrbija.com\/ru\/wp-json\/wp\/v2\/product"}],"about":[{"href":"https:\/\/hidroterm.dmcsrbija.com\/ru\/wp-json\/wp\/v2\/types\/product"}],"wp:featuredmedia":[{"embeddable":true,"href":"https:\/\/hidroterm.dmcsrbija.com\/ru\/wp-json\/wp\/v2\/media\/16451"}],"wp:attachment":[{"href":"https:\/\/hidroterm.dmcsrbija.com\/ru\/wp-json\/wp\/v2\/media?parent=16450"}],"wp:term":[{"taxonomy":"product_brand","embeddable":true,"href":"https:\/\/hidroterm.dmcsrbija.com\/ru\/wp-json\/wp\/v2\/product_brand?post=16450"},{"taxonomy":"product_cat","embeddable":true,"href":"https:\/\/hidroterm.dmcsrbija.com\/ru\/wp-json\/wp\/v2\/product_cat?post=16450"},{"taxonomy":"product_tag","embeddable":true,"href":"https:\/\/hidroterm.dmcsrbija.com\/ru\/wp-json\/wp\/v2\/product_tag?post=16450"}],"curies":[{"name":"wp","href":"https:\/\/api.w.org\/{rel}","templated":true}]}}