{"id":16448,"date":"2025-07-15T11:00:31","date_gmt":"2025-07-15T09:00:31","guid":{"rendered":"https:\/\/foxit-technology.com\/proizvod\/ms-prelaz-un\/"},"modified":"2025-10-10T10:44:07","modified_gmt":"2025-10-10T08:44:07","slug":"ms-prelaz-un","status":"publish","type":"product","link":"https:\/\/hidroterm.dmcsrbija.com\/ru\/proizvod\/ms-prelaz-un\/","title":{"rendered":"MS Prelaz UN"},"content":{"rendered":"<p data-start=\"62\" data-end=\"444\">MS Prelaz UN je <strong data-start=\"78\" data-end=\"98\">mesingani fiting<\/strong> namenjen za pouzdano spajanje cevi u instalacijama grejanja, hla\u0111enja i vodovoda. Izra\u0111en od <strong data-start=\"192\" data-end=\"267\">kvalitetnog mesinga otpornog na koroziju, pritisak i visoke temperature<\/strong>, obezbe\u0111uje dugotrajan i siguran rad sistema. Zahvaljuju\u0107i preciznim dimenzijama i kvalitetnoj obradi, omogu\u0107ava jednostavnu monta\u017eu i potpuno zaptivanje spojeva bez curenja.<\/p>\n<p data-start=\"446\" data-end=\"462\"><strong data-start=\"446\" data-end=\"460\">Prednosti:<\/strong><\/p>\n<ul data-start=\"463\" data-end=\"611\">\n<li data-start=\"463\" data-end=\"498\">\n<p data-start=\"465\" data-end=\"498\">Izdr\u017eljiv mesing visoke \u010disto\u0107e<\/p>\n<\/li>\n<li data-start=\"499\" data-end=\"552\">\n<p data-start=\"501\" data-end=\"552\">Pogodan za grejanje, hla\u0111enje i vodovodne sisteme<\/p>\n<\/li>\n<li data-start=\"553\" data-end=\"577\">\n<p data-start=\"555\" data-end=\"577\">Laka i brza ugradnja<\/p>\n<\/li>\n<li data-start=\"578\" data-end=\"611\">\n<p data-start=\"580\" data-end=\"611\">Obezbe\u0111uje nepropusne spojeve<\/p>\n<\/li>\n<\/ul>","protected":false},"excerpt":{"rendered":"<p>MS Prelaz UN je mesingani fiting namenjen za \u010dvrsto i nepropusno povezivanje cevi u sistemima grejanja, hla\u0111enja i vodovoda.<\/p>","protected":false},"featured_media":21514,"template":"","meta":[],"product_brand":[],"product_cat":[4296,4311],"product_tag":[],"class_list":{"0":"post-16448","1":"product","2":"type-product","3":"status-publish","4":"has-post-thumbnail","6":"product_cat-fiting","7":"product_cat-mesingani-fiting","9":"first","10":"instock","11":"purchasable","12":"product-type-variable"},"_links":{"self":[{"href":"https:\/\/hidroterm.dmcsrbija.com\/ru\/wp-json\/wp\/v2\/product\/16448","targetHints":{"allow":["GET"]}}],"collection":[{"href":"https:\/\/hidroterm.dmcsrbija.com\/ru\/wp-json\/wp\/v2\/product"}],"about":[{"href":"https:\/\/hidroterm.dmcsrbija.com\/ru\/wp-json\/wp\/v2\/types\/product"}],"wp:featuredmedia":[{"embeddable":true,"href":"https:\/\/hidroterm.dmcsrbija.com\/ru\/wp-json\/wp\/v2\/media\/21514"}],"wp:attachment":[{"href":"https:\/\/hidroterm.dmcsrbija.com\/ru\/wp-json\/wp\/v2\/media?parent=16448"}],"wp:term":[{"taxonomy":"product_brand","embeddable":true,"href":"https:\/\/hidroterm.dmcsrbija.com\/ru\/wp-json\/wp\/v2\/product_brand?post=16448"},{"taxonomy":"product_cat","embeddable":true,"href":"https:\/\/hidroterm.dmcsrbija.com\/ru\/wp-json\/wp\/v2\/product_cat?post=16448"},{"taxonomy":"product_tag","embeddable":true,"href":"https:\/\/hidroterm.dmcsrbija.com\/ru\/wp-json\/wp\/v2\/product_tag?post=16448"}],"curies":[{"name":"wp","href":"https:\/\/api.w.org\/{rel}","templated":true}]}}