{"id":16402,"date":"2025-07-15T11:00:21","date_gmt":"2025-07-15T09:00:21","guid":{"rendered":"https:\/\/foxit-technology.com\/proizvod\/cetvorokraki-mesacki-ventil-1-sa-servopogonom-herz\/"},"modified":"2025-07-15T11:00:24","modified_gmt":"2025-07-15T09:00:24","slug":"cetvorokraki-mesacki-ventil-1-sa-servopogonom-herz","status":"publish","type":"product","link":"https:\/\/hidroterm.dmcsrbija.com\/ru\/proizvod\/cetvorokraki-mesacki-ventil-1-sa-servopogonom-herz\/","title":{"rendered":"\u010cetvorokraki me\u0161a\u010dki ventil 1&#8243; sa servopogonom Herz"},"content":{"rendered":"<p>Herz je austrijski proizvo\u0111a\u010d armature za grejanje. Herz me\u0161a\u010dki ventil sa servopogonom omogu\u0107ava automatsko pokretanje me\u0161a\u010dkog ventila.<\/p>","protected":false},"excerpt":{"rendered":"<p>Herz je austrijski proizvo\u0111a\u010d armature za grejanje. Herz me\u0161a\u010dki ventil sa servopogonom omogu\u0107ava automatsko pokretanje me\u0161a\u010dkog ventila.<\/p>","protected":false},"featured_media":16403,"template":"","meta":[],"product_brand":[4301],"product_cat":[4302,4290,4237,4291],"product_tag":[],"class_list":{"0":"post-16402","1":"product","2":"type-product","3":"status-publish","4":"has-post-thumbnail","6":"product_brand-herz","7":"product_cat-herz","8":"product_cat-oprema-za-radijatore","9":"product_cat-radijatori","10":"product_cat-radijatorski-ventili-navijci-i-glave","12":"first","13":"instock","14":"purchasable","15":"product-type-simple"},"_links":{"self":[{"href":"https:\/\/hidroterm.dmcsrbija.com\/ru\/wp-json\/wp\/v2\/product\/16402","targetHints":{"allow":["GET"]}}],"collection":[{"href":"https:\/\/hidroterm.dmcsrbija.com\/ru\/wp-json\/wp\/v2\/product"}],"about":[{"href":"https:\/\/hidroterm.dmcsrbija.com\/ru\/wp-json\/wp\/v2\/types\/product"}],"wp:featuredmedia":[{"embeddable":true,"href":"https:\/\/hidroterm.dmcsrbija.com\/ru\/wp-json\/wp\/v2\/media\/16403"}],"wp:attachment":[{"href":"https:\/\/hidroterm.dmcsrbija.com\/ru\/wp-json\/wp\/v2\/media?parent=16402"}],"wp:term":[{"taxonomy":"product_brand","embeddable":true,"href":"https:\/\/hidroterm.dmcsrbija.com\/ru\/wp-json\/wp\/v2\/product_brand?post=16402"},{"taxonomy":"product_cat","embeddable":true,"href":"https:\/\/hidroterm.dmcsrbija.com\/ru\/wp-json\/wp\/v2\/product_cat?post=16402"},{"taxonomy":"product_tag","embeddable":true,"href":"https:\/\/hidroterm.dmcsrbija.com\/ru\/wp-json\/wp\/v2\/product_tag?post=16402"}],"curies":[{"name":"wp","href":"https:\/\/api.w.org\/{rel}","templated":true}]}}