{"id":16400,"date":"2025-07-15T11:00:21","date_gmt":"2025-07-15T09:00:21","guid":{"rendered":"https:\/\/foxit-technology.com\/proizvod\/termoglava-sa-nalegajucim-senzorom-20-50c-herz\/"},"modified":"2025-10-15T13:43:27","modified_gmt":"2025-10-15T11:43:27","slug":"termoglava-sa-nalegajucim-senzorom-20-50c-herz","status":"publish","type":"product","link":"https:\/\/hidroterm.dmcsrbija.com\/ru\/proizvod\/termoglava-sa-nalegajucim-senzorom-20-50c-herz\/","title":{"rendered":"Termoglava sa nalegaju\u0107im senzorom (20-50C) Herz"},"content":{"rendered":"<p data-start=\"1479\" data-end=\"1760\">Herz termoglava sa nalegaju\u0107im senzorom 20-50 \u00b0C pru\u017ea preciznu kontrolu temperature u sistemima podnog grejanja ili radijatorskim instalacijama. Sa kapilarnom sondom du\u017eine 2 m i priklju\u010dkom M28\u00d71,5, idealna je za prostore gde \u017eelite komfor bez pregrevanja i uz energetsku u\u0161tedu.<\/p>\n<h3 data-start=\"2675\" data-end=\"2705\">Prednosti i karakteristike<\/h3>\n<ul data-start=\"2707\" data-end=\"3532\">\n<li data-start=\"2707\" data-end=\"2865\">\n<p data-start=\"2709\" data-end=\"2865\">Precizna kontrola temperature: idealna za podno grejanje ili radijatorske krugove jer omogu\u0107ava da se temperatura dr\u017ei stabilnom u opsegu od 20-50 \u00b0C.<\/p>\n<\/li>\n<li data-start=\"2866\" data-end=\"2980\">\n<p data-start=\"2868\" data-end=\"2980\">U\u0161teda energije: elimini\u0161e pregrejanje, optimizuje potro\u0161nju jer reaguje na stvarne uslove okoline i poda.<\/p>\n<\/li>\n<li data-start=\"2981\" data-end=\"3135\">\n<p data-start=\"2983\" data-end=\"3135\">Velika fleksibilnost monta\u017ee: dugo kapilarno crevo (2 m) omogu\u0107ava postavljanje senzora tamo gde je temperatura najrelevantnija (npr. blizu poda).<\/p>\n<\/li>\n<li data-start=\"3136\" data-end=\"3245\">\n<p data-start=\"3138\" data-end=\"3245\">Kompatibilnost: koristi standardni Herz navoj M28\u00d71,5, \u0161to zna\u010di da se lako uklapa sa Herz ventilima.<\/p>\n<\/li>\n<li data-start=\"3246\" data-end=\"3369\">\n<p data-start=\"3248\" data-end=\"3369\">Robusna izrada i kvalitet: materijali prilago\u0111eni za rad u grejnom sistemu, za\u0161tita komponenata, poznat brend Herz.<\/p>\n<\/li>\n<li data-start=\"3370\" data-end=\"3532\">\n<p data-start=\"3372\" data-end=\"3532\">Sigurnost i komfor: nema potrebe da intervencije \u010desto menjaju pode\u0161avanje, senzor reaguje automatski, smanjuje mogu\u0107nost neprijatne varijacije temperature.<\/p>\n<\/li>\n<\/ul>\n<p data-start=\"3698\" data-end=\"3956\">Herz termoglava sa nalegaju\u0107im senzorom 20-50 \u00b0C predstavlja pouzdano i efikasno re\u0161enje za regulaciju toplote u sistemima podnog ili radijatorskog grejanja. Ukoliko \u017eelite stabilnu temperaturu, smanjenu potro\u0161nju i ve\u0107u udobnost, ovaj model je odli\u010dan izbor.<\/p>","protected":false},"excerpt":{"rendered":"<p>Herz termoglava sa nalegaju\u0107im senzorom 20-50 \u00b0C predstavlja pouzdano i efikasno re\u0161enje za regulaciju toplote u sistemima podnog ili radijatorskog grejanja. Ukoliko \u017eelite stabilnu temperaturu, smanjenu potro\u0161nju i ve\u0107u udobnost, ovaj model je odli\u010dan izbor.<\/p>","protected":false},"featured_media":16401,"template":"","meta":[],"product_brand":[4301],"product_cat":[4302,4290,4237,4291],"product_tag":[],"class_list":{"0":"post-16400","1":"product","2":"type-product","3":"status-publish","4":"has-post-thumbnail","6":"product_brand-herz","7":"product_cat-herz","8":"product_cat-oprema-za-radijatore","9":"product_cat-radijatori","10":"product_cat-radijatorski-ventili-navijci-i-glave","12":"first","13":"instock","14":"purchasable","15":"product-type-simple"},"_links":{"self":[{"href":"https:\/\/hidroterm.dmcsrbija.com\/ru\/wp-json\/wp\/v2\/product\/16400","targetHints":{"allow":["GET"]}}],"collection":[{"href":"https:\/\/hidroterm.dmcsrbija.com\/ru\/wp-json\/wp\/v2\/product"}],"about":[{"href":"https:\/\/hidroterm.dmcsrbija.com\/ru\/wp-json\/wp\/v2\/types\/product"}],"wp:featuredmedia":[{"embeddable":true,"href":"https:\/\/hidroterm.dmcsrbija.com\/ru\/wp-json\/wp\/v2\/media\/16401"}],"wp:attachment":[{"href":"https:\/\/hidroterm.dmcsrbija.com\/ru\/wp-json\/wp\/v2\/media?parent=16400"}],"wp:term":[{"taxonomy":"product_brand","embeddable":true,"href":"https:\/\/hidroterm.dmcsrbija.com\/ru\/wp-json\/wp\/v2\/product_brand?post=16400"},{"taxonomy":"product_cat","embeddable":true,"href":"https:\/\/hidroterm.dmcsrbija.com\/ru\/wp-json\/wp\/v2\/product_cat?post=16400"},{"taxonomy":"product_tag","embeddable":true,"href":"https:\/\/hidroterm.dmcsrbija.com\/ru\/wp-json\/wp\/v2\/product_tag?post=16400"}],"curies":[{"name":"wp","href":"https:\/\/api.w.org\/{rel}","templated":true}]}}