{"id":16396,"date":"2025-07-15T11:00:21","date_gmt":"2025-07-15T09:00:21","guid":{"rendered":"https:\/\/foxit-technology.com\/proizvod\/radijatorski-termo-set-herz\/"},"modified":"2025-07-15T11:00:23","modified_gmt":"2025-07-15T09:00:23","slug":"radijatorski-termo-set-herz","status":"publish","type":"product","link":"https:\/\/hidroterm.dmcsrbija.com\/ru\/proizvod\/radijatorski-termo-set-herz\/","title":{"rendered":"Radijatorski termo set Herz"},"content":{"rendered":"<p>Herz je austrijski proizvo\u0111a\u010d armature za grejanje koji u svojoj ponudi nudi \u0161irok izbor radijatorskih ventila, navijaka, setova i termoglava.<\/p>","protected":false},"excerpt":{"rendered":"<p>Herz je austrijski proizvo\u0111a\u010d armature za grejanje koji u svojoj ponudi nudi \u0161irok izbor radijatorskih ventila, navijaka, setova i termoglava.<\/p>","protected":false},"featured_media":16397,"template":"","meta":[],"product_brand":[4301],"product_cat":[4302,4290,4237,4291],"product_tag":[],"class_list":{"0":"post-16396","1":"product","2":"type-product","3":"status-publish","4":"has-post-thumbnail","6":"product_brand-herz","7":"product_cat-herz","8":"product_cat-oprema-za-radijatore","9":"product_cat-radijatori","10":"product_cat-radijatorski-ventili-navijci-i-glave","12":"first","13":"instock","14":"purchasable","15":"product-type-simple"},"_links":{"self":[{"href":"https:\/\/hidroterm.dmcsrbija.com\/ru\/wp-json\/wp\/v2\/product\/16396","targetHints":{"allow":["GET"]}}],"collection":[{"href":"https:\/\/hidroterm.dmcsrbija.com\/ru\/wp-json\/wp\/v2\/product"}],"about":[{"href":"https:\/\/hidroterm.dmcsrbija.com\/ru\/wp-json\/wp\/v2\/types\/product"}],"wp:featuredmedia":[{"embeddable":true,"href":"https:\/\/hidroterm.dmcsrbija.com\/ru\/wp-json\/wp\/v2\/media\/16397"}],"wp:attachment":[{"href":"https:\/\/hidroterm.dmcsrbija.com\/ru\/wp-json\/wp\/v2\/media?parent=16396"}],"wp:term":[{"taxonomy":"product_brand","embeddable":true,"href":"https:\/\/hidroterm.dmcsrbija.com\/ru\/wp-json\/wp\/v2\/product_brand?post=16396"},{"taxonomy":"product_cat","embeddable":true,"href":"https:\/\/hidroterm.dmcsrbija.com\/ru\/wp-json\/wp\/v2\/product_cat?post=16396"},{"taxonomy":"product_tag","embeddable":true,"href":"https:\/\/hidroterm.dmcsrbija.com\/ru\/wp-json\/wp\/v2\/product_tag?post=16396"}],"curies":[{"name":"wp","href":"https:\/\/api.w.org\/{rel}","templated":true}]}}