{"id":16390,"date":"2025-07-15T11:00:21","date_gmt":"2025-07-15T09:00:21","guid":{"rendered":"https:\/\/foxit-technology.com\/proizvod\/radijatorski-ventil-herz\/"},"modified":"2025-10-15T13:52:48","modified_gmt":"2025-10-15T11:52:48","slug":"radijatorski-ventil-herz","status":"publish","type":"product","link":"https:\/\/hidroterm.dmcsrbija.com\/ru\/proizvod\/radijatorski-ventil-herz\/","title":{"rendered":"Radijatorski ventil Herz"},"content":{"rendered":"<p data-start=\"1915\" data-end=\"2162\">Herz radijatorski ventili omogu\u0107avaju pouzdanu kontrolu protoka u grejnim telima \u2014 dostupan je kao ru\u010dni ili termostatski ventil, u ravnom ili ugaonom izdanju, izra\u0111en od robusnih materijala, sa mogu\u0107no\u0161\u0107u rada pri visokim temperaturama i pritiscima.<\/p>\n<h3 data-start=\"3180\" data-end=\"3212\">Prednosti i karakteristike<\/h3>\n<ul data-start=\"3214\" data-end=\"3918\">\n<li data-start=\"3214\" data-end=\"3332\">\n<p data-start=\"3216\" data-end=\"3332\">Izdr\u017eljivost: mesingani ventili sa hromiranim ili niklovanim zavr\u0161etkom otporni na koroziju i dugotrajnu upotrebu.<\/p>\n<\/li>\n<li data-start=\"3333\" data-end=\"3426\">\n<p data-start=\"3335\" data-end=\"3426\">Izbor izme\u0111u ravnog i ugaonog oblika, ru\u010dnog ili termostatskog upravljanja.<\/p>\n<\/li>\n<li data-start=\"3427\" data-end=\"3538\">\n<p data-start=\"3429\" data-end=\"3538\">Kompatibilnost: standardni dimenzije i navoj (\u00bd\u2033, M28 \u00d7 1,5) \u010dine ih kompatibilnim ve\u0107inom instalacija.<\/p>\n<\/li>\n<li data-start=\"3539\" data-end=\"3627\">\n<p data-start=\"3541\" data-end=\"3627\">Visoka temperatura i pritisak: mo\u017ee podneti i agresivne uslove rada bez deformacija.<\/p>\n<\/li>\n<li data-start=\"3628\" data-end=\"3786\">\n<p data-start=\"3630\" data-end=\"3786\">Regulacija protoka: predname\u0161tanje \/ by-pass opcije kod odre\u0111enih modela omogu\u0107avaju bolju kontrolu grejanja, u\u0161tede energije i izbalansiran rad sistema.<\/p>\n<\/li>\n<li data-start=\"3787\" data-end=\"3918\">\n<p data-start=\"3789\" data-end=\"3918\">Lagana monta\u017ea i servis: ventili koji se mogu otvarati \/ menjati glava \/ delovi ventila i pod pritiskom, olak\u0161avaju odr\u017eavanje.<\/p>\n<\/li>\n<\/ul>\n<p data-start=\"4067\" data-end=\"4362\">Herz radijatorski ventil spaja kvalitetnu izradu i tehni\u010dku pouzdanost \u2014 idealan je izbor za grejne sisteme gde je potrebna precizna regulacija protoka i trajnost. Bilo da je re\u010d o ru\u010dnom ili termostatskom ventilu, Herz nudi modele koji odgovaraju razli\u010ditim potrebama i instalacijskim uslovima.<\/p>","protected":false},"excerpt":{"rendered":"<p>Herz radijatorski ventil spaja kvalitetnu izradu i tehni\u010dku pouzdanost \u2014 idealan je izbor za grejne sisteme gde je potrebna precizna regulacija protoka i trajnost. Bilo da je re\u010d o ru\u010dnom ili termostatskom ventilu, Herz nudi modele koji odgovaraju razli\u010ditim potrebama i instalacijskim uslovima.<\/p>","protected":false},"featured_media":16391,"template":"","meta":[],"product_brand":[4301],"product_cat":[4302,4290,4237,4291],"product_tag":[],"class_list":{"0":"post-16390","1":"product","2":"type-product","3":"status-publish","4":"has-post-thumbnail","6":"product_brand-herz","7":"product_cat-herz","8":"product_cat-oprema-za-radijatore","9":"product_cat-radijatori","10":"product_cat-radijatorski-ventili-navijci-i-glave","12":"first","13":"instock","14":"purchasable","15":"product-type-simple"},"_links":{"self":[{"href":"https:\/\/hidroterm.dmcsrbija.com\/ru\/wp-json\/wp\/v2\/product\/16390","targetHints":{"allow":["GET"]}}],"collection":[{"href":"https:\/\/hidroterm.dmcsrbija.com\/ru\/wp-json\/wp\/v2\/product"}],"about":[{"href":"https:\/\/hidroterm.dmcsrbija.com\/ru\/wp-json\/wp\/v2\/types\/product"}],"wp:featuredmedia":[{"embeddable":true,"href":"https:\/\/hidroterm.dmcsrbija.com\/ru\/wp-json\/wp\/v2\/media\/16391"}],"wp:attachment":[{"href":"https:\/\/hidroterm.dmcsrbija.com\/ru\/wp-json\/wp\/v2\/media?parent=16390"}],"wp:term":[{"taxonomy":"product_brand","embeddable":true,"href":"https:\/\/hidroterm.dmcsrbija.com\/ru\/wp-json\/wp\/v2\/product_brand?post=16390"},{"taxonomy":"product_cat","embeddable":true,"href":"https:\/\/hidroterm.dmcsrbija.com\/ru\/wp-json\/wp\/v2\/product_cat?post=16390"},{"taxonomy":"product_tag","embeddable":true,"href":"https:\/\/hidroterm.dmcsrbija.com\/ru\/wp-json\/wp\/v2\/product_tag?post=16390"}],"curies":[{"name":"wp","href":"https:\/\/api.w.org\/{rel}","templated":true}]}}