{"id":16388,"date":"2025-07-15T11:00:21","date_gmt":"2025-07-15T09:00:21","guid":{"rendered":"https:\/\/foxit-technology.com\/proizvod\/prestrujni-ventil-3-4-heimeier-hydrolux\/"},"modified":"2025-09-26T15:38:10","modified_gmt":"2025-09-26T13:38:10","slug":"prestrujni-ventil-3-4-heimeier-hydrolux","status":"publish","type":"product","link":"https:\/\/hidroterm.dmcsrbija.com\/ru\/proizvod\/prestrujni-ventil-3-4-heimeier-hydrolux\/","title":{"rendered":"Prestrujni ventil 3\/4 Heimeier Hydrolux"},"content":{"rendered":"<h2 data-start=\"234\" data-end=\"290\"><strong data-start=\"238\" data-end=\"290\">Prestrujni ventil Heimeier\u202fHydrolux 3\/4\u2033\u00a0<\/strong><\/h2>\n<p data-start=\"292\" data-end=\"497\"><strong data-start=\"292\" data-end=\"313\">Heimeier\u202fHydrolux prestrujni ventil<\/strong> je <strong data-start=\"331\" data-end=\"367\">proporcionalni prestrujni ventil<\/strong> (diferencijalni ventil) koji garantuje stabilan protok, \u010dak i pri promenama pritiska, uz visoku preciznost i minimalni nivo buke.<\/p>\n<h3 data-start=\"504\" data-end=\"536\"><strong data-start=\"509\" data-end=\"536\">Tehni\u010dke karakteristike<\/strong><\/h3>\n<ul data-start=\"538\" data-end=\"1471\">\n<li data-start=\"538\" data-end=\"568\">\n<p data-start=\"540\" data-end=\"568\"><strong data-start=\"540\" data-end=\"553\">Veli\u010dina:<\/strong>\u00a0 3\/4\u2033 \u2248 26,44 mm<\/p>\n<\/li>\n<li data-start=\"569\" data-end=\"604\">\n<p data-start=\"571\" data-end=\"604\"><strong data-start=\"571\" data-end=\"593\">Maksimalni protok:<\/strong> 2,0\u202fm\u00b3\/h<\/p>\n<\/li>\n<li data-start=\"605\" data-end=\"652\">\n<p data-start=\"607\" data-end=\"652\"><strong data-start=\"607\" data-end=\"642\">Maks. toplotna snaga:<\/strong> 46,5\u202fkW<\/p>\n<\/li>\n<li data-start=\"653\" data-end=\"738\">\n<p data-start=\"655\" data-end=\"738\"><strong data-start=\"655\" data-end=\"677\">Radna temperatura:<\/strong> od -10\u202f\u00b0C do +120\u202f\u00b0C<\/p>\n<\/li>\n<li data-start=\"739\" data-end=\"813\">\n<p data-start=\"741\" data-end=\"813\"><strong data-start=\"741\" data-end=\"766\">Maks. radni pritisak:<\/strong> 10 bar<\/p>\n<\/li>\n<li data-start=\"739\" data-end=\"813\">\n<p data-start=\"741\" data-end=\"813\"><strong data-start=\"1011\" data-end=\"1033\">Materijal ku\u0107i\u0161ta:<\/strong> Bronzano telo, otporno na koroziju<\/p>\n<\/li>\n<\/ul>\n<hr data-start=\"1473\" data-end=\"1476\" \/>\n<h3 data-start=\"1478\" data-end=\"1494\"><strong data-start=\"1483\" data-end=\"1494\">Primena<\/strong><\/h3>\n<p data-start=\"1496\" data-end=\"1526\">Ventil Hydrolux je idealan za:<\/p>\n<ul data-start=\"1527\" data-end=\"1998\">\n<li data-start=\"1527\" data-end=\"1698\">\n<p data-start=\"1529\" data-end=\"1698\">Balansiranje sistema grejanja i hla\u0111enja sa cirkulacijom \u2014 odr\u017eava stabilan diferencijalni pritisak uprkos promenama opterec\u0301enja<\/p>\n<\/li>\n<li data-start=\"1527\" data-end=\"1698\">\n<p data-start=\"1529\" data-end=\"1698\">Spre\u010davanje buke i preoptere\u0107enja pumpi u sistemima sa promenljivim protokom<\/p>\n<\/li>\n<li data-start=\"1527\" data-end=\"1698\">\n<p data-start=\"1529\" data-end=\"1698\">Povezivanje izme\u0111u pumpe i razdelnika, kod trokrakih me\u0161alica ili vi\u0161ekru\u017enih sistema gde je potrebna precizna kontrola pritiska i protoka<\/p>\n<\/li>\n<\/ul>\n<hr data-start=\"2000\" data-end=\"2003\" \/>\n<h3 data-start=\"2005\" data-end=\"2023\"><strong data-start=\"2010\" data-end=\"2023\">Prednosti<\/strong><\/h3>\n<ul data-start=\"2025\" data-end=\"2679\">\n<li data-start=\"2025\" data-end=\"2134\">\n<p data-start=\"2027\" data-end=\"2134\"><strong data-start=\"2027\" data-end=\"2054\">Proporcionalna kontrola<\/strong><\/p>\n<\/li>\n<li data-start=\"2135\" data-end=\"2275\">\n<p data-start=\"2137\" data-end=\"2275\"><strong data-start=\"2137\" data-end=\"2155\">Tiha operacija<\/strong><\/p>\n<\/li>\n<li data-start=\"2276\" data-end=\"2419\">\n<p data-start=\"2278\" data-end=\"2419\"><strong data-start=\"2278\" data-end=\"2302\">Precizno pode\u0161avanje<\/strong><\/p>\n<\/li>\n<li data-start=\"2420\" data-end=\"2553\">\n<p data-start=\"2422\" data-end=\"2553\"><strong data-start=\"2422\" data-end=\"2443\">Robusna izgradnja<\/strong>: visokokvalitetni materijali za dugotrajnu i pouzdanu eksploataciju<\/p>\n<\/li>\n<li data-start=\"2554\" data-end=\"2679\">\n<p data-start=\"2556\" data-end=\"2679\"><strong data-start=\"2556\" data-end=\"2596\">Smanjuje buku i nestabilnost protoka<\/strong> u sistemima s promenljivim uslovima rada<\/p>\n<\/li>\n<\/ul>","protected":false},"excerpt":{"rendered":"<p>Prestrujni ventil Heimeier\u202fHydrolux 3\/4\u2033\u00a0 Heimeier\u202fHydrolux prestrujni ventil je proporcionalni prestrujni ventil (diferencijalni ventil) koji garantuje stabilan protok, \u010dak i pri promenama pritiska, uz visoku preciznost i minimalni nivo buke. Tehni\u010dke karakteristike Veli\u010dina:\u00a0 3\/4\u2033 \u2248 26,44 mm Maksimalni protok: 2,0\u202fm\u00b3\/h Maks. toplotna snaga: 46,5\u202fkW Radna temperatura: od -10\u202f\u00b0C do +120\u202f\u00b0C Maks. radni pritisak: 10 bar Materijal [&hellip;]<\/p>\n","protected":false},"featured_media":16389,"template":"","meta":[],"product_brand":[4295],"product_cat":[4299,4484],"product_tag":[],"class_list":{"0":"post-16388","1":"product","2":"type-product","3":"status-publish","4":"has-post-thumbnail","6":"product_brand-heimeier","7":"product_cat-armatura","8":"product_cat-heimeier-armatura","10":"first","11":"instock","12":"purchasable","13":"product-type-simple"},"_links":{"self":[{"href":"https:\/\/hidroterm.dmcsrbija.com\/ru\/wp-json\/wp\/v2\/product\/16388","targetHints":{"allow":["GET"]}}],"collection":[{"href":"https:\/\/hidroterm.dmcsrbija.com\/ru\/wp-json\/wp\/v2\/product"}],"about":[{"href":"https:\/\/hidroterm.dmcsrbija.com\/ru\/wp-json\/wp\/v2\/types\/product"}],"wp:featuredmedia":[{"embeddable":true,"href":"https:\/\/hidroterm.dmcsrbija.com\/ru\/wp-json\/wp\/v2\/media\/16389"}],"wp:attachment":[{"href":"https:\/\/hidroterm.dmcsrbija.com\/ru\/wp-json\/wp\/v2\/media?parent=16388"}],"wp:term":[{"taxonomy":"product_brand","embeddable":true,"href":"https:\/\/hidroterm.dmcsrbija.com\/ru\/wp-json\/wp\/v2\/product_brand?post=16388"},{"taxonomy":"product_cat","embeddable":true,"href":"https:\/\/hidroterm.dmcsrbija.com\/ru\/wp-json\/wp\/v2\/product_cat?post=16388"},{"taxonomy":"product_tag","embeddable":true,"href":"https:\/\/hidroterm.dmcsrbija.com\/ru\/wp-json\/wp\/v2\/product_tag?post=16388"}],"curies":[{"name":"wp","href":"https:\/\/api.w.org\/{rel}","templated":true}]}}